{"id":73,"date":"2019-09-16T06:52:56","date_gmt":"2019-09-16T04:52:56","guid":{"rendered":"https:\/\/jonas.identy.no\/norge\/?page_id=73"},"modified":"2020-03-11T01:17:44","modified_gmt":"2020-03-11T00:17:44","slug":"forside","status":"publish","type":"page","link":"https:\/\/jonas-b.no\/norge\/","title":{"rendered":"Forside"},"content":{"rendered":"<section class=\"wpb-content-wrapper\"><p>[vc_section full_width=&raquo;stretch_row&raquo; css=&raquo;.vc_custom_1569899203351{margin-top: 0px !important;margin-bottom: 0px !important;padding-top: 80px !important;padding-bottom: 90px !important;background-image: url(https:\/\/jonas-b.no\/norge\/wp-content\/uploads\/sites\/3\/2019\/10\/JonasB-heading.jpg?id=605) !important;background-position: center !important;background-repeat: no-repeat !important;background-size: cover !important;}&raquo;][vc_row][vc_column][vc_column_text el_class=&raquo;header_title&raquo;]<\/p>\n<h1 style=\"text-align: center;\">JONAS B.<\/h1>\n<h3 style=\"text-align: center;\">BRA\u00a0 BEDRE\u00a0 BEST<\/h3>\n<p>[\/vc_column_text][\/vc_column][\/vc_row][\/vc_section][vc_section css=&raquo;.vc_custom_1561483648914{margin-bottom: 0px !important;}&raquo;][vc_row][vc_column][vc_custom_heading text=&raquo;Jonas B. er en Italian Diner med god mat og drikke p\u00e5 ulike steder i S\u00f8r-Norge&raquo; font_container=&raquo;tag:h2|text_align:center&raquo; use_theme_fonts=&raquo;yes&raquo;][\/vc_column][\/vc_row][vc_row gap=&raquo;35&#8243; equal_height=&raquo;yes&raquo; css=&raquo;.vc_custom_1569860592324{margin-right: 0px !important;margin-bottom: 0px !important;margin-left: 0px !important;padding-top: 0px !important;padding-right: 0px !important;padding-bottom: 0px !important;padding-left: 0px !important;}&raquo;][vc_column width=&raquo;2\/3&#8243; css=&raquo;.vc_custom_1561484833907{margin-bottom: 0px !important;padding-top: 0px !important;padding-right: 0px !important;padding-bottom: 0px !important;padding-left: 0px !important;}&raquo;][vc_single_image image=&raquo;607&#8243; img_size=&raquo;medium&raquo; alignment=&raquo;center&raquo; css=&raquo;.vc_custom_1569899282124{margin-top: 0px !important;margin-right: 0px !important;margin-bottom: 0px !important;margin-left: 0px !important;padding-top: 0px !important;padding-right: 0px !important;padding-bottom: 0px !important;padding-left: 0px !important;}&raquo;][\/vc_column][vc_column width=&raquo;1\/3&#8243; css=&raquo;.vc_custom_1569841463150{margin-bottom: 0px !important;padding-top: 35px !important;padding-right: 35px !important;padding-bottom: 35px !important;padding-left: 35px !important;background-color: #ffffff !important;}&raquo;][vc_custom_heading text=&raquo;Velkommen inn!&raquo; font_container=&raquo;tag:h3|text_align:left&raquo; use_theme_fonts=&raquo;yes&raquo;][vc_column_text]Jonas B. Gundersen \u00e5pnet d\u00f8rene for f\u00f8rste gang i 1990. Med klokketro p\u00e5 at italienske og amerikanske retter kombinert med god musikk og litt utradisjonelle omgivelser kunne v\u00e6re noe \u00e5 tilby oss nordmenn.<\/p>\n<p>Og det stemte. N\u00e5 \u2013 mange \u00e5r senere, er menyen blitt utvidet og vi sier heller bare Jonas B. Atmosf\u00e6ren og stemningen er altfor uformell og trivelig til \u00e5 bruke etternavn.[\/vc_column_text][\/vc_column][\/vc_row][vc_row gap=&raquo;35&#8243; equal_height=&raquo;yes&raquo; css=&raquo;.vc_custom_1569860602880{margin-right: 0px !important;margin-bottom: 0px !important;margin-left: 0px !important;padding-top: 0px !important;padding-right: 0px !important;padding-bottom: 0px !important;padding-left: 0px !important;}&raquo;][vc_column width=&raquo;1\/3&#8243; css=&raquo;.vc_custom_1568611020438{margin-bottom: 0px !important;padding-top: 35px !important;padding-right: 35px !important;padding-bottom: 35px !important;padding-left: 35px !important;background-color: #ffffff !important;}&raquo;][vc_custom_heading text=&raquo;Bra Bedre Best&raquo; font_container=&raquo;tag:h3|text_align:left&raquo; use_theme_fonts=&raquo;yes&raquo;][vc_column_text]Jonas B. er ekte matglede og spennende pizza-, pasta- og andre fristende retter<br \/>\nmed f\u00f8rsteklasses r\u00e5varer, i et uformelt milj\u00f8 med god musikk og profesjonell betjening.[\/vc_column_text][\/vc_column][vc_column width=&raquo;2\/3&#8243; css=&raquo;.vc_custom_1561484156780{margin-bottom: 0px !important;padding-top: 0px !important;padding-right: 0px !important;padding-bottom: 0px !important;padding-left: 0px !important;}&raquo;][vc_single_image image=&raquo;608&#8243; img_size=&raquo;medium&raquo; alignment=&raquo;center&raquo; css=&raquo;.vc_custom_1569900080667{margin-top: 0px !important;margin-right: 0px !important;margin-bottom: 0px !important;margin-left: 0px !important;padding-top: 0px !important;padding-right: 0px !important;padding-bottom: 0px !important;padding-left: 0px !important;}&raquo;][\/vc_column][\/vc_row][\/vc_section]<\/p>\n<\/section>","protected":false},"excerpt":{"rendered":"<p>[vc_section full_width=&raquo;stretch_row&raquo; css=&raquo;.vc_custom_1569899203351{margin-top: 0px !important;margin-bottom: 0px !important;padding-top: 80px !important;padding-bottom: 90px !important;background-image: url(https:\/\/jonas-b.no\/norge\/wp-content\/uploads\/sites\/3\/2019\/10\/JonasB-heading.jpg?id=605) !important;background-position: center !important;background-repeat: no-repeat !important;background-size: cover !important;}&raquo;][vc_row][vc_column][vc_column_text el_class=&raquo;header_title&raquo;] JONAS B. BRA\u00a0 BEDRE\u00a0 BEST [\/vc_column_text][\/vc_column][\/vc_row][\/vc_section][vc_section<span class=\"excerpt-hellip\"> [\u2026]<\/span><\/p>\n","protected":false},"author":1,"featured_media":0,"parent":0,"menu_order":0,"comment_status":"closed","ping_status":"closed","template":"","meta":{"footnotes":""},"_links":{"self":[{"href":"https:\/\/jonas-b.no\/norge\/wp-json\/wp\/v2\/pages\/73"}],"collection":[{"href":"https:\/\/jonas-b.no\/norge\/wp-json\/wp\/v2\/pages"}],"about":[{"href":"https:\/\/jonas-b.no\/norge\/wp-json\/wp\/v2\/types\/page"}],"author":[{"embeddable":true,"href":"https:\/\/jonas-b.no\/norge\/wp-json\/wp\/v2\/users\/1"}],"replies":[{"embeddable":true,"href":"https:\/\/jonas-b.no\/norge\/wp-json\/wp\/v2\/comments?post=73"}],"version-history":[{"count":39,"href":"https:\/\/jonas-b.no\/norge\/wp-json\/wp\/v2\/pages\/73\/revisions"}],"predecessor-version":[{"id":680,"href":"https:\/\/jonas-b.no\/norge\/wp-json\/wp\/v2\/pages\/73\/revisions\/680"}],"wp:attachment":[{"href":"https:\/\/jonas-b.no\/norge\/wp-json\/wp\/v2\/media?parent=73"}],"curies":[{"name":"wp","href":"https:\/\/api.w.org\/{rel}","templated":true}]}}