{"id":52,"date":"2019-09-06T11:34:08","date_gmt":"2019-09-06T09:34:08","guid":{"rendered":"https:\/\/jonas.identy.no\/norge\/?page_id=52"},"modified":"2019-10-03T15:01:47","modified_gmt":"2019-10-03T13:01:47","slug":"lisenstaker","status":"publish","type":"page","link":"https:\/\/jonas-b.no\/norge\/lisenstaker\/","title":{"rendered":"Bli lisenstaker"},"content":{"rendered":"<section class=\"wpb-content-wrapper\"><p>[vc_section][vc_row][vc_column][vc_custom_heading text=&raquo;Bli lisenstaker&raquo; font_container=&raquo;tag:h1|text_align:center&raquo; use_theme_fonts=&raquo;yes&raquo;][\/vc_column][\/vc_row][vc_row css=&raquo;.vc_custom_1569860841128{margin-right: 0px !important;margin-bottom: 0px !important;margin-left: 0px !important;padding-top: 0px !important;padding-right: 0px !important;padding-bottom: 0px !important;padding-left: 0px !important;}&raquo;][vc_column][vc_single_image image=&raquo;610&#8243; img_size=&raquo;full&raquo; alignment=&raquo;center&raquo; css=&raquo;.vc_custom_1569900347041{border-bottom-width: 0px !important;padding-bottom: 0px !important;}&raquo;][vc_column_text css=&raquo;.vc_custom_1570107697597{padding-top: 35px !important;padding-right: 35px !important;padding-bottom: 35px !important;padding-left: 35px !important;background-color: #ffffff !important;}&raquo;]<\/p>\n<h2 style=\"text-align: center;\">Er du den neste Jonas B.?<\/h2>\n<p>Dette er en invitasjon til deg som g\u00e5r med en dr\u00f8m om \u00e5 drive din egen restaurant. Ikke en s\u00e5nn som vi alle har v\u00e6rt p\u00e5 mange ganger, men en litt utenom det vanlige. Det skal v\u00e6re uformelt, men kvaliteten p\u00e5 alt som serveres og de som serverer skal v\u00e6re h\u00f8y. Et sted der folk trives s\u00e5 godt at de kommer igjen og igjen \u2013 ogs\u00e5 utenom de store venne- eller familiemiddagene.<\/p>\n<p>Selv trives du i lokalmilj\u00f8et ditt og har ingen planer \u00e5 flytte. Kanskje har du bodd der en stund og er rimelig kjent med forholdene rundt deg.<\/p>\n<p>Hvis du har nikket noen ganger s\u00e5 langt, vil vi gjerne snakke med deg. For Jonas B. Gundersen er et slikt sted. Og kanskje det beste \u2013 det er et fiks ferdig konsept som har vist seg \u00e5 v\u00e6re sv\u00e6rt s\u00e5 levedyktig i alle de fem norske byene det finnes i dag.<\/p>\n<p>Menyen er gjennompr\u00f8vd og godkjent av innbyggerne i alle de fem byene. Interi\u00f8ret og den uformelle stemningen inviterer til en litt tilbakelent samling rundt bordet, og musikken, mest jazz, har vist seg \u00e5 falle i smak \u2013 uansett hva gjestene ellers h\u00f8rer p\u00e5.<\/p>\n<p>Men vi skal ikke stikke under en stol at det er hardt arbeid. Konseptet er velpr\u00f8vd, men ikke selvg\u00e5ende. Av erfaring vet vi noe om hvem som lykkes med en Jonas B. Gundersen restaurant:<\/p>\n<p>\u2022 Du er kvinne eller mann med kremmersjel<br \/>\n\u2022 Du har evnen til \u00e5 lede og motivere folk rundt deg.<br \/>\n\u2022 Du vil bidra til de lokale kulturliv \u2013 b\u00e5de i og utenfor restauranten.<br \/>\n\u2022 Du ser med glede p\u00e5 nye utfordringer.<br \/>\n\u2022 Du er modig og tror p\u00e5 egne evner.<br \/>\n\u2022 Du har et hode fullt av ideer og evner \u00e5 realisere dem.<\/p>\n<p>Nikker du fortsatt? Da er det p\u00e5 tide at vi tar en prat. Ta kontakt med Tore Gjesteland p\u00e5 telefon <a href=\"tel:906 88 993\">906 88 993<\/a> eller\u00a0<a href=\"mailto:tore@jonas-b.no\">tore@jonas-b.no<\/a>[\/vc_column_text][\/vc_column][\/vc_row][\/vc_section]<\/p>\n<\/section>","protected":false},"excerpt":{"rendered":"<p>[vc_section][vc_row][vc_column][vc_custom_heading text=&raquo;Bli lisenstaker&raquo; font_container=&raquo;tag:h1|text_align:center&raquo; use_theme_fonts=&raquo;yes&raquo;][\/vc_column][\/vc_row][vc_row css=&raquo;.vc_custom_1569860841128{margin-right: 0px !important;margin-bottom: 0px !important;margin-left: 0px !important;padding-top: 0px !important;padding-right: 0px !important;padding-bottom: 0px !important;padding-left: 0px !important;}&raquo;][vc_column][vc_single_image image=&raquo;610&#8243; img_size=&raquo;full&raquo; alignment=&raquo;center&raquo; css=&raquo;.vc_custom_1569900347041{border-bottom-width: 0px !important;padding-bottom:<span class=\"excerpt-hellip\"> [\u2026]<\/span><\/p>\n","protected":false},"author":1,"featured_media":0,"parent":0,"menu_order":0,"comment_status":"closed","ping_status":"closed","template":"","meta":{"footnotes":""},"_links":{"self":[{"href":"https:\/\/jonas-b.no\/norge\/wp-json\/wp\/v2\/pages\/52"}],"collection":[{"href":"https:\/\/jonas-b.no\/norge\/wp-json\/wp\/v2\/pages"}],"about":[{"href":"https:\/\/jonas-b.no\/norge\/wp-json\/wp\/v2\/types\/page"}],"author":[{"embeddable":true,"href":"https:\/\/jonas-b.no\/norge\/wp-json\/wp\/v2\/users\/1"}],"replies":[{"embeddable":true,"href":"https:\/\/jonas-b.no\/norge\/wp-json\/wp\/v2\/comments?post=52"}],"version-history":[{"count":17,"href":"https:\/\/jonas-b.no\/norge\/wp-json\/wp\/v2\/pages\/52\/revisions"}],"predecessor-version":[{"id":670,"href":"https:\/\/jonas-b.no\/norge\/wp-json\/wp\/v2\/pages\/52\/revisions\/670"}],"wp:attachment":[{"href":"https:\/\/jonas-b.no\/norge\/wp-json\/wp\/v2\/media?parent=52"}],"curies":[{"name":"wp","href":"https:\/\/api.w.org\/{rel}","templated":true}]}}