{"id":90,"date":"2019-09-16T08:06:04","date_gmt":"2019-09-16T06:06:04","guid":{"rendered":"https:\/\/jonas.identy.no\/lyngdal\/?page_id=90"},"modified":"2022-08-31T10:49:09","modified_gmt":"2022-08-31T08:49:09","slug":"ledige-stillinger","status":"publish","type":"page","link":"https:\/\/jonas-b.no\/lyngdal\/ledige-stillinger\/","title":{"rendered":"Ledige stillinger"},"content":{"rendered":"<section class=\"wpb-content-wrapper\"><p>[vc_section][vc_row][vc_column][vc_custom_heading text=&raquo;Ledige stillinger&raquo; font_container=&raquo;tag:h1|text_align:center&raquo; use_theme_fonts=&raquo;yes&raquo;][\/vc_column][\/vc_row][vc_row css=&raquo;.vc_custom_1569860948325{margin-right: 0px !important;margin-bottom: 0px !important;margin-left: 0px !important;padding-top: 0px !important;padding-right: 0px !important;padding-bottom: 0px !important;padding-left: 0px !important;}&raquo;][vc_column][vc_single_image image=&raquo;681&#8243; img_size=&raquo;large&raquo; alignment=&raquo;center&raquo; css=&raquo;.vc_custom_1661935627748{border-bottom-width: 0px !important;padding-bottom: 0px !important;}&raquo;][vc_column_text css=&raquo;.vc_custom_1661935174044{padding-top: 35px !important;padding-right: 35px !important;padding-bottom: 35px !important;padding-left: 35px !important;background-color: #ffffff !important;}&raquo;]<\/p>\n<h2 style=\"text-align: center\">Har du lyst til \u00e5 jobbe hos oss?<\/h2>\n<p>Hos Jonas B. er det alltid plass til deg som kan bidra til den rette stemningen. Som servit\u00f8ren som s\u00f8rger for at gjestene har det bra, som kokken som strekker seg litt for at maten skal bil ekstra god, eller deg som holder i tr\u00e5dene og bidrar til at b\u00e5de gjester og kolleger har det godt.<\/p>\n<p>N\u00e5r vi har konkrete ledige stillinger, finner du en n\u00e6rmere beskrivelse under p\u00e5 siden her. Men hvis vi ikke har noe som passer deg akkurat n\u00e5, s\u00e5 send oss gjerne noen ord likevel \u2013 helst med en CV, og fortell oss litt om deg selv. Da tar vi kontakt s\u00e5 fort det dukker opp en ledig plass hos oss.<\/p>\n<p>Send til: <a href=\"mailto:beth@jonas-b.no\">beth@jonas-b.no<\/a>[\/vc_column_text][vc_column_text css=&raquo;.vc_custom_1661935315619{padding-top: 35px !important;padding-right: 35px !important;padding-bottom: 35px !important;padding-left: 35px !important;background-color: #ffffff !important;}&raquo;]<\/p>\n<h3>STILLING LEDIG: SERVIT\u00d8R<\/h3>\n<p>To pizza med drikke til bord 14 p\u00e5 under 11 blank?<br \/>\nDu som kan servere maten varm og drikken kald, og gjerne med et smil p\u00e5 lur \u2013 velkommen til oss!<br \/>\nVi s\u00f8ker servit\u00f8rer b\u00e5de til sommerhjelp og fast deltid.<\/p>\n<p>Ta kontakt med Beth p\u00e5 <a href=\"mailto:beth@jonas-b.no\">beth@jonas-b.no<\/a><br \/>\nMen fort deg![\/vc_column_text][\/vc_column][\/vc_row][\/vc_section][vc_row][vc_column][vc_column_text css=&raquo;.vc_custom_1661935307155{padding-top: 35px !important;padding-right: 35px !important;padding-bottom: 35px !important;padding-left: 35px !important;background-color: #ffffff !important;}&raquo;]<\/p>\n<h3>LEDIG STILLING: KOKK<\/h3>\n<p>Vi trenger flinke folk p\u00e5 kj\u00f8kkenet! Du skal f\u00e5 lage spennende mat av f\u00f8rsteklasses r\u00e5varer og jobbe med andre som er glad i god mat! Enten kan du mye, eller s\u00e5 er du sulten p\u00e5 \u00e5 l\u00e6re mer.<\/p>\n<p>Ta kontakt med Beth p\u00e5\u00a0<a href=\"mailto:beth@jonas-b.no\">beth@jonas-b.no<\/a>[\/vc_column_text][\/vc_column][\/vc_row][vc_row disable_element=&raquo;yes&raquo;][vc_column][vc_column_text css=&raquo;.vc_custom_1661935357610{padding-top: 35px !important;padding-right: 35px !important;padding-bottom: 35px !important;padding-left: 35px !important;background-color: #ffffff !important;}&raquo;]<\/p>\n<h3>SOMMER 2022<\/h3>\n<p>Sommeren n\u00e6rmer seg og vi er p\u00e5 jakt etter sommerhjelper.<\/p>\n<p>Vi p\u00e5 Jonas B. Lyngdal leter etter deg som er serviceinnstilt, har st\u00e5-p\u00e5 vilje og trives i hektisk tempo!<\/p>\n<p>&nbsp;<\/p>\n<p>Arbeidsoppgavene best\u00e5r av \u00e5 skape meningsfulle opplevelser for v\u00e5re gjester, matlaging, oppvask og hjelp til \u00e5 holde restauranten ryddig.<\/p>\n<p>Sprer du glede, positiv energi og vil v\u00e6re en del av et supert team? Da er jobben hos oss perfekt for DEG.<\/p>\n<p>Arbeidsdagene er hektiske, spennende og ulike. Vi er p\u00e5 utkikk etter folk som \u00f8nsker \u00e5 tilbringe sommeren i Lyngdal og oppleve det idylliske S\u00f8rlandet.<\/p>\n<p>Send en kort s\u00f8knad til <a href=\"mailto:beth@jonas-b.no\">beth@jonas-b.no<\/a>, s\u00e5 ser vi frem til \u00e5 h\u00f8re fra deg. Vi gleder oss til \u00e5 f\u00e5 deg med p\u00e5 teamet hos Jonas B. Lyngdal.[\/vc_column_text][\/vc_column][\/vc_row]<\/p>\n<\/section>","protected":false},"excerpt":{"rendered":"<p>[vc_section][vc_row][vc_column][vc_custom_heading text=&raquo;Ledige stillinger&raquo; font_container=&raquo;tag:h1|text_align:center&raquo; use_theme_fonts=&raquo;yes&raquo;][\/vc_column][\/vc_row][vc_row css=&raquo;.vc_custom_1569860948325{margin-right: 0px !important;margin-bottom: 0px !important;margin-left: 0px !important;padding-top: 0px !important;padding-right: 0px !important;padding-bottom: 0px !important;padding-left: 0px !important;}&raquo;][vc_column][vc_single_image image=&raquo;681&#8243; img_size=&raquo;large&raquo; alignment=&raquo;center&raquo; css=&raquo;.vc_custom_1661935627748{border-bottom-width: 0px !important;padding-bottom:<span class=\"excerpt-hellip\"> [\u2026]<\/span><\/p>\n","protected":false},"author":1,"featured_media":0,"parent":0,"menu_order":0,"comment_status":"closed","ping_status":"closed","template":"","meta":{"footnotes":""},"_links":{"self":[{"href":"https:\/\/jonas-b.no\/lyngdal\/wp-json\/wp\/v2\/pages\/90"}],"collection":[{"href":"https:\/\/jonas-b.no\/lyngdal\/wp-json\/wp\/v2\/pages"}],"about":[{"href":"https:\/\/jonas-b.no\/lyngdal\/wp-json\/wp\/v2\/types\/page"}],"author":[{"embeddable":true,"href":"https:\/\/jonas-b.no\/lyngdal\/wp-json\/wp\/v2\/users\/1"}],"replies":[{"embeddable":true,"href":"https:\/\/jonas-b.no\/lyngdal\/wp-json\/wp\/v2\/comments?post=90"}],"version-history":[{"count":15,"href":"https:\/\/jonas-b.no\/lyngdal\/wp-json\/wp\/v2\/pages\/90\/revisions"}],"predecessor-version":[{"id":1088,"href":"https:\/\/jonas-b.no\/lyngdal\/wp-json\/wp\/v2\/pages\/90\/revisions\/1088"}],"wp:attachment":[{"href":"https:\/\/jonas-b.no\/lyngdal\/wp-json\/wp\/v2\/media?parent=90"}],"curies":[{"name":"wp","href":"https:\/\/api.w.org\/{rel}","templated":true}]}}