{"id":852,"date":"2020-03-13T20:46:58","date_gmt":"2020-03-13T19:46:58","guid":{"rendered":"https:\/\/jonas-b.no\/lyngdal\/?page_id=852"},"modified":"2020-03-23T10:33:01","modified_gmt":"2020-03-23T09:33:01","slug":"korona-tiltak","status":"publish","type":"page","link":"https:\/\/jonas-b.no\/lyngdal\/korona-tiltak\/","title":{"rendered":"Korona-tiltak"},"content":{"rendered":"<section class=\"wpb-content-wrapper\"><p>[vc_row][vc_column][vc_empty_space height=&raquo;15px&raquo;][vc_column_text]<\/p>\n<p style=\"text-align: center\"><span style=\"font-size: 18pt;color: #ffffff\">Kj\u00e6re godtfolk!<\/span><\/p>\n<p style=\"text-align: center\"><span style=\"font-size: 18pt;color: #ffffff\">P\u00e5 grunn av den siste tidens hendelser ser vi oss dessverre n\u00f8dt til \u00e5 stenge serveringen p\u00e5 ubestemt tid.<\/span><\/p>\n<p style=\"text-align: center\"><span style=\"font-size: 18pt;color: #ffffff\"><br \/>\nVi h\u00e5per alle tar r\u00e5dene fra myndighetene p\u00e5 alvor, slik at vi blir kvitt viruset s\u00e5 fort som mulig, og snart kan \u00e5pne d\u00f8rene igjen for sultne kristiansandere. Mer informasjon kommer s\u00e5 snart situasjonen endrer seg.<\/span><\/p>\n<p style=\"text-align: center\"><span style=\"font-size: 18pt;color: #ffffff\">Ta godt vare p\u00e5 hverandre s\u00e5 lenge!<\/span><\/p>\n<div class=\"text_exposed_show\">\n<p style=\"text-align: center\"><span style=\"font-size: 18pt;color: #ffffff\">Hilsen gjengen p\u00e5 Jonas B.<\/span><\/p>\n<\/div>\n<p>[\/vc_column_text][\/vc_column][\/vc_row][vc_section disable_element=&raquo;yes&raquo; css=&raquo;.vc_custom_1584955604581{background-color: #3c3c3b !important;}&raquo;][vc_row disable_element=&raquo;yes&raquo;][vc_column][vc_column_text]<\/p>\n<h2 style=\"text-align: center\">DISSE TILTAKENE ER INNF\u00d8RT I RESTAURANTEN:<\/h2>\n<p>[\/vc_column_text][\/vc_column][\/vc_row][vc_row disable_element=&raquo;yes&raquo;][vc_column width=&raquo;1\/2&#8243;][vc_column_text]<\/p>\n<ul>\n<li><span style=\"color: #ffffff\">Restauranten har under 70 sitteplasser og tiltak er iverksatt for \u00e5 kunne ha en meter mellom gjestene.<\/span><\/li>\n<li><span style=\"color: #ffffff\">Vi har stasjoner med antibac plassert i alle toalettfasilitetene, og i gjesteomr\u00e5det p\u00e5 restauranten. I tillegg for alle ansatte iht. internkontroll.<\/span><\/li>\n<\/ul>\n<p>[\/vc_column_text][\/vc_column][vc_column width=&raquo;1\/2&#8243;][vc_column_text]<\/p>\n<ul>\n<li><span style=\"color: #ffffff\">Ekstra hyppig renhold p\u00e5 alle felles kontaktflater, som d\u00f8rh\u00e5ndtak og andre ber\u00f8ringsflater i restauranten.<\/span><\/li>\n<li><span style=\"color: #ffffff\">V\u00e5rt kj\u00f8kken tar alle forholdsregler n\u00e5r det gjelder mat og mat-trygghet.<\/span><\/li>\n<li><span style=\"color: #ffffff\">Vi tar kun betaling med kort pga. fare for overf\u00f8rsel av smitte ved bruk av kontanter.<\/span><\/li>\n<\/ul>\n<p>[\/vc_column_text][\/vc_column][\/vc_row][\/vc_section][vc_row disable_element=&raquo;yes&raquo;][vc_column][vc_empty_space height=&raquo;15px&raquo;][vc_column_text]<\/p>\n<p style=\"text-align: center\"><span style=\"font-size: 18pt;color: #ffffff\">Tross alt dette gleder vi oss over \u00e5 holde \u00e5pent, og for de av dere som ikke \u00f8nsker \u00e5 bes\u00f8ke restauranten tilbyr vi n\u00e5 10 % rabatt p\u00e5 all take away pizza som bestilles gjennom appen v\u00e5r.<\/span><\/p>\n<p style=\"text-align: center\"><strong><span style=\"font-size: 18pt;color: #c1a160\"><a style=\"color: #c1a160\" href=\"https:\/\/jonas-b.no\/lyngdal\/takeaway\/\">Last ned appen her!<\/a>\u00a0<\/span><\/strong><\/p>\n<p>[\/vc_column_text][\/vc_column][\/vc_row]<\/p>\n<\/section>","protected":false},"excerpt":{"rendered":"<p>[vc_row][vc_column][vc_empty_space height=&raquo;15px&raquo;][vc_column_text] Kj\u00e6re godtfolk! P\u00e5 grunn av den siste tidens hendelser ser vi oss dessverre n\u00f8dt til \u00e5 stenge serveringen p\u00e5 ubestemt tid. Vi h\u00e5per alle<span class=\"excerpt-hellip\"> [\u2026]<\/span><\/p>\n","protected":false},"author":1,"featured_media":0,"parent":0,"menu_order":0,"comment_status":"closed","ping_status":"closed","template":"","meta":{"footnotes":""},"_links":{"self":[{"href":"https:\/\/jonas-b.no\/lyngdal\/wp-json\/wp\/v2\/pages\/852"}],"collection":[{"href":"https:\/\/jonas-b.no\/lyngdal\/wp-json\/wp\/v2\/pages"}],"about":[{"href":"https:\/\/jonas-b.no\/lyngdal\/wp-json\/wp\/v2\/types\/page"}],"author":[{"embeddable":true,"href":"https:\/\/jonas-b.no\/lyngdal\/wp-json\/wp\/v2\/users\/1"}],"replies":[{"embeddable":true,"href":"https:\/\/jonas-b.no\/lyngdal\/wp-json\/wp\/v2\/comments?post=852"}],"version-history":[{"count":26,"href":"https:\/\/jonas-b.no\/lyngdal\/wp-json\/wp\/v2\/pages\/852\/revisions"}],"predecessor-version":[{"id":893,"href":"https:\/\/jonas-b.no\/lyngdal\/wp-json\/wp\/v2\/pages\/852\/revisions\/893"}],"wp:attachment":[{"href":"https:\/\/jonas-b.no\/lyngdal\/wp-json\/wp\/v2\/media?parent=852"}],"curies":[{"name":"wp","href":"https:\/\/api.w.org\/{rel}","templated":true}]}}