{"id":73,"date":"2019-09-16T06:52:56","date_gmt":"2019-09-16T04:52:56","guid":{"rendered":"https:\/\/jonas.identy.no\/lyngdal\/?page_id=73"},"modified":"2025-09-02T11:14:27","modified_gmt":"2025-09-02T09:14:27","slug":"forside","status":"publish","type":"page","link":"https:\/\/jonas-b.no\/lyngdal\/","title":{"rendered":"Forside"},"content":{"rendered":"<section class=\"wpb-content-wrapper\"><p>[vc_section full_width=&raquo;stretch_row&raquo; full_height=&raquo;yes&raquo; content_placement=&raquo;middle&raquo; css=&raquo;.vc_custom_1642058842933{margin-top: 0px !important;margin-bottom: 0px !important;background-image: url(https:\/\/jonas-b.no\/lyngdal\/wp-content\/uploads\/sites\/6\/2020\/03\/JonasB-heading.jpg?id=868) !important;background-position: center !important;background-repeat: no-repeat !important;background-size: cover !important;}&raquo;][vc_row gap=&raquo;2&#8243; content_placement=&raquo;middle&raquo;][vc_column][vc_btn title=&raquo;BESTILL TAKE-AWAY&raquo; style=&raquo;custom&raquo; custom_background=&raquo;#c1a160&#8243; custom_text=&raquo;#0a0a0a&raquo; align=&raquo;center&raquo; link=&raquo;url:https%3A%2F%2Fjbg.e-susoft.com%2Fproducts%2F|title:Bestill%20Bord&raquo;][vc_btn title=&raquo;BESTILL BORD&raquo; style=&raquo;custom&raquo; custom_background=&raquo;#c1a160&#8243; custom_text=&raquo;#0a0a0a&raquo; align=&raquo;center&raquo; link=&raquo;url:https%3A%2F%2Fjonas-b.no%2Flyngdal%2Fbestill-bord%2F|title:Bestill%20Bord&raquo;][vc_btn title=&raquo;MENY&raquo; style=&raquo;custom&raquo; custom_background=&raquo;#c1a160&#8243; custom_text=&raquo;#0a0a0a&raquo; align=&raquo;center&raquo; link=&raquo;url:https%3A%2F%2Fjonas-b.no%2Flyngdal%2Fwp-content%2Fuploads%2Fsites%2F6%2F2025%2F07%2Fmeny_270625_JonasB_Lyng_260x420mm.pdf|title:Meny&raquo;][\/vc_column][\/vc_row][\/vc_section][vc_section css=&raquo;.vc_custom_1561483648914{margin-bottom: 0px !important;}&raquo;][vc_row gap=&raquo;35&#8243; equal_height=&raquo;yes&raquo; disable_element=&raquo;yes&raquo; css=&raquo;.vc_custom_1606828539794{margin-right: 0px !important;margin-bottom: 0px !important;margin-left: 0px !important;padding-top: 0px !important;padding-right: 0px !important;padding-bottom: 0px !important;padding-left: 0px !important;}&raquo;][vc_column width=&raquo;1\/3&#8243; css=&raquo;.vc_custom_1568611087679{margin-bottom: 0px !important;padding-top: 35px !important;padding-right: 35px !important;padding-bottom: 35px !important;padding-left: 35px !important;background-color: #ffffff !important;}&raquo;][vc_custom_heading text=&raquo;Vi har \u00e5pent!&raquo; font_container=&raquo;tag:h3|text_align:left&raquo; use_theme_fonts=&raquo;yes&raquo;][vc_column_text]Kom og hent noe skikkelig godt!<\/p>\n<p>Jonas B. er \u00e5pen for Take Away!<\/p>\n<p>Selv om restauranten er stengt, er kj\u00f8kkenet \u00e5pent. Unn deg noe skikkelig godt, for det har du fortjent n\u00e5. Bestill via appen og f\u00e5 10% cashpoints. Vi holder \u00e5pent fra 13:00 til 19:00 tirsdag &#8211; s\u00f8ndag.[\/vc_column_text][\/vc_column][vc_column width=&raquo;2\/3&#8243;][vc_single_image image=&raquo;905&#8243; img_size=&raquo;large&raquo; alignment=&raquo;center&raquo; css=&raquo;.vc_custom_1588414440150{margin-top: 0px !important;margin-right: 0px !important;margin-bottom: 0px !important;margin-left: 0px !important;padding-top: 0px !important;padding-right: 0px !important;padding-bottom: 0px !important;padding-left: 0px !important;}&raquo;][\/vc_column][\/vc_row][vc_row gap=&raquo;35&#8243; equal_height=&raquo;yes&raquo; disable_element=&raquo;yes&raquo; css=&raquo;.vc_custom_1639523278261{margin-right: 0px !important;margin-bottom: 0px !important;margin-left: 0px !important;padding-top: 0px !important;padding-right: 0px !important;padding-bottom: 0px !important;padding-left: 0px !important;}&raquo;][vc_column width=&raquo;2\/3&#8243; css=&raquo;.vc_custom_1561484156780{margin-bottom: 0px !important;padding-top: 0px !important;padding-right: 0px !important;padding-bottom: 0px !important;padding-left: 0px !important;}&raquo;][vc_single_image image=&raquo;1045&#8243; img_size=&raquo;large&raquo; alignment=&raquo;center&raquo; css=&raquo;.vc_custom_1637656876945{margin-top: 0px !important;margin-right: 0px !important;margin-bottom: 0px !important;margin-left: 0px !important;padding-top: 0px !important;padding-right: 0px !important;padding-bottom: 0px !important;padding-left: 0px !important;}&raquo;][\/vc_column][vc_column width=&raquo;1\/3&#8243; css=&raquo;.vc_custom_1568611087679{margin-bottom: 0px !important;padding-top: 35px !important;padding-right: 35px !important;padding-bottom: 35px !important;padding-left: 35px !important;background-color: #ffffff !important;}&raquo;][vc_custom_heading text=&raquo;Velkommen til et minnerikt m\u00e5ltid&raquo; font_container=&raquo;tag:h3|text_align:left&raquo; use_theme_fonts=&raquo;yes&raquo;][vc_column_text]N\u00e5r du ikke ser skogen for bare juletr\u00e6r og det synges, spises,\u00a0prates og handles jul \u2013 ta en pause. Vi har toppet menyen med\u00a0noen spennende, juleinspirerte retter \u2013 litt annerledes enn den\u00a0julematen du er vant til. Den f\u00e5r du sikkert mer enn nok av likevel.<br \/>\nVelkommen!<\/p>\n<p><a href=\"https:\/\/jonas-b.no\/lyngdal\/bestill-bord\/\">BESTILL BORD<\/a>[\/vc_column_text][\/vc_column][\/vc_row][vc_row gap=&raquo;35&#8243; equal_height=&raquo;yes&raquo; css=&raquo;.vc_custom_1616338939169{margin-right: 0px !important;margin-bottom: 0px !important;margin-left: 0px !important;padding-top: 0px !important;padding-right: 0px !important;padding-bottom: 0px !important;padding-left: 0px !important;}&raquo;][vc_column width=&raquo;1\/3&#8243; css=&raquo;.vc_custom_1568611087679{margin-bottom: 0px !important;padding-top: 35px !important;padding-right: 35px !important;padding-bottom: 35px !important;padding-left: 35px !important;background-color: #ffffff !important;}&raquo;][vc_custom_heading text=&raquo;Stilling ledig&raquo; font_container=&raquo;tag:h3|text_align:left&raquo; use_theme_fonts=&raquo;yes&raquo;][vc_column_text]Over 18 og p\u00e5 jakt etter jobb? Liker du god mat og har alltid et smil p\u00e5 lur? Vi trenger alltid dyktige medarbeidere.<\/p>\n<p>Les mer om stillingen her:<\/p>\n<p><a href=\"https:\/\/jonas-b.no\/lyngdal\/ledige-stillinger\/\">STILLING LEDIG<\/a>[\/vc_column_text][\/vc_column][vc_column width=&raquo;2\/3&#8243;][vc_single_image image=&raquo;1085&#8243; img_size=&raquo;medium&raquo; alignment=&raquo;center&raquo; css=&raquo;.vc_custom_1661935070928{margin-top: 0px !important;margin-right: 0px !important;margin-bottom: 0px !important;margin-left: 0px !important;padding-top: 0px !important;padding-right: 0px !important;padding-bottom: 0px !important;padding-left: 0px !important;}&raquo;][\/vc_column][\/vc_row][vc_row gap=&raquo;35&#8243; equal_height=&raquo;yes&raquo; disable_element=&raquo;yes&raquo; css=&raquo;.vc_custom_1578060940883{margin-right: 0px !important;margin-bottom: 0px !important;margin-left: 0px !important;padding-top: 0px !important;padding-right: 0px !important;padding-bottom: 0px !important;padding-left: 0px !important;}&raquo;][vc_column width=&raquo;1\/3&#8243; css=&raquo;.vc_custom_1568611087679{margin-bottom: 0px !important;padding-top: 35px !important;padding-right: 35px !important;padding-bottom: 35px !important;padding-left: 35px !important;background-color: #ffffff !important;}&raquo;][vc_custom_heading text=&raquo;Jul p\u00e5 Jonas&raquo; font_container=&raquo;tag:h3|text_align:left&raquo; use_theme_fonts=&raquo;yes&raquo;][vc_column_text]V\u00e5re \u00e5pningstider i julen:<\/p>\n<p><strong>\u00c5pningstider<\/strong><br \/>\n23. &#8211; 26. des: Stengt<br \/>\n27. &#8211; 30. des: kl 12-20<br \/>\n31. des &#8211; 1. jan: Stengt<\/p>\n<p>Les mer om Jul p\u00e5 Jonas og se v\u00e5r julemeny her.<\/p>\n<p><a href=\"https:\/\/jonas-b.no\/lyngdal\/jul\/\">JUL P\u00c5 JONAS<\/a>[\/vc_column_text][\/vc_column][vc_column width=&raquo;2\/3&#8243; css=&raquo;.vc_custom_1561484156780{margin-bottom: 0px !important;padding-top: 0px !important;padding-right: 0px !important;padding-bottom: 0px !important;padding-left: 0px !important;}&raquo;][vc_single_image image=&raquo;741&#8243; img_size=&raquo;large&raquo; alignment=&raquo;center&raquo; css=&raquo;.vc_custom_1576504489296{margin-top: 0px !important;margin-right: 0px !important;margin-bottom: 0px !important;margin-left: 0px !important;padding-top: 0px !important;padding-right: 0px !important;padding-bottom: 0px !important;padding-left: 0px !important;}&raquo;][\/vc_column][\/vc_row][vc_row gap=&raquo;35&#8243; equal_height=&raquo;yes&raquo; disable_element=&raquo;yes&raquo; css=&raquo;.vc_custom_1606489329185{margin-right: 0px !important;margin-bottom: 0px !important;margin-left: 0px !important;padding-top: 0px !important;padding-right: 0px !important;padding-bottom: 0px !important;padding-left: 0px !important;}&raquo;][vc_column width=&raquo;2\/3&#8243; css=&raquo;.vc_custom_1561484833907{margin-bottom: 0px !important;padding-top: 0px !important;padding-right: 0px !important;padding-bottom: 0px !important;padding-left: 0px !important;}&raquo;][vc_single_image image=&raquo;682&#8243; img_size=&raquo;medium&raquo; alignment=&raquo;center&raquo; css=&raquo;.vc_custom_1570072034978{margin-top: 0px !important;margin-right: 0px !important;margin-bottom: 0px !important;margin-left: 0px !important;padding-top: 0px !important;padding-right: 0px !important;padding-bottom: 0px !important;padding-left: 0px !important;}&raquo;][\/vc_column][vc_column width=&raquo;1\/3&#8243; css=&raquo;.vc_custom_1568611071151{margin-bottom: 0px !important;padding-top: 35px !important;padding-right: 35px !important;padding-bottom: 35px !important;padding-left: 35px !important;background-color: #ffffff !important;}&raquo;][vc_custom_heading text=&raquo;Deilig mat. Uformelt milj\u00f8.&raquo; font_container=&raquo;tag:h3|text_align:left&raquo; use_theme_fonts=&raquo;yes&raquo;][vc_column_text]Kulturlivet og Jonas B. har alltid g\u00e5tt h\u00e5nd i h\u00e5nd. Kanskje ikke s\u00e5 rart at vi holder til nettopp i Lyngdal Kulturhus.<\/p>\n<p>Kom innom \u2013 f\u00f8r eller etter kino eller konsert \u2013 eller kort og godt for \u00e5 koble av med gode venner i et hyggelig milj\u00f8. Vi kan love deg en eventyrlig matopplevelse, en inspirert og dyktig betjening og en uformell atmosf\u00e6re.<\/p>\n<p><a href=\"https:\/\/jonas-b.no\/lyngdal\/wp-content\/uploads\/sites\/6\/2019\/11\/JBlyng_hovedmeny_257x420_jul2019low.pdf\" rel=\"noopener\">MENY<\/a>[\/vc_column_text][\/vc_column][\/vc_row][vc_row gap=&raquo;35&#8243; equal_height=&raquo;yes&raquo; disable_element=&raquo;yes&raquo; css=&raquo;.vc_custom_1606489337588{margin-right: 0px !important;margin-bottom: 0px !important;margin-left: 0px !important;padding-top: 0px !important;padding-right: 0px !important;padding-bottom: 0px !important;padding-left: 0px !important;}&raquo;][vc_column width=&raquo;1\/3&#8243; css=&raquo;.vc_custom_1569841785326{margin-bottom: 0px !important;padding-top: 35px !important;padding-right: 35px !important;padding-bottom: 35px !important;padding-left: 35px !important;background-color: #ffffff !important;}&raquo;][vc_custom_heading text=&raquo;Selskap og fest&raquo; font_container=&raquo;tag:h3|text_align:left&raquo; use_theme_fonts=&raquo;yes&raquo;][vc_column_text]Vegg i vegg med restauranten finner du egne festlokaler. Her dekker vi bordet til\u00a0konferanser, tilstelninger og fester, og det er plass til opptil 80 personer. I tillegg til\u00a0rettene fra v\u00e5r egen meny, kan vi ogs\u00e5 ordne annen mat, om du \u00f8nsker det.<\/p>\n<p>Ta kontakt p\u00e5 tlf: <a href=\"tel:40438563\">404 38 563<\/a><br \/>\neller epost: <a href=\"mailto:lyngdal@jonas-b.no\">lyngdal@jonas-b.no<\/a>[\/vc_column_text][\/vc_column][vc_column width=&raquo;2\/3&#8243; css=&raquo;.vc_custom_1561484833907{margin-bottom: 0px !important;padding-top: 0px !important;padding-right: 0px !important;padding-bottom: 0px !important;padding-left: 0px !important;}&raquo;][vc_single_image image=&raquo;502&#8243; img_size=&raquo;medium&raquo; alignment=&raquo;center&raquo; css=&raquo;.vc_custom_1570073685562{margin-top: 0px !important;margin-right: 0px !important;margin-bottom: 0px !important;margin-left: 0px !important;padding-top: 0px !important;padding-right: 0px !important;padding-bottom: 0px !important;padding-left: 0px !important;}&raquo;][\/vc_column][\/vc_row][\/vc_section][vc_section disable_element=&raquo;yes&raquo;][vc_row css=&raquo;.vc_custom_1705653052854{margin-top: 85px !important;margin-bottom: 15px !important;padding-top: 0px !important;padding-bottom: 0px !important;}&raquo;][vc_column][vc_custom_heading text=&raquo;Opplevelser p\u00e5 Jonas B.&raquo; font_container=&raquo;tag:h1|text_align:center&raquo; use_theme_fonts=&raquo;yes&raquo; el_class=&raquo;callout__heading&raquo;][\/vc_column][\/vc_row][vc_row css=&raquo;.vc_custom_1569860653663{margin-right: 0px !important;margin-left: 0px !important;}&raquo;][vc_column][vc_column_text]<!=========Grid View Template 2.1.1=========><div id=\"ect-grid-wrapper\" class=\"tect-grid-wrapper ect-grid-view-style-1 all\"><div class=\"row\"><\/div><\/div><div class=\"ect-no-events\"><p>There are no upcoming events at this time.<\/p><\/div>[\/vc_column_text][\/vc_column][\/vc_row][\/vc_section][vc_section full_width=&raquo;stretch_row_content&raquo; css=&raquo;.vc_custom_1561488501773{padding-top: 0px !important;padding-right: 0px !important;padding-bottom: 0px !important;padding-left: 0px !important;}&raquo;][vc_row full_width=&raquo;stretch_row_content_no_spaces&raquo; css=&raquo;.vc_custom_1569830816202{margin-top: 0px !important;margin-right: 0px !important;margin-bottom: 0px !important;margin-left: 0px !important;padding-top: 0px !important;padding-right: 0px !important;padding-bottom: 0px !important;padding-left: 0px !important;}&raquo;][vc_column]<div class=\"google-map-wrapper no_border\"><div class=\"google-map\" id=\"google-map-area-6a02eb994424b\" style=\"width:100%; height:400px; \">&nbsp;<\/div><\/div>\n[\/vc_column][\/vc_row][\/vc_section]<\/p>\n<\/section>","protected":false},"excerpt":{"rendered":"<p>[vc_section full_width=&raquo;stretch_row&raquo; full_height=&raquo;yes&raquo; content_placement=&raquo;middle&raquo; css=&raquo;.vc_custom_1642058842933{margin-top: 0px !important;margin-bottom: 0px !important;background-image: url(https:\/\/jonas-b.no\/lyngdal\/wp-content\/uploads\/sites\/6\/2020\/03\/JonasB-heading.jpg?id=868) !important;background-position: center !important;background-repeat: no-repeat !important;background-size: cover !important;}&raquo;][vc_row gap=&raquo;2&#8243; content_placement=&raquo;middle&raquo;][vc_column][vc_btn title=&raquo;BESTILL TAKE-AWAY&raquo; style=&raquo;custom&raquo; custom_background=&raquo;#c1a160&#8243; custom_text=&raquo;#0a0a0a&raquo; align=&raquo;center&raquo; link=&raquo;url:https%3A%2F%2Fjbg.e-susoft.com%2Fproducts%2F|title:Bestill%20Bord&raquo;][vc_btn<span class=\"excerpt-hellip\"> [\u2026]<\/span><\/p>\n","protected":false},"author":1,"featured_media":0,"parent":0,"menu_order":0,"comment_status":"closed","ping_status":"closed","template":"","meta":{"footnotes":""},"_links":{"self":[{"href":"https:\/\/jonas-b.no\/lyngdal\/wp-json\/wp\/v2\/pages\/73"}],"collection":[{"href":"https:\/\/jonas-b.no\/lyngdal\/wp-json\/wp\/v2\/pages"}],"about":[{"href":"https:\/\/jonas-b.no\/lyngdal\/wp-json\/wp\/v2\/types\/page"}],"author":[{"embeddable":true,"href":"https:\/\/jonas-b.no\/lyngdal\/wp-json\/wp\/v2\/users\/1"}],"replies":[{"embeddable":true,"href":"https:\/\/jonas-b.no\/lyngdal\/wp-json\/wp\/v2\/comments?post=73"}],"version-history":[{"count":147,"href":"https:\/\/jonas-b.no\/lyngdal\/wp-json\/wp\/v2\/pages\/73\/revisions"}],"predecessor-version":[{"id":1207,"href":"https:\/\/jonas-b.no\/lyngdal\/wp-json\/wp\/v2\/pages\/73\/revisions\/1207"}],"wp:attachment":[{"href":"https:\/\/jonas-b.no\/lyngdal\/wp-json\/wp\/v2\/media?parent=73"}],"curies":[{"name":"wp","href":"https:\/\/api.w.org\/{rel}","templated":true}]}}