{"id":90,"date":"2019-09-16T08:06:04","date_gmt":"2019-09-16T06:06:04","guid":{"rendered":"https:\/\/jonas.identy.no\/kongsberg\/?page_id=90"},"modified":"2024-03-15T13:24:44","modified_gmt":"2024-03-15T12:24:44","slug":"ledige-stillinger","status":"publish","type":"page","link":"https:\/\/jonas-b.no\/kongsberg\/ledige-stillinger\/","title":{"rendered":"Ledige stillinger"},"content":{"rendered":"<section class=\"wpb-content-wrapper\"><p>[vc_section][vc_row][vc_column][vc_custom_heading text=&raquo;Ledige stillinger&raquo; font_container=&raquo;tag:h1|text_align:center&raquo; use_theme_fonts=&raquo;yes&raquo;][\/vc_column][\/vc_row][vc_row css=&raquo;.vc_custom_1622633821474{margin-right: 0px !important;margin-bottom: 0px !important;margin-left: 0px !important;padding-top: 0px !important;padding-right: 0px !important;padding-bottom: 0px !important;padding-left: 0px !important;}&raquo;][vc_column][vc_single_image image=&raquo;615&#8243; img_size=&raquo;large&raquo; alignment=&raquo;center&raquo; css=&raquo;.vc_custom_1570078772599{border-bottom-width: 0px !important;padding-bottom: 0px !important;}&raquo;][vc_column_text css=&raquo;.vc_custom_1710505480658{padding-top: 35px !important;padding-right: 35px !important;padding-bottom: 35px !important;padding-left: 35px !important;background-color: #ffffff !important;}&raquo;]<\/p>\n<h2 style=\"text-align: center\">Vi s\u00f8ker nye kolleger!<\/h2>\n<p>Vi \u00f8nsker oss kokk og servit\u00f8r.<\/p>\n<p>Er du klar for innsats, venter vi spent p\u00e5 s\u00f8knad fra deg p\u00e5 mail: <a href=\"mailto:per@jonas-b.no\">per@jonas-b.no<\/a><\/p>\n<p>Hilsen en ungdommelig glad gjeng med fokus p\u00e5 mat, mennesker og atmosf\u00e6re ved Jonas B. Kongsberg.[\/vc_column_text][\/vc_column][\/vc_row][vc_row disable_element=&raquo;yes&raquo; css=&raquo;.vc_custom_1598290351635{margin-right: 0px !important;margin-bottom: 0px !important;margin-left: 0px !important;padding-top: 0px !important;padding-right: 0px !important;padding-bottom: 0px !important;padding-left: 0px !important;}&raquo;][vc_column][vc_single_image image=&raquo;615&#8243; img_size=&raquo;large&raquo; alignment=&raquo;center&raquo; css=&raquo;.vc_custom_1570078772599{border-bottom-width: 0px !important;padding-bottom: 0px !important;}&raquo;][vc_column_text css=&raquo;.vc_custom_1572170850824{padding-top: 35px !important;padding-right: 35px !important;padding-bottom: 35px !important;padding-left: 35px !important;background-color: #ffffff !important;}&raquo;]<\/p>\n<h2 style=\"text-align: center\">Vi s\u00f8ker nye kolleger!<\/h2>\n<p>Jonas B Kongsberg s\u00f8ker blide og raske verter i god form som kan servere maten varm og drikken kald,<br \/>\nog vi trenger ogs\u00e5 deg som trives best p\u00e5 kj\u00f8kkenet, med god ordenssans.<\/p>\n<p>Ta kontakt med oss, vi gleder oss til \u00e5 bli kjent med deg.<\/p>\n<p>Kortfattet s\u00f8knad sendes <a href=\"mailto:christoffer@jonas-b.no\">christoffer@jonas-b.no<\/a> snarest mulig.[\/vc_column_text][vc_column_text css=&raquo;.vc_custom_1570079028760{padding-top: 35px !important;padding-right: 35px !important;padding-bottom: 35px !important;padding-left: 35px !important;background-color: #ffffff !important;}&raquo;]<\/p>\n<h3>STILLING LEDIG: SERVIT\u00d8R<\/h3>\n<p dir=\"ltr\">Blide og raske verter i god form er \u00f8nsket av s\u00e5 vel gjester som kolleger hos Jonas B. Kongsberg. Du kan servere maten varm og drikken kald, og du trives med \u00e5 f\u00e5 andre til \u00e5 trives. I tillegg er du over 20 \u00e5r \u2013 da er du velkommen til oss!<\/p>\n<p dir=\"ltr\">Vi gleder oss til \u00e5 bli kjent med deg. Kortfattet s\u00f8knad sendes <a href=\"mailto:christoffer@jonas-b.no\" target=\"_blank\" rel=\"noopener noreferrer\"><span class=\"il\">christoffer@jonas-b.no<\/span><\/a> snarest mulig.<\/p>\n<p>[\/vc_column_text][vc_column_text css=&raquo;.vc_custom_1570079094852{padding-top: 35px !important;padding-right: 35px !important;padding-bottom: 35px !important;padding-left: 35px !important;background-color: #ffffff !important;}&raquo;]<\/p>\n<h3>LEDIG STILLING: KJ\u00d8KKENASSISTENT OG KOKK<\/h3>\n<p dir=\"ltr\">Hvis kj\u00f8kkenet frister og du er god til \u00e5 holde orden \u2013 s\u00e5 h\u00f8rer vi gjerne fra deg. Du liker \u00e5 jobbe i team og holder hodet kaldt n\u00e5r det koker rundt deg. Ta kontakt med oss i dag \u2013 vi gleder oss til \u00e5 bli kjent med deg.<\/p>\n<p dir=\"ltr\">Kortfattet s\u00f8knad sendes <a href=\"mailto:christoffer@jonas-b.no\" target=\"_blank\" rel=\"noopener noreferrer\"><span class=\"il\">christoffer@jonas-b.no<\/span><\/a> snarest mulig.<\/p>\n<p>[\/vc_column_text][\/vc_column][\/vc_row][\/vc_section]<\/p>\n<\/section>","protected":false},"excerpt":{"rendered":"<p>[vc_section][vc_row][vc_column][vc_custom_heading text=&raquo;Ledige stillinger&raquo; font_container=&raquo;tag:h1|text_align:center&raquo; use_theme_fonts=&raquo;yes&raquo;][\/vc_column][\/vc_row][vc_row css=&raquo;.vc_custom_1622633821474{margin-right: 0px !important;margin-bottom: 0px !important;margin-left: 0px !important;padding-top: 0px !important;padding-right: 0px !important;padding-bottom: 0px !important;padding-left: 0px !important;}&raquo;][vc_column][vc_single_image image=&raquo;615&#8243; img_size=&raquo;large&raquo; alignment=&raquo;center&raquo; css=&raquo;.vc_custom_1570078772599{border-bottom-width: 0px !important;padding-bottom:<span class=\"excerpt-hellip\"> [\u2026]<\/span><\/p>\n","protected":false},"author":1,"featured_media":0,"parent":0,"menu_order":0,"comment_status":"closed","ping_status":"closed","template":"","meta":{"footnotes":""},"_links":{"self":[{"href":"https:\/\/jonas-b.no\/kongsberg\/wp-json\/wp\/v2\/pages\/90"}],"collection":[{"href":"https:\/\/jonas-b.no\/kongsberg\/wp-json\/wp\/v2\/pages"}],"about":[{"href":"https:\/\/jonas-b.no\/kongsberg\/wp-json\/wp\/v2\/types\/page"}],"author":[{"embeddable":true,"href":"https:\/\/jonas-b.no\/kongsberg\/wp-json\/wp\/v2\/users\/1"}],"replies":[{"embeddable":true,"href":"https:\/\/jonas-b.no\/kongsberg\/wp-json\/wp\/v2\/comments?post=90"}],"version-history":[{"count":13,"href":"https:\/\/jonas-b.no\/kongsberg\/wp-json\/wp\/v2\/pages\/90\/revisions"}],"predecessor-version":[{"id":1210,"href":"https:\/\/jonas-b.no\/kongsberg\/wp-json\/wp\/v2\/pages\/90\/revisions\/1210"}],"wp:attachment":[{"href":"https:\/\/jonas-b.no\/kongsberg\/wp-json\/wp\/v2\/media?parent=90"}],"curies":[{"name":"wp","href":"https:\/\/api.w.org\/{rel}","templated":true}]}}