{"id":744,"date":"2020-03-14T12:45:37","date_gmt":"2020-03-14T11:45:37","guid":{"rendered":"https:\/\/jonas-b.no\/kongsberg\/?page_id=744"},"modified":"2020-03-14T18:14:34","modified_gmt":"2020-03-14T17:14:34","slug":"korona-tiltak","status":"publish","type":"page","link":"https:\/\/jonas-b.no\/kongsberg\/korona-tiltak\/","title":{"rendered":"Korona-tiltak"},"content":{"rendered":"<section class=\"wpb-content-wrapper\"><p>[vc_row][vc_column][vc_empty_space height=&raquo;15px&raquo;][vc_column_text]<\/p>\n<p style=\"text-align: center;\"><span style=\"font-size: 18pt; color: #ffffff;\">Kj\u00e6re alle sammen!<\/span><\/p>\n<p style=\"text-align: center;\"><span style=\"font-size: 18pt; color: #ffffff;\">Mye endrer seg p\u00e5 kort tid og p\u00e5 grunn av den siste tidens hendelser<br \/>\nser vi oss dessverre n\u00f8dt til \u00e5 stenge serveringen p\u00e5 ubestemt tid.<\/span><br \/>\n<span style=\"font-size: 18pt; color: #ffffff;\">Vi h\u00e5per alle tar r\u00e5dene fra myndighetene p\u00e5 alvor,<br \/>\nslik at vi blir kvitt viruset s\u00e5 fort som mulig, og snart kan \u00e5pne d\u00f8rene igjen for dere!<\/span><\/p>\n<div class=\"text_exposed_show\">\n<p style=\"text-align: center;\"><span style=\"font-size: 18pt; color: #ffffff;\">Mer informasjon kommer s\u00e5 snart situasjonen endrer seg.<\/span><\/p>\n<p style=\"text-align: center;\"><span style=\"font-size: 18pt; color: #ffffff;\">Ta godt vare p\u00e5 hverandre s\u00e5 lenge!\u00a0<span class=\"_5mfr\"><span class=\"_6qdm\">\u2764\ufe0f<\/span><\/span><\/span><\/p>\n<p style=\"text-align: center;\"><span style=\"font-size: 18pt; color: #ffffff;\">Hilsen alle oss p\u00e5 Jonas B.<\/span><\/p>\n<\/div>\n<p>[\/vc_column_text][\/vc_column][\/vc_row][vc_row disable_element=&raquo;yes&raquo;][vc_column][vc_empty_space height=&raquo;15px&raquo;][vc_column_text]<\/p>\n<p style=\"text-align: center;\"><span style=\"font-size: 18pt; color: #ffffff;\">Vi har \u00e5pent og tar alle forh\u00e5ndsregler for \u00e5 fortsatt gi dere en trygg og god matopplevelse.<\/span><br \/>\n<span style=\"font-size: 18pt; color: #ffffff;\">Situasjonen rundt korona-viruset p\u00e5virker oss alle, og servicebransjen spesielt.<\/span><br \/>\n<span style=\"font-size: 18pt;\"><strong><span style=\"color: #c1a160;\">VI M\u00c5 ALLE ENDRE VANER OG HOS JONAS B. TAR VI DETTE P\u00c5 ALVOR.<\/span><\/strong><\/span><br \/>\n<span style=\"font-size: 18pt; color: #ffffff;\">Vi forholder oss til helsemyndighetenes r\u00e5d og anbefalinger og f\u00f8lger utviklingen i situasjonen tett.<\/span><\/p>\n<p>[\/vc_column_text][\/vc_column][\/vc_row][vc_section disable_element=&raquo;yes&raquo; css=&raquo;.vc_custom_1584205938807{background-color: #3c3c3b !important;}&raquo;][vc_row][vc_column][vc_column_text]<\/p>\n<h2 style=\"text-align: center;\">DISSE TILTAKENE ER INNF\u00d8RT I RESTAURANTEN:<\/h2>\n<p>[\/vc_column_text][\/vc_column][\/vc_row][vc_row][vc_column width=&raquo;1\/2&#8243;][vc_column_text]<\/p>\n<ul>\n<li><span style=\"color: #ffffff;\">Restauranten har n\u00e5 redusert antall sitteplasser og tiltak er iverksatt for \u00e5 kunne ha \u00e9n meter mellom gjestene.<\/span><\/li>\n<li><span style=\"color: #ffffff;\">Vi har stasjoner med antibac plassert i gjesteomr\u00e5det p\u00e5 restauranten. I tillegg for alle ansatte iht. internkontroll.<\/span><\/li>\n<\/ul>\n<p>[\/vc_column_text][\/vc_column][vc_column width=&raquo;1\/2&#8243;][vc_column_text]<\/p>\n<ul>\n<li><span style=\"color: #ffffff;\">Ekstra hyppig renhold p\u00e5 alle felles kontaktflater, som d\u00f8rh\u00e5ndtak og andre ber\u00f8ringsflater i restauranten.<\/span><\/li>\n<li><span style=\"color: #ffffff;\">&#8216;V\u00e5rt kj\u00f8kken tar alle forholdsregler n\u00e5r det gjelder mat og mat-trygghet.<\/span><\/li>\n<li><span style=\"color: #ffffff;\">Vi tar kun betaling med kort pga. fare for overf\u00f8rsel av smitte ved bruk av kontanter.<\/span><\/li>\n<\/ul>\n<p>[\/vc_column_text][\/vc_column][\/vc_row][\/vc_section][vc_row disable_element=&raquo;yes&raquo;][vc_column][vc_empty_space height=&raquo;15px&raquo;][vc_column_text]<\/p>\n<p style=\"text-align: center;\"><span style=\"font-size: 18pt; color: #ffffff;\">Tross alt dette gleder vi oss over \u00e5 holde \u00e5pent, med noe redusert \u00e5pningstid<\/span><br \/>\n<span style=\"font-size: 18pt; color: #ffffff;\">og for de av dere som ikke \u00f8nsker \u00e5 bes\u00f8ke restauranten tilbyr vi take away.<\/span><\/p>\n<p style=\"text-align: center;\"><span style=\"font-size: 18pt; color: #ffffff;\">Se v\u00e5r takeaway meny her:<\/span><br \/>\n<span style=\"color: #c1a160;\"><strong><span style=\"font-size: 18pt;\"><a style=\"color: #c1a160;\" href=\"https:\/\/jonas-b.no\/kongsberg\/meny\/?fbclid=IwAR0jjUbH-SLjszSQiTBAtNmMgUkTpMmHNfZS9KFLzKzRZT-QlPezgkMtLYw\" target=\"_blank\" rel=\"noopener nofollow noreferrer\" data-ft=\"{&quot;tn&quot;:&quot;-U&quot;}\" data-lynx-mode=\"async\" data-lynx-uri=\"https:\/\/l.facebook.com\/l.php?u=https%3A%2F%2Fjonas-b.no%2Fkongsberg%2Fmeny%2F%3Ffbclid%3DIwAR0jjUbH-SLjszSQiTBAtNmMgUkTpMmHNfZS9KFLzKzRZT-QlPezgkMtLYw&amp;h=AT2gXR6J-fRT5InwpE2PXY-ox6x9f9-a34u0bJRm5TNHj-yaus8R3BQOcHChs2TpaWcyoMXfH4-ouH6yvL6CjySRRWhRmoUJDcYo8E9gk7a4fFWjkk-d37sUW5a1QosR5Rb0Z2-e9rRZe-hkUiWxDXJ0QRGp2snrsdzxkoqrZEbz3ITvEY7soprtf6a2vFgTEXMGNbEmqBkVSCsX4ToK-03WtyneOgHJnEWioHr583F8VpDifqGoBQtu4MyRk38hI2Q1J0zR9XMznhoIYr5ZXsDFsVadSDO7m1tEKHye22Eib-AREMhdbbwEowDYPiaLZVqO8EPpsDxcAqHky7uoUfK1uT5p0JYubg9AUMofZ6IWhLh8NzJh5vbnk1KT95Y4JbIgpqB7yE_IA4e1Fd1aURjnFfJi2sihQwnjmEi3KlzMsh07y0ZLg8TwYLdm10C-4OhIhSX5eHC-X0OYUTvJGUYTjYyj1aei2DJ0k4YBYa8bXNz8uMjhga1Kzpo8Yw0AHOg-TmeqzJNDXax7PfhzUjNw8Lo8gA_8J7XJFwxVNwwFEg4G35CiwjDM9Ypyp_BWADCZlfwBJK8S5WVRdw4fLblmimYUHalmpvkr9vDt7ReytUN2qG-gOmToX-LBinYQuVeqD0vMhV1CVXOJHA\">https:\/\/jonas-b.no\/kongsberg\/meny\/<\/a><\/span><\/strong><\/span><\/p>\n<p style=\"text-align: center;\"><span style=\"font-size: 18pt; color: #ffffff;\">Bestill p\u00e5 tlf 32 72 88 00.<\/span><\/p>\n<p>[\/vc_column_text][\/vc_column][\/vc_row]<\/p>\n<\/section>","protected":false},"excerpt":{"rendered":"<p>[vc_row][vc_column][vc_empty_space height=&raquo;15px&raquo;][vc_column_text] Kj\u00e6re alle sammen! Mye endrer seg p\u00e5 kort tid og p\u00e5 grunn av den siste tidens hendelser ser vi oss dessverre n\u00f8dt til \u00e5<span class=\"excerpt-hellip\"> [\u2026]<\/span><\/p>\n","protected":false},"author":1,"featured_media":0,"parent":0,"menu_order":0,"comment_status":"closed","ping_status":"closed","template":"","meta":{"footnotes":""},"_links":{"self":[{"href":"https:\/\/jonas-b.no\/kongsberg\/wp-json\/wp\/v2\/pages\/744"}],"collection":[{"href":"https:\/\/jonas-b.no\/kongsberg\/wp-json\/wp\/v2\/pages"}],"about":[{"href":"https:\/\/jonas-b.no\/kongsberg\/wp-json\/wp\/v2\/types\/page"}],"author":[{"embeddable":true,"href":"https:\/\/jonas-b.no\/kongsberg\/wp-json\/wp\/v2\/users\/1"}],"replies":[{"embeddable":true,"href":"https:\/\/jonas-b.no\/kongsberg\/wp-json\/wp\/v2\/comments?post=744"}],"version-history":[{"count":3,"href":"https:\/\/jonas-b.no\/kongsberg\/wp-json\/wp\/v2\/pages\/744\/revisions"}],"predecessor-version":[{"id":749,"href":"https:\/\/jonas-b.no\/kongsberg\/wp-json\/wp\/v2\/pages\/744\/revisions\/749"}],"wp:attachment":[{"href":"https:\/\/jonas-b.no\/kongsberg\/wp-json\/wp\/v2\/media?parent=744"}],"curies":[{"name":"wp","href":"https:\/\/api.w.org\/{rel}","templated":true}]}}