{"id":73,"date":"2019-09-16T06:52:56","date_gmt":"2019-09-16T04:52:56","guid":{"rendered":"https:\/\/jonas.identy.no\/kongsberg\/?page_id=73"},"modified":"2026-04-15T12:48:50","modified_gmt":"2026-04-15T10:48:50","slug":"forside","status":"publish","type":"page","link":"https:\/\/jonas-b.no\/kongsberg\/","title":{"rendered":"Forside"},"content":{"rendered":"<section class=\"wpb-content-wrapper\"><p>[vc_section full_width=&raquo;stretch_row&raquo; full_height=&raquo;yes&raquo; content_placement=&raquo;middle&raquo; css=&raquo;.vc_custom_1574421265061{margin-top: 0px !important;margin-bottom: 0px !important;background-image: url(https:\/\/jonas-b.no\/kongsberg\/wp-content\/uploads\/sites\/5\/2019\/09\/Pizza_Stavanger_0673_GreenMean_shrink-1440&#215;670-front.jpg?id=477) !important;background-position: center !important;background-repeat: no-repeat !important;background-size: cover !important;}&raquo;][vc_row][vc_column][vc_custom_heading text=&raquo;Velkommen!&raquo; font_container=&raquo;tag:h2|font_size:50|text_align:center&raquo; use_theme_fonts=&raquo;yes&raquo;][vc_column_text el_class=&raquo;header_title&raquo; css=&raquo;.vc_custom_1631700366367{background-position: center !important;background-repeat: no-repeat !important;background-size: cover !important;}&raquo;][\/vc_column_text][vc_row_inner][vc_column_inner width=&raquo;1\/6&#8243;][\/vc_column_inner][vc_column_inner width=&raquo;1\/6&#8243; offset=&raquo;vc_col-xs-12&#8243;][\/vc_column_inner][vc_column_inner width=&raquo;1\/6&#8243;][vc_btn title=&raquo;MENY&raquo; style=&raquo;custom&raquo; custom_background=&raquo;#c1a160&#8243; custom_text=&raquo;#0a0a0a&raquo; size=&raquo;lg&raquo; align=&raquo;center&raquo; button_block=&raquo;true&raquo; link=&raquo;url:https%3A%2F%2Fjonas-b.no%2Fkongsberg%2Fmeny%2F|title:Meny||&raquo;][\/vc_column_inner][vc_column_inner width=&raquo;1\/6&#8243;][vc_btn title=&raquo;BESTILL BORD&raquo; style=&raquo;custom&raquo; custom_background=&raquo;#c1a160&#8243; custom_text=&raquo;#0a0a0a&raquo; size=&raquo;lg&raquo; align=&raquo;center&raquo; button_block=&raquo;true&raquo; link=&raquo;url:https%3A%2F%2Fjonas-b.no%2Fkongsberg%2Fbestill-bord%2F|title:Bestill%20bord||&raquo;][\/vc_column_inner][vc_column_inner width=&raquo;1\/6&#8243;][\/vc_column_inner][vc_column_inner width=&raquo;1\/6&#8243;][\/vc_column_inner][\/vc_row_inner][\/vc_column][\/vc_row][\/vc_section][vc_section css=&raquo;.vc_custom_1561483648914{margin-bottom: 0px !important;}&raquo;][vc_row][vc_column][vc_custom_heading text=&raquo;Jonas B. er en Italian Diner p\u00e5 Kongsberg med god mat og drikke,<br \/>\nglade servit\u00f8rer, og helt spesielle lokaler.&raquo; font_container=&raquo;tag:h2|text_align:center&raquo; use_theme_fonts=&raquo;yes&raquo;][\/vc_column][\/vc_row][vc_row gap=&raquo;35&#8243; equal_height=&raquo;yes&raquo; disable_element=&raquo;yes&raquo; css=&raquo;.vc_custom_1736094034651{margin-right: 0px !important;margin-bottom: 0px !important;margin-left: 0px !important;padding-top: 0px !important;padding-right: 0px !important;padding-bottom: 0px !important;padding-left: 0px !important;}&raquo;][vc_column width=&raquo;2\/3&#8243; css=&raquo;.vc_custom_1561484833907{margin-bottom: 0px !important;padding-top: 0px !important;padding-right: 0px !important;padding-bottom: 0px !important;padding-left: 0px !important;}&raquo;][vc_single_image image=&raquo;1295&#8243; img_size=&raquo;medium&raquo; alignment=&raquo;center&raquo; css=&raquo;.vc_custom_1734892539250{margin-top: 0px !important;margin-right: 0px !important;margin-bottom: 0px !important;margin-left: 0px !important;padding-top: 0px !important;padding-right: 0px !important;padding-bottom: 0px !important;padding-left: 0px !important;}&raquo;][\/vc_column][vc_column width=&raquo;1\/3&#8243; css=&raquo;.vc_custom_1569841463150{margin-bottom: 0px !important;padding-top: 35px !important;padding-right: 35px !important;padding-bottom: 35px !important;padding-left: 35px !important;background-color: #ffffff !important;}&raquo;][vc_custom_heading text=&raquo;Juleferie&raquo; font_container=&raquo;tag:h3|text_align:left&raquo; use_theme_fonts=&raquo;yes&raquo;][vc_column_text]Til alle v\u00e5re fantastiske gjester!<\/p>\n<p>Tusen takk for nok ett flott \u00e5r.<\/p>\n<p>N\u00e5 har vi tatt oss en liten juleferie,<\/p>\n<p>og er tilbake igjen mandag 6. januar.<\/p>\n<p>Vi \u00f8nsker deg en riktig God Jul!<\/p>\n<p>Hjertelig velkommen tilbake p\u00e5 ny\u00e5ret.<\/p>\n<p>Hilsen alle oss p\u00e5 Jonas B.[\/vc_column_text][\/vc_column][\/vc_row][vc_row gap=&raquo;35&#8243; equal_height=&raquo;yes&raquo; disable_element=&raquo;yes&raquo; css=&raquo;.vc_custom_1776250128114{margin-right: 0px !important;margin-bottom: 0px !important;margin-left: 0px !important;padding-top: 0px !important;padding-right: 0px !important;padding-bottom: 0px !important;padding-left: 0px !important;}&raquo;][vc_column width=&raquo;2\/3&#8243; css=&raquo;.vc_custom_1561484833907{margin-bottom: 0px !important;padding-top: 0px !important;padding-right: 0px !important;padding-bottom: 0px !important;padding-left: 0px !important;}&raquo;][vc_single_image image=&raquo;1333&#8243; img_size=&raquo;750&#215;400&#8243; alignment=&raquo;center&raquo; css=&raquo;.vc_custom_1774609535933{margin-top: 0px !important;margin-right: 0px !important;margin-bottom: 0px !important;margin-left: 0px !important;padding-top: 0px !important;padding-right: 0px !important;padding-bottom: 0px !important;padding-left: 0px !important;}&raquo;][\/vc_column][vc_column width=&raquo;1\/3&#8243; css=&raquo;.vc_custom_1569841463150{margin-bottom: 0px !important;padding-top: 35px !important;padding-right: 35px !important;padding-bottom: 35px !important;padding-left: 35px !important;background-color: #ffffff !important;}&raquo;][vc_custom_heading text=&raquo;\u00c5pningstider i P\u00e5sken&raquo; font_container=&raquo;tag:h3|text_align:left&raquo; use_theme_fonts=&raquo;yes&raquo;][vc_column_text]Tirsdag &#8211; onsdag: 15:30 &#8211; 22:00<\/p>\n<p>Skj\u00e6rtorsdag &#8211; 2. p\u00e5skedag: Stengt<\/p>\n<p>Vi er tilbake igjen tirsdag 7. april,<\/p>\n<p>i mellomtiden \u00f8nsker vi deg en riktig god p\u00e5ske![\/vc_column_text][\/vc_column][\/vc_row][vc_row gap=&raquo;35&#8243; equal_height=&raquo;yes&raquo; css=&raquo;.vc_custom_1753703751462{margin-right: 0px !important;margin-bottom: 0px !important;margin-left: 0px !important;padding-top: 0px !important;padding-right: 0px !important;padding-bottom: 0px !important;padding-left: 0px !important;}&raquo;][vc_column width=&raquo;2\/3&#8243; css=&raquo;.vc_custom_1561484833907{margin-bottom: 0px !important;padding-top: 0px !important;padding-right: 0px !important;padding-bottom: 0px !important;padding-left: 0px !important;}&raquo;][vc_single_image image=&raquo;610&#8243; img_size=&raquo;medium&raquo; alignment=&raquo;center&raquo; css=&raquo;.vc_custom_1583239950573{margin-top: 0px !important;margin-right: 0px !important;margin-bottom: 0px !important;margin-left: 0px !important;padding-top: 0px !important;padding-right: 0px !important;padding-bottom: 0px !important;padding-left: 0px !important;}&raquo;][\/vc_column][vc_column width=&raquo;1\/3&#8243; css=&raquo;.vc_custom_1569841463150{margin-bottom: 0px !important;padding-top: 35px !important;padding-right: 35px !important;padding-bottom: 35px !important;padding-left: 35px !important;background-color: #ffffff !important;}&raquo;][vc_custom_heading text=&raquo;\u00c5pningstider&raquo; font_container=&raquo;tag:h3|text_align:left&raquo; use_theme_fonts=&raquo;yes&raquo;][vc_column_text]Mandag: Lukket<\/p>\n<p>Tirsdag &#8211; torsdag: 15:30 &#8211; 22:00<\/p>\n<p>Fredag: 15:30 &#8211; 23:00<\/p>\n<p>L\u00f8rdag: 15:30 &#8211; 23:00<\/p>\n<p>S\u00f8ndag: Lukket<\/p>\n<p><a href=\"https:\/\/jonas-b.no\/kongsberg\/bestill-bord\/\">BESTILL BORD<\/a><\/p>\n<p>Om du heller \u00f8nsker \u00e5 nyte maten i hjemlige omgivelser, tilbyr vi take away p\u00e5 de fleste av rettene v\u00e5re. Ring oss p\u00e5 <a href=\"tel:32728800\">32728800<\/a> for \u00e5 bestille.<\/p>\n<p><a href=\"https:\/\/jonas-b.no\/kongsberg\/meny\/\">MENY<\/a>[\/vc_column_text][\/vc_column][\/vc_row][vc_row gap=&raquo;35&#8243; equal_height=&raquo;yes&raquo; disable_element=&raquo;yes&raquo; css=&raquo;.vc_custom_1753009400922{margin-right: 0px !important;margin-bottom: 0px !important;margin-left: 0px !important;padding-top: 0px !important;padding-right: 0px !important;padding-bottom: 0px !important;padding-left: 0px !important;}&raquo;][vc_column width=&raquo;2\/3&#8243; css=&raquo;.vc_custom_1561484833907{margin-bottom: 0px !important;padding-top: 0px !important;padding-right: 0px !important;padding-bottom: 0px !important;padding-left: 0px !important;}&raquo;][vc_single_image image=&raquo;610&#8243; img_size=&raquo;medium&raquo; alignment=&raquo;center&raquo; css=&raquo;.vc_custom_1583239950573{margin-top: 0px !important;margin-right: 0px !important;margin-bottom: 0px !important;margin-left: 0px !important;padding-top: 0px !important;padding-right: 0px !important;padding-bottom: 0px !important;padding-left: 0px !important;}&raquo;][\/vc_column][vc_column width=&raquo;1\/3&#8243; css=&raquo;.vc_custom_1569841463150{margin-bottom: 0px !important;padding-top: 35px !important;padding-right: 35px !important;padding-bottom: 35px !important;padding-left: 35px !important;background-color: #ffffff !important;}&raquo;][vc_custom_heading text=&raquo;\u00c5pningstider Jazzfestivalen&raquo; font_container=&raquo;tag:h3|text_align:left&raquo; use_theme_fonts=&raquo;yes&raquo;][vc_column_text]Onsdag &#8211; fredag: 13:00 &#8211; 01:00 (Kj\u00f8kken, egen meny fra 21:00)<\/p>\n<p>L\u00f8rdag: 12:00 &#8211; 01:00 (Kj\u00f8kken, egen meny fra 21:00)<\/p>\n<p>S\u00f8ndag: Stengt<\/p>\n<p>&nbsp;<\/p>\n<p>Om du heller \u00f8nsker \u00e5 nyte maten i hjemlige omgivelser, tilbyr vi take away p\u00e5 de fleste av rettene v\u00e5re. Ring oss p\u00e5 <a href=\"tel:32728800\">32728800<\/a> for \u00e5 bestille.<\/p>\n<p><a href=\"https:\/\/jonas-b.no\/kongsberg\/meny\/\">MENY<\/a>[\/vc_column_text][\/vc_column][\/vc_row][vc_row gap=&raquo;35&#8243; equal_height=&raquo;yes&raquo; css=&raquo;.vc_custom_1569860602880{margin-right: 0px !important;margin-bottom: 0px !important;margin-left: 0px !important;padding-top: 0px !important;padding-right: 0px !important;padding-bottom: 0px !important;padding-left: 0px !important;}&raquo;][vc_column width=&raquo;1\/3&#8243; css=&raquo;.vc_custom_1568611020438{margin-bottom: 0px !important;padding-top: 35px !important;padding-right: 35px !important;padding-bottom: 35px !important;padding-left: 35px !important;background-color: #ffffff !important;}&raquo;][vc_custom_heading text=&raquo;Vi s\u00f8ker nye kolleger!&raquo; font_container=&raquo;tag:h3|text_align:left&raquo; use_theme_fonts=&raquo;yes&raquo;][vc_column_text]Jonas B Kongsberg s\u00f8ker blide og raske verter i god form som kan servere maten varm og drikken kald,<br \/>\nog vi trenger ogs\u00e5 deg som trives best p\u00e5 kj\u00f8kkenet, med god ordenssans.<\/p>\n<p><a href=\"https:\/\/www.jonas-b.no\/kongsberg\/ledige-stillinger\/\" target=\"_blank\" rel=\"noopener noreferrer\">LES MER OM LEDIGE STILLINGER<\/a>[\/vc_column_text][\/vc_column][vc_column width=&raquo;2\/3&#8243; css=&raquo;.vc_custom_1561484156780{margin-bottom: 0px !important;padding-top: 0px !important;padding-right: 0px !important;padding-bottom: 0px !important;padding-left: 0px !important;}&raquo;][vc_single_image image=&raquo;609&#8243; img_size=&raquo;medium&raquo; alignment=&raquo;center&raquo; css=&raquo;.vc_custom_1570077506236{margin-top: 0px !important;margin-right: 0px !important;margin-bottom: 0px !important;margin-left: 0px !important;padding-top: 0px !important;padding-right: 0px !important;padding-bottom: 0px !important;padding-left: 0px !important;}&raquo;][\/vc_column][\/vc_row][vc_row gap=&raquo;35&#8243; equal_height=&raquo;yes&raquo; disable_element=&raquo;yes&raquo; css=&raquo;.vc_custom_1578055273330{margin-right: 0px !important;margin-bottom: 0px !important;margin-left: 0px !important;padding-top: 0px !important;padding-right: 0px !important;padding-bottom: 0px !important;padding-left: 0px !important;}&raquo;][vc_column width=&raquo;2\/3&#8243; css=&raquo;.vc_custom_1561484833907{margin-bottom: 0px !important;padding-top: 0px !important;padding-right: 0px !important;padding-bottom: 0px !important;padding-left: 0px !important;}&raquo;][vc_single_image image=&raquo;610&#8243; img_size=&raquo;medium&raquo; alignment=&raquo;center&raquo; css=&raquo;.vc_custom_1570077643530{margin-top: 0px !important;margin-right: 0px !important;margin-bottom: 0px !important;margin-left: 0px !important;padding-top: 0px !important;padding-right: 0px !important;padding-bottom: 0px !important;padding-left: 0px !important;}&raquo;][\/vc_column][vc_column width=&raquo;1\/3&#8243; css=&raquo;.vc_custom_1568611071151{margin-bottom: 0px !important;padding-top: 35px !important;padding-right: 35px !important;padding-bottom: 35px !important;padding-left: 35px !important;background-color: #ffffff !important;}&raquo;][vc_custom_heading text=&raquo;Tid for julebord?&raquo; font_container=&raquo;tag:h3|text_align:left&raquo; use_theme_fonts=&raquo;yes&raquo;][vc_column_text]Jonas B Kongsberg \u00f8nsker deg velkommen til \u00e5rets julebord i helt nye omgivelser.<\/p>\n<p>Vi er de samme, med den samme gode smaken og stemningen, bare i ny innpakning og nytt utstyr<\/p>\n<p>&nbsp;<\/p>\n<p><strong>Bestill bord p\u00e5 epost <a href=\"mailto:kongsberg@jonas-b.no\">kongsberg@jonas-b.no<\/a>, s\u00e5 tar vi kontakt<\/strong>[\/vc_column_text][\/vc_column][\/vc_row][\/vc_section][vc_section][vc_row gap=&raquo;35&#8243; equal_height=&raquo;yes&raquo; css=&raquo;.vc_custom_1574120135536{margin-top: 85px !important;margin-bottom: 15px !important;padding-top: 0px !important;padding-bottom: 0px !important;}&raquo;][vc_column][vc_custom_heading text=&raquo;Opplevelser p\u00e5 Jonas B.&raquo; font_container=&raquo;tag:h1|text_align:center&raquo; use_theme_fonts=&raquo;yes&raquo; el_class=&raquo;callout__heading&raquo;][vc_raw_html]JTNDJTIxLS0lMjBiZWdpbiUyMGVtYmVkJTIwY29kZSUyMC0tJTNFJTBBJTNDZGl2JTIwaWQlM0QlMjJob29wbGEtc2FsZXMtcGFnZS1jb250YWluZXIlMjIlM0UlM0MlMkZkaXYlM0UlMEElM0NzY3JpcHQlMjB0eXBlJTNEJTIydGV4dCUyRmphdmFzY3JpcHQlMjIlMjBzcmMlM0QlMjIlMkYlMkZkMTZzNm82dXU0OTF4dC5jbG91ZGZyb250Lm5ldCUyRnNhbGVzLTMlMkZsb2FkZXIuZW1iZWQucHJvZHVjdGlvbi5qcyUyMiUzRSUzQyUyRnNjcmlwdCUzRSUwQSUzQ3NjcmlwdCUyMHR5cGUlM0QlMjJ0ZXh0JTJGamF2YXNjcmlwdCUyMiUzRSUwQXZhciUyMHJlbmRlclJlYWR5JTIwJTNEJTIwZnVuY3Rpb24lMjhjYiUyOSUyMCU3QiUyMGlmJTIwJTI4d2luZG93Lkhvb3BsYVNhbGVzUGFnZSUyOSUyMCU3QiUyMGNiJTI4JTI5JTNCJTIwJTdEJTIwZWxzZSUyMCU3QiUyMHNldFRpbWVvdXQlMjhmdW5jdGlvbiUyOCUyOSUyMCU3QiUyMHJlbmRlclJlYWR5JTI4Y2IlMjklMjAlN0QlMkMlMjAxMCUyOSUzQiUyMCU3RCU3RCUwQSUwQXJlbmRlclJlYWR5JTI4JTI4ZnVuY3Rpb24lMjglMjklMjAlN0IlMEF3aW5kb3cuSG9vcGxhU2FsZXNQYWdlLnJlbmRlciUyOCU3QiUyMG9yZ2FuaXphdGlvbklkJTNBJTIwJTIyMjgyODg4OTkzMSUyMiUyMCU3RCUyQyUyMCUyNyUyM2hvb3BsYS1zYWxlcy1wYWdlLWNvbnRhaW5lciUyNyUyOSUzQiUwQSU3RCUyOSUyOSUzQiUwQSUzQyUyRnNjcmlwdCUzRSUwQSUzQyUyMS0tJTIwZW5kJTIwZW1iZWQlMjBjb2RlJTIwLS0lM0U=[\/vc_raw_html][\/vc_column][\/vc_row][\/vc_section][vc_section full_width=&raquo;stretch_row_content&raquo; css=&raquo;.vc_custom_1561488501773{padding-top: 0px !important;padding-right: 0px !important;padding-bottom: 0px !important;padding-left: 0px !important;}&raquo;][vc_row full_width=&raquo;stretch_row_content_no_spaces&raquo; css=&raquo;.vc_custom_1569830816202{margin-top: 0px !important;margin-right: 0px !important;margin-bottom: 0px !important;margin-left: 0px !important;padding-top: 0px !important;padding-right: 0px !important;padding-bottom: 0px !important;padding-left: 0px !important;}&raquo;][vc_column]<div class=\"google-map-wrapper no_border\"><div class=\"google-map\" id=\"google-map-area-6a01c0265d522\" style=\"width:100%; height:400px; \">&nbsp;<\/div><\/div>\n[\/vc_column][\/vc_row][\/vc_section][vc_row equal_height=&raquo;yes&raquo; disable_element=&raquo;yes&raquo;][vc_column width=&raquo;1\/4&#8243;][vc_raw_html]JTNDbGluayUyMGhyZWYlM0QlMjJodHRwcyUzQSUyRiUyRmF3YXJkcy5pbmZjZG4ubmV0JTJGY2lyY2xlX3YyLmNzcyUyMiUyMHJlbCUzRCUyMnN0eWxlc2hlZXQlMjIlMkYlM0UlM0NkaXYlMjBpZCUzRCUyMmNpcmNsZV92MiUyMiUyMG9uY2xpY2slM0QlMjJpZiUyOGV2ZW50LnRhcmdldC5ub2RlTmFtZS50b0xvd2VyQ2FzZSUyOCUyOSUyMCUyMSUzRCUyMCUyN2ElMjclMjklMjAlN0J3aW5kb3cub3BlbiUyOHRoaXMucXVlcnlTZWxlY3RvciUyOCUyNy5zcV9jZW50ZXIlMjclMjkuaHJlZiUyOSUzQnJldHVybiUyMDAlM0IlN0QlMjIlM0UlMjAlM0NkaXYlMjBjbGFzcyUzRCUyMmFyYy1oZWFkaW5nJTIwJTIyJTNFJTIwJTNDc3ZnJTIweG1sbnMlM0QlMjJodHRwJTNBJTJGJTJGd3d3LnczLm9yZyUyRjIwMDAlMkZzdmclMjIlMjB4bWxucyUzQXhsaW5rJTNEJTIyaHR0cCUzQSUyRiUyRnd3dy53My5vcmclMkYxOTk5JTJGeGxpbmslMjIlMjB3aWR0aCUzRCUyMjE2MHB4JTIyJTIwaGVpZ2h0JTNEJTIyMTYwcHglMjIlMjB2aWV3Qm94JTNEJTIyMCUyMDAlMjAxNjAlMjAxNjAlMjIlM0UlMjAlM0NkZWZzJTNFJTIwJTNDcGF0aCUyMGlkJTNEJTIyaGVhZGluZy1hcmMlMjIlMjBkJTNEJTIyTSUyMDMwJTIwODAlMjBhJTIwNTAlMjA1MCUyMDAlMjAxJTIwMSUyMDEwMCUyMDAlMjIlM0UlM0MlMkZwYXRoJTNFJTIwJTNDJTJGZGVmcyUzRSUyMCUzQ3RleHQlMjBjbGFzcyUzRCUyMmFyYy1oZWFkaW5nX19oZWFkaW5nJTIwJTIyJTIwZmlsbCUzRCUyMiUyMzAwMCUyMiUyMHRleHQtYW5jaG9yJTNEJTIybWlkZGxlJTIyJTNFJTIwJTNDdGV4dFBhdGglMjBzdGFydE9mZnNldCUzRCUyMjUwJTI1JTIyJTIweGxpbmslM0FocmVmJTNEJTIyJTIzaGVhZGluZy1hcmMlMjIlM0VSZWNvbW1lbmRlZCUzQyUyRnRleHRQYXRoJTNFJTIwJTNDJTJGdGV4dCUzRSUyMCUzQyUyRnN2ZyUzRSUyMCUzQyUyRmRpdiUzRSUyMCUzQ2RpdiUyMGNsYXNzJTNEJTIyc3FfeWVhciUyMiUzRTIwMjElM0MlMkZkaXYlM0UlMjAlM0NhJTIwaHJlZiUzRCUyMmh0dHBzJTNBJTJGJTJGcmVzdGF1cmFudGd1cnUuY29tJTJGSm9uYXMtQi1HdW5kZXJzZW4tS29uZ3NiZXJnJTIyJTIwY2xhc3MlM0QlMjJzcV9jZW50ZXIlMjBmMTQlMjIlMjB0YXJnZXQlM0QlMjJfYmxhbmslMjIlM0VKb25hcyUyMEIuJTIwS29uZ3NiZXJnJTNDJTJGYSUzRSUyMCUzQ2RpdiUyMGNsYXNzJTNEJTIyYXJjLWhlYWRpbmclMjBhcmMtaGVhZGluZ19fYm90dG9tJTIyJTNFJTIwJTNDc3ZnJTIweG1sbnMlM0QlMjJodHRwJTNBJTJGJTJGd3d3LnczLm9yZyUyRjIwMDAlMkZzdmclMjIlMjB4bWxucyUzQXhsaW5rJTNEJTIyaHR0cCUzQSUyRiUyRnd3dy53My5vcmclMkYxOTk5JTJGeGxpbmslMjIlMjB3aWR0aCUzRCUyMjEyMHB4JTIyJTIwaGVpZ2h0JTNEJTIyMTIwcHglMjIlMjB2aWV3Qm94JTNEJTIyMCUyMDAlMjAxMjAlMjAxMjAlMjIlM0UlMjAlM0NkZWZzJTNFJTIwJTNDcGF0aCUyMGlkJTNEJTIyc3ViaGVhZGluZy1hcmMlMjIlMjBkJTNEJTIyTSUyMDEyJTIwNjAlMjBhJTIwNDglMjA0OCUyMDAlMjAwJTIwMCUyMDk2JTIwMCUyMiUzRSUzQyUyRnBhdGglM0UlMjAlM0MlMkZkZWZzJTNFJTIwJTNDdGV4dCUyMGNsYXNzJTNEJTIyYXJjLWhlYWRpbmdfX3N1YmhlYWRpbmclMjIlMjBmaWxsJTNEJTIyJTIzMDAwJTIyJTIwdGV4dC1hbmNob3IlM0QlMjJtaWRkbGUlMjIlM0UlMjAlM0N0ZXh0UGF0aCUyMHN0YXJ0T2Zmc2V0JTNEJTIyNTAlMjUlMjIlMjB4bGluayUzQWhyZWYlM0QlMjIlMjNzdWJoZWFkaW5nLWFyYyUyMiUzRSUzQ2ElMjBocmVmJTNEJTIyaHR0cHMlM0ElMkYlMkZyZXN0YXVyYW50Z3VydS5jb20lMjIlMjB0YXJnZXQlM0QlMjJfYmxhbmslMjIlM0VSZXN0YXVyYW50JTIwR3VydSUzQyUyRmElM0UlM0MlMkZ0ZXh0UGF0aCUzRSUyMCUzQyUyRnRleHQlM0UlMjAlM0MlMkZzdmclM0UlMjAlM0MlMkZkaXYlM0UlM0MlMkZkaXYlM0U=[\/vc_raw_html][\/vc_column][vc_column width=&raquo;1\/4&#8243;][vc_raw_html]JTNDZGl2JTIwaWQlM0QlMjJUQV9jZXJ0aWZpY2F0ZU9mRXhjZWxsZW5jZTk4MSUyMiUyMGNsYXNzJTNEJTIyVEFfY2VydGlmaWNhdGVPZkV4Y2VsbGVuY2UlMjIlM0UlM0N1bCUyMGlkJTNEJTIyUWs2TXI2Y0ZiTiUyMiUyMGNsYXNzJTNEJTIyVEFfbGlua3MlMjBCSkR5ckh6WllMViUyMiUzRSUzQ2xpJTIwaWQlM0QlMjJncE16MW9TVCUyMiUyMGNsYXNzJTNEJTIyd2lVenk3ZE5qMyUyMiUzRSUzQ2ElMjB0YXJnZXQlM0QlMjJfYmxhbmslMjIlMjBocmVmJTNEJTIyaHR0cHMlM0ElMkYlMkZ3d3cudHJpcGFkdmlzb3IuY29tJTJGUmVzdGF1cmFudF9SZXZpZXctZzIzMDA3Ny1kMzM4NTA1Mi1SZXZpZXdzLUpvbmFzX0JfS29uZ3NiZXJnLUtvbmdzYmVyZ19Lb25nc2JlcmdfTXVuaWNpcGFsaXR5X0J1c2tlcnVkX0Vhc3Rlcm5fTm9yd2F5Lmh0bWwlMjIlM0UlM0NpbWclMjBzcmMlM0QlMjJodHRwcyUzQSUyRiUyRnN0YXRpYy50YWNkbi5jb20lMkZpbWcyJTJGdHJhdmVsZXJzX2Nob2ljZSUyRndpZGdldHMlMkZ0Y2hvdGVsXzIwMjFfTC5wbmclMjIlMjBhbHQlM0QlMjJUcmlwQWR2aXNvciUyMiUyMGNsYXNzJTNEJTIyd2lkQ09FSW1nJTIyJTIwaWQlM0QlMjJDRFNXSURDT0VMT0dPJTIyJTJGJTNFJTNDJTJGYSUzRSUzQyUyRmxpJTNFJTNDJTJGdWwlM0UlM0MlMkZkaXYlM0UlM0NzY3JpcHQlMjBhc3luYyUyMHNyYyUzRCUyMmh0dHBzJTNBJTJGJTJGd3d3LmpzY2FjaGUuY29tJTJGd2VqcyUzRnd0eXBlJTNEY2VydGlmaWNhdGVPZkV4Y2VsbGVuY2UlMjZhbXAlM0J1bmlxJTNEOTgxJTI2YW1wJTNCbG9jYXRpb25JZCUzRDMzODUwNTIlMjZhbXAlM0JsYW5nJTNEZW5fVVMlMjZhbXAlM0J5ZWFyJTNEMjAyMSUyNmFtcCUzQmRpc3BsYXlfdmVyc2lvbiUzRDIlMjIlMjBkYXRhLWxvYWR0cmslMjBvbmxvYWQlM0QlMjJ0aGlzLmxvYWR0cmslM0R0cnVlJTIyJTNFJTNDJTJGc2NyaXB0JTNF[\/vc_raw_html][\/vc_column][vc_column width=&raquo;1\/4&#8243;][vc_raw_html]JTNDZGl2JTIwaWQlM0QlMjJUQV9jZXJ0aWZpY2F0ZU9mRXhjZWxsZW5jZTgxOSUyMiUyMGNsYXNzJTNEJTIyVEFfY2VydGlmaWNhdGVPZkV4Y2VsbGVuY2UlMjIlM0UlM0N1bCUyMGlkJTNEJTIybFVNMUoyd2UlMjIlMjBjbGFzcyUzRCUyMlRBX2xpbmtzJTIwWEpQU0UwMTFPblExJTIyJTNFJTNDbGklMjBpZCUzRCUyMjNDN1RXdSUyMiUyMGNsYXNzJTNEJTIyY0VVZUdrV1FGdDdDJTIyJTNFJTNDYSUyMHRhcmdldCUzRCUyMl9ibGFuayUyMiUyMGhyZWYlM0QlMjJodHRwcyUzQSUyRiUyRnd3dy50cmlwYWR2aXNvci5jb20lMkZSZXN0YXVyYW50X1Jldmlldy1nMjMwMDc3LWQzMzg1MDUyLVJldmlld3MtSm9uYXNfQl9Lb25nc2JlcmctS29uZ3NiZXJnX0tvbmdzYmVyZ19NdW5pY2lwYWxpdHlfQnVza2VydWRfRWFzdGVybl9Ob3J3YXkuaHRtbCUyMiUzRSUzQ2ltZyUyMHNyYyUzRCUyMmh0dHBzJTNBJTJGJTJGd3d3LnRyaXBhZHZpc29yLmNvbSUyRmltZyUyRmNkc2klMkZpbWcyJTJGYXdhcmRzJTJGdjIlMkZ0Y2hvdGVsXzIwMjBfTC0xNDM0OC0yLnBuZyUyMiUyMGFsdCUzRCUyMlRyaXBBZHZpc29yJTIyJTIwY2xhc3MlM0QlMjJ3aWRDT0VJbWclMjIlMjBpZCUzRCUyMkNEU1dJRENPRUxPR08lMjIlMkYlM0UlM0MlMkZhJTNFJTNDJTJGbGklM0UlM0MlMkZ1bCUzRSUzQyUyRmRpdiUzRSUzQ3NjcmlwdCUyMGFzeW5jJTIwc3JjJTNEJTIyaHR0cHMlM0ElMkYlMkZ3d3cuanNjYWNoZS5jb20lMkZ3ZWpzJTNGd3R5cGUlM0RjZXJ0aWZpY2F0ZU9mRXhjZWxsZW5jZSUyNmFtcCUzQnVuaXElM0Q4MTklMjZhbXAlM0Jsb2NhdGlvbklkJTNEMzM4NTA1MiUyNmFtcCUzQmxhbmclM0Rlbl9VUyUyNmFtcCUzQnllYXIlM0QyMDIwJTI2YW1wJTNCZGlzcGxheV92ZXJzaW9uJTNEMiUyMiUyMGRhdGEtbG9hZHRyayUyMG9ubG9hZCUzRCUyMnRoaXMubG9hZHRyayUzRHRydWUlMjIlM0UlM0MlMkZzY3JpcHQlM0U=[\/vc_raw_html][\/vc_column][vc_column width=&raquo;1\/4&#8243;][vc_raw_html]JTNDbGluayUyMGhyZWYlM0QlMjJodHRwcyUzQSUyRiUyRmF3YXJkcy5pbmZjZG4ubmV0JTJGY2lyY2xlX3YyLmNzcyUyMiUyMHJlbCUzRCUyMnN0eWxlc2hlZXQlMjIlMkYlM0UlM0NkaXYlMjBpZCUzRCUyMmNpcmNsZV92MiUyMiUyMG9uY2xpY2slM0QlMjJpZiUyOGV2ZW50LnRhcmdldC5ub2RlTmFtZS50b0xvd2VyQ2FzZSUyOCUyOSUyMCUyMSUzRCUyMCUyN2ElMjclMjklMjAlN0J3aW5kb3cub3BlbiUyOHRoaXMucXVlcnlTZWxlY3RvciUyOCUyNy5zcV9jZW50ZXIlMjclMjkuaHJlZiUyOSUzQnJldHVybiUyMDAlM0IlN0QlMjIlM0UlMjAlM0NkaXYlMjBjbGFzcyUzRCUyMmFyYy1oZWFkaW5nJTIwJTIyJTNFJTIwJTNDc3ZnJTIweG1sbnMlM0QlMjJodHRwJTNBJTJGJTJGd3d3LnczLm9yZyUyRjIwMDAlMkZzdmclMjIlMjB4bWxucyUzQXhsaW5rJTNEJTIyaHR0cCUzQSUyRiUyRnd3dy53My5vcmclMkYxOTk5JTJGeGxpbmslMjIlMjB3aWR0aCUzRCUyMjE2MHB4JTIyJTIwaGVpZ2h0JTNEJTIyMTYwcHglMjIlMjB2aWV3Qm94JTNEJTIyMCUyMDAlMjAxNjAlMjAxNjAlMjIlM0UlMjAlM0NkZWZzJTNFJTIwJTNDcGF0aCUyMGlkJTNEJTIyaGVhZGluZy1hcmMlMjIlMjBkJTNEJTIyTSUyMDMwJTIwODAlMjBhJTIwNTAlMjA1MCUyMDAlMjAxJTIwMSUyMDEwMCUyMDAlMjIlM0UlM0MlMkZwYXRoJTNFJTIwJTNDJTJGZGVmcyUzRSUyMCUzQ3RleHQlMjBjbGFzcyUzRCUyMmFyYy1oZWFkaW5nX19oZWFkaW5nJTIwJTIyJTIwZmlsbCUzRCUyMiUyMzAwMCUyMiUyMHRleHQtYW5jaG9yJTNEJTIybWlkZGxlJTIyJTNFJTIwJTNDdGV4dFBhdGglMjBzdGFydE9mZnNldCUzRCUyMjUwJTI1JTIyJTIweGxpbmslM0FocmVmJTNEJTIyJTIzaGVhZGluZy1hcmMlMjIlM0VCZXN0JTIwcGl6emElM0MlMkZ0ZXh0UGF0aCUzRSUyMCUzQyUyRnRleHQlM0UlMjAlM0MlMkZzdmclM0UlMjAlM0MlMkZkaXYlM0UlMjAlM0NkaXYlMjBjbGFzcyUzRCUyMnNxX3llYXIlMjIlM0UyMDIxJTNDJTJGZGl2JTNFJTIwJTNDYSUyMGhyZWYlM0QlMjJodHRwcyUzQSUyRiUyRnJlc3RhdXJhbnRndXJ1LmNvbSUyRkpvbmFzLUItR3VuZGVyc2VuLUtvbmdzYmVyZyUyMiUyMGNsYXNzJTNEJTIyc3FfY2VudGVyJTIwZjE0JTIyJTIwdGFyZ2V0JTNEJTIyX2JsYW5rJTIyJTNFSm9uYXMlMjBCLiUyMEtvbmdzYmVyZyUzQyUyRmElM0UlMjAlM0NkaXYlMjBjbGFzcyUzRCUyMmFyYy1oZWFkaW5nJTIwYXJjLWhlYWRpbmdfX2JvdHRvbSUyMiUzRSUyMCUzQ3N2ZyUyMHhtbG5zJTNEJTIyaHR0cCUzQSUyRiUyRnd3dy53My5vcmclMkYyMDAwJTJGc3ZnJTIyJTIweG1sbnMlM0F4bGluayUzRCUyMmh0dHAlM0ElMkYlMkZ3d3cudzMub3JnJTJGMTk5OSUyRnhsaW5rJTIyJTIwd2lkdGglM0QlMjIxMjBweCUyMiUyMGhlaWdodCUzRCUyMjEyMHB4JTIyJTIwdmlld0JveCUzRCUyMjAlMjAwJTIwMTIwJTIwMTIwJTIyJTNFJTIwJTNDZGVmcyUzRSUyMCUzQ3BhdGglMjBpZCUzRCUyMnN1YmhlYWRpbmctYXJjJTIyJTIwZCUzRCUyMk0lMjAxMiUyMDYwJTIwYSUyMDQ4JTIwNDglMjAwJTIwMCUyMDAlMjA5NiUyMDAlMjIlM0UlM0MlMkZwYXRoJTNFJTIwJTNDJTJGZGVmcyUzRSUyMCUzQ3RleHQlMjBjbGFzcyUzRCUyMmFyYy1oZWFkaW5nX19zdWJoZWFkaW5nJTIyJTIwZmlsbCUzRCUyMiUyMzAwMCUyMiUyMHRleHQtYW5jaG9yJTNEJTIybWlkZGxlJTIyJTNFJTIwJTNDdGV4dFBhdGglMjBzdGFydE9mZnNldCUzRCUyMjUwJTI1JTIyJTIweGxpbmslM0FocmVmJTNEJTIyJTIzc3ViaGVhZGluZy1hcmMlMjIlM0UlM0NhJTIwaHJlZiUzRCUyMmh0dHBzJTNBJTJGJTJGcmVzdGF1cmFudGd1cnUuY29tJTIyJTIwdGFyZ2V0JTNEJTIyX2JsYW5rJTIyJTNFUmVzdGF1cmFudCUyMEd1cnUlM0MlMkZhJTNFJTNDJTJGdGV4dFBhdGglM0UlMjAlM0MlMkZ0ZXh0JTNFJTIwJTNDJTJGc3ZnJTNFJTIwJTNDJTJGZGl2JTNFJTNDJTJGZGl2JTNF[\/vc_raw_html][\/vc_column][\/vc_row]<\/p>\n<\/section>","protected":false},"excerpt":{"rendered":"<p>[vc_section full_width=&raquo;stretch_row&raquo; full_height=&raquo;yes&raquo; content_placement=&raquo;middle&raquo; css=&raquo;.vc_custom_1574421265061{margin-top: 0px !important;margin-bottom: 0px !important;background-image: url(https:\/\/jonas-b.no\/kongsberg\/wp-content\/uploads\/sites\/5\/2019\/09\/Pizza_Stavanger_0673_GreenMean_shrink-1440&#215;670-front.jpg?id=477) !important;background-position: center !important;background-repeat: no-repeat !important;background-size: cover !important;}&raquo;][vc_row][vc_column][vc_custom_heading text=&raquo;Velkommen!&raquo; font_container=&raquo;tag:h2|font_size:50|text_align:center&raquo; use_theme_fonts=&raquo;yes&raquo;][vc_column_text el_class=&raquo;header_title&raquo; css=&raquo;.vc_custom_1631700366367{background-position: center !important;background-repeat: no-repeat !important;background-size:<span class=\"excerpt-hellip\"> [\u2026]<\/span><\/p>\n","protected":false},"author":1,"featured_media":0,"parent":0,"menu_order":0,"comment_status":"closed","ping_status":"closed","template":"","meta":{"footnotes":""},"_links":{"self":[{"href":"https:\/\/jonas-b.no\/kongsberg\/wp-json\/wp\/v2\/pages\/73"}],"collection":[{"href":"https:\/\/jonas-b.no\/kongsberg\/wp-json\/wp\/v2\/pages"}],"about":[{"href":"https:\/\/jonas-b.no\/kongsberg\/wp-json\/wp\/v2\/types\/page"}],"author":[{"embeddable":true,"href":"https:\/\/jonas-b.no\/kongsberg\/wp-json\/wp\/v2\/users\/1"}],"replies":[{"embeddable":true,"href":"https:\/\/jonas-b.no\/kongsberg\/wp-json\/wp\/v2\/comments?post=73"}],"version-history":[{"count":197,"href":"https:\/\/jonas-b.no\/kongsberg\/wp-json\/wp\/v2\/pages\/73\/revisions"}],"predecessor-version":[{"id":1342,"href":"https:\/\/jonas-b.no\/kongsberg\/wp-json\/wp\/v2\/pages\/73\/revisions\/1342"}],"wp:attachment":[{"href":"https:\/\/jonas-b.no\/kongsberg\/wp-json\/wp\/v2\/media?parent=73"}],"curies":[{"name":"wp","href":"https:\/\/api.w.org\/{rel}","templated":true}]}}