{"id":592,"date":"2019-10-01T01:39:31","date_gmt":"2019-09-30T23:39:31","guid":{"rendered":"https:\/\/jonas.identy.no\/kongsberg\/?page_id=592"},"modified":"2019-10-01T01:39:31","modified_gmt":"2019-09-30T23:39:31","slug":"personvern","status":"publish","type":"page","link":"https:\/\/jonas-b.no\/kongsberg\/personvern\/","title":{"rendered":"Personvernerkl\u00e6ring"},"content":{"rendered":"<section class=\"wpb-content-wrapper\"><p>[vc_row css=&raquo;.vc_custom_1569845887878{margin-top: 35px !important;margin-bottom: 20px !important;}&raquo;][vc_column][vc_custom_heading text=&raquo;Personvernerkl\u00e6ring&raquo; font_container=&raquo;tag:h1|text_align:center&raquo; use_theme_fonts=&raquo;yes&raquo;][\/vc_column][\/vc_row][vc_row css=&raquo;.vc_custom_1569849699383{margin-right: 0px !important;margin-bottom: 0px !important;margin-left: 0px !important;padding-top: 0px !important;padding-right: 0px !important;padding-bottom: 0px !important;padding-left: 0px !important;}&raquo;][vc_column][vc_column_text css=&raquo;.vc_custom_1569886768202{padding-top: 35px !important;padding-right: 35px !important;padding-bottom: 35px !important;padding-left: 35px !important;background-color: #ffffff !important;}&raquo;]<\/p>\n<h4>Behandling av personopplysninger og informasjonskapsler (cookies). For v\u00e5re nettsteder gjelder f\u00f8lgende:<\/h4>\n<p><b>Behandling av personopplysninger skjer i henhold til personopplysningsloven.<\/b><\/p>\n<p>Ved bes\u00f8k p\u00e5 v\u00e5re nettsteder er du anonym. Ved bes\u00f8k registreres kun din datamaskins domenenavn (IP-adresse), ikke din e-post adresse. Dersom du gjennom v\u00e5re nettsteder \u00f8nsker at vi skal utf\u00f8re noen tjenester for deg, eller \u00e5 f\u00e5 tilgang til innhold som krever registrering, kan vi trenge visse personopplysninger. Personopplysninger du oppgir til oss brukes for at vi skal kunne yte deg bedre service og tjenester, og brukes bare i tr\u00e5d med det aktuelle form\u00e5let og p\u00e5 en sikker m\u00e5te. Dine personopplysninger vil ikke bli benyttet til markedsf\u00f8ringsform\u00e5l utenfor Jonas B. Gundersen AS og ei heller bli solgt eller gitt videre til tredjepart.<\/p>\n<p>Ved oppkobling til v\u00e5re nettsteder, kan vi automatisk (dvs. ikke ved registrering) innhente ikke-personlige data (for eksempel type nettleser, og operativsystem som er brukt, antall bes\u00f8k, gjennomsnittlig tid du er inne p\u00e5 nettstedet og hvilke sider du har sett p\u00e5 og domenenavn). Vi kan bruke disse dataene for \u00e5 overv\u00e5ke hvor popul\u00e6re v\u00e5re nettsteder er og for \u00e5 forbedre egenskaper eller innhold.<\/p>\n<p><b>\u00abCookies\u00bb \u2013 informasjonskapsler som lagres automatisk p\u00e5 din datamaskin:<\/b><\/p>\n<p>N\u00e5r du bes\u00f8ker v\u00e5re nettsteder kan vi lagre data p\u00e5 din datamaskin i form av en \u00abcookie\u00bb for \u00e5 kjenne igjen datamaskinen neste gang du bes\u00f8ker oss. Hvis du ikke vil motta cookies, kan du sette opp nettleseren din slik at den sletter alle cookies fra harddisken p\u00e5 datamaskinen, blokkerer alle cookies eller gir en melding f\u00f8r en cookie blir lagret.<\/p>\n<p>V\u00e5re nettsteder inneholder lenker til andre nettsteder. Vi er ikke ansvarlig for personvernpraksis eller innhold p\u00e5 andre nettsteder. Vi anser informasjonen p\u00e5 v\u00e5re nettsteder som p\u00e5litelig, men kan likevel ikke garantere at informasjonen til enhver tid er korrekt, fullstendig eller tilgjengelig. Vi fraskriver oss s\u00e5ledes ethvert ansvar for feil, mangler og manglende tilgjengelighet p\u00e5 sidene.<\/p>\n<p><a href=\"http:\/\/www.jonas-b.no\/kristiansand\/cookies\/\">Se hvilke cookies vi lagrer her<\/a><\/p>\n<p><b>Immaterialrett:<\/b><\/p>\n<p>Vi har alle immaterielle rettigheter til innhold p\u00e5 v\u00e5re nettsteder, og gjengivelse av innholdet p\u00e5 disse er kun tillatt med skriftlig samtykke fra oss.<\/p>\n<p><strong>Innsynsbegj\u00e6ring<\/strong>\u00a0<a href=\"https:\/\/jonas-b.no\/kongsberg\/wp-content\/uploads\/sites\/5\/2019\/10\/Innsynsbegj\u00e6ring.pdf\">PDF<\/a><br \/>\nSkjema for \u00e5 be om innsyn i personopplysninger som er lagret.<\/p>\n<p><strong>Krav om sletting<\/strong>\u00a0<a href=\"https:\/\/jonas-b.no\/kongsberg\/wp-content\/uploads\/sites\/5\/2019\/10\/Krav-om-sletting.pdf\">PDF<\/a><br \/>\nSkjema for \u00e5 kreve sletting av dine personopplysninger.[\/vc_column_text][\/vc_column][\/vc_row]<\/p>\n<\/section>","protected":false},"excerpt":{"rendered":"<p>[vc_row css=&raquo;.vc_custom_1569845887878{margin-top: 35px !important;margin-bottom: 20px !important;}&raquo;][vc_column][vc_custom_heading text=&raquo;Personvernerkl\u00e6ring&raquo; font_container=&raquo;tag:h1|text_align:center&raquo; use_theme_fonts=&raquo;yes&raquo;][\/vc_column][\/vc_row][vc_row css=&raquo;.vc_custom_1569849699383{margin-right: 0px !important;margin-bottom: 0px !important;margin-left: 0px !important;padding-top: 0px !important;padding-right: 0px !important;padding-bottom: 0px !important;padding-left: 0px !important;}&raquo;][vc_column][vc_column_text css=&raquo;.vc_custom_1569886768202{padding-top: 35px<span class=\"excerpt-hellip\"> [\u2026]<\/span><\/p>\n","protected":false},"author":1,"featured_media":0,"parent":0,"menu_order":0,"comment_status":"closed","ping_status":"closed","template":"","meta":{"footnotes":""},"_links":{"self":[{"href":"https:\/\/jonas-b.no\/kongsberg\/wp-json\/wp\/v2\/pages\/592"}],"collection":[{"href":"https:\/\/jonas-b.no\/kongsberg\/wp-json\/wp\/v2\/pages"}],"about":[{"href":"https:\/\/jonas-b.no\/kongsberg\/wp-json\/wp\/v2\/types\/page"}],"author":[{"embeddable":true,"href":"https:\/\/jonas-b.no\/kongsberg\/wp-json\/wp\/v2\/users\/1"}],"replies":[{"embeddable":true,"href":"https:\/\/jonas-b.no\/kongsberg\/wp-json\/wp\/v2\/comments?post=592"}],"version-history":[{"count":1,"href":"https:\/\/jonas-b.no\/kongsberg\/wp-json\/wp\/v2\/pages\/592\/revisions"}],"predecessor-version":[{"id":595,"href":"https:\/\/jonas-b.no\/kongsberg\/wp-json\/wp\/v2\/pages\/592\/revisions\/595"}],"wp:attachment":[{"href":"https:\/\/jonas-b.no\/kongsberg\/wp-json\/wp\/v2\/media?parent=592"}],"curies":[{"name":"wp","href":"https:\/\/api.w.org\/{rel}","templated":true}]}}