{"id":52,"date":"2019-09-06T11:34:08","date_gmt":"2019-09-06T09:34:08","guid":{"rendered":"https:\/\/jonas.identy.no\/kongsberg\/?page_id=52"},"modified":"2026-04-22T12:39:25","modified_gmt":"2026-04-22T10:39:25","slug":"catering","status":"publish","type":"page","link":"https:\/\/jonas-b.no\/kongsberg\/catering\/","title":{"rendered":"Catering"},"content":{"rendered":"<section class=\"wpb-content-wrapper\"><p>[vc_section][vc_row][vc_column][vc_custom_heading text=&raquo;Catering&raquo; font_container=&raquo;tag:h1|text_align:center&raquo; use_theme_fonts=&raquo;yes&raquo;][\/vc_column][\/vc_row][vc_row css=&raquo;.vc_custom_1569860841128{margin-right: 0px !important;margin-bottom: 0px !important;margin-left: 0px !important;padding-top: 0px !important;padding-right: 0px !important;padding-bottom: 0px !important;padding-left: 0px !important;}&raquo;][vc_column][vc_single_image image=&raquo;53&#8243; img_size=&raquo;full&raquo; alignment=&raquo;center&raquo; css=&raquo;.vc_custom_1568609813195{border-bottom-width: 0px !important;padding-bottom: 0px !important;}&raquo;][vc_column_text css=&raquo;.vc_custom_1776338360925{padding-top: 35px !important;padding-right: 35px !important;padding-bottom: 35px !important;padding-left: 35px !important;background-color: #ffffff !important;}&raquo;]<\/p>\n<h3 style=\"text-align: left\">Vil du holde selskapet et annet sted? Maten leverer vi gjerne!<\/h3>\n<p style=\"text-align: left\">Aller helst vil vi jo \u00f8nske deg og dine velkommen i restauranten v\u00e5r, men for all del \u2013 vi skj\u00f8nner at det av og til blir riktig \u00e5 holde selskapet et annet sted.<\/p>\n<p style=\"text-align: left\">Men maten leverer vi gjerne! Ring oss eller send en mail, s\u00e5 avtaler vi n\u00e6rmere. Og n\u00e5r dere f\u00e5r skryt for maten, lover vi \u00e5 holde tett om at det er kokkene v\u00e5re som har laget den!<\/p>\n<p style=\"text-align: left\">Telefon: <a href=\"tel:32728800\">32 72 88 00<\/a><br \/>\nE-post: <a href=\"mailto:kongsberg@jonas-b.no\">kongsberg@jonas-b.no<\/a><\/p>\n<p>[\/vc_column_text][vc_row_inner][vc_column_inner width=&raquo;1\/2&#8243;][vc_column_text css=&raquo;.vc_custom_1776848073816{padding-top: 35px !important;padding-right: 35px !important;padding-bottom: 35px !important;padding-left: 35px !important;background-color: #ffffff !important;}&raquo;]<\/p>\n<h3 style=\"text-align: left\">For meny &#8211; klikk p\u00e5 knappene under<\/h3>\n<p>[\/vc_column_text][vc_btn title=&raquo;Grillmat&raquo; style=&raquo;custom&raquo; custom_background=&raquo;#c1a160&#8243; custom_text=&raquo;#0a0a0a&raquo; size=&raquo;lg&raquo; css_animation=&raquo;none&raquo; link=&raquo;url:https%3A%2F%2Fjonas-b.no%2Fkongsberg%2Fgrillmat%2F|title:Grillmat&raquo; css=&raquo;.vc_custom_1776848882867{padding-top: 5px !important;padding-right: 5px !important;padding-bottom: 5px !important;padding-left: 5px !important;}&raquo;][vc_btn title=&raquo;Snitter &amp; Sm\u00f8rbr\u00f8d&raquo; style=&raquo;custom&raquo; custom_background=&raquo;#c1a160&#8243; custom_text=&raquo;#0a0a0a&raquo; size=&raquo;lg&raquo; link=&raquo;url:https%3A%2F%2Fjonas-b.no%2Fkongsberg%2Fsnitter-og-smorbrod%2F|title:Snitter%20%26%20Sm%C3%B8rbr%C3%B8d&raquo; css=&raquo;.vc_custom_1776848914026{padding-top: 5px !important;padding-right: 5px !important;padding-bottom: 5px !important;padding-left: 5px !important;}&raquo;][\/vc_column_inner][vc_column_inner width=&raquo;1\/2&#8243;][vc_single_image image=&raquo;1383&#8243;][\/vc_column_inner][\/vc_row_inner][\/vc_column][\/vc_row][\/vc_section]<\/p>\n<\/section>","protected":false},"excerpt":{"rendered":"<p>[vc_section][vc_row][vc_column][vc_custom_heading text=&raquo;Catering&raquo; font_container=&raquo;tag:h1|text_align:center&raquo; use_theme_fonts=&raquo;yes&raquo;][\/vc_column][\/vc_row][vc_row css=&raquo;.vc_custom_1569860841128{margin-right: 0px !important;margin-bottom: 0px !important;margin-left: 0px !important;padding-top: 0px !important;padding-right: 0px !important;padding-bottom: 0px !important;padding-left: 0px !important;}&raquo;][vc_column][vc_single_image image=&raquo;53&#8243; img_size=&raquo;full&raquo; alignment=&raquo;center&raquo; css=&raquo;.vc_custom_1568609813195{border-bottom-width: 0px !important;padding-bottom: 0px<span class=\"excerpt-hellip\"> [\u2026]<\/span><\/p>\n","protected":false},"author":1,"featured_media":0,"parent":0,"menu_order":0,"comment_status":"closed","ping_status":"closed","template":"","meta":{"footnotes":""},"_links":{"self":[{"href":"https:\/\/jonas-b.no\/kongsberg\/wp-json\/wp\/v2\/pages\/52"}],"collection":[{"href":"https:\/\/jonas-b.no\/kongsberg\/wp-json\/wp\/v2\/pages"}],"about":[{"href":"https:\/\/jonas-b.no\/kongsberg\/wp-json\/wp\/v2\/types\/page"}],"author":[{"embeddable":true,"href":"https:\/\/jonas-b.no\/kongsberg\/wp-json\/wp\/v2\/users\/1"}],"replies":[{"embeddable":true,"href":"https:\/\/jonas-b.no\/kongsberg\/wp-json\/wp\/v2\/comments?post=52"}],"version-history":[{"count":57,"href":"https:\/\/jonas-b.no\/kongsberg\/wp-json\/wp\/v2\/pages\/52\/revisions"}],"predecessor-version":[{"id":1413,"href":"https:\/\/jonas-b.no\/kongsberg\/wp-json\/wp\/v2\/pages\/52\/revisions\/1413"}],"wp:attachment":[{"href":"https:\/\/jonas-b.no\/kongsberg\/wp-json\/wp\/v2\/media?parent=52"}],"curies":[{"name":"wp","href":"https:\/\/api.w.org\/{rel}","templated":true}]}}