{"id":1402,"date":"2026-04-22T10:57:33","date_gmt":"2026-04-22T08:57:33","guid":{"rendered":"https:\/\/jonas-b.no\/kongsberg\/?page_id=1402"},"modified":"2026-04-22T11:27:56","modified_gmt":"2026-04-22T09:27:56","slug":"snitter-og-smorbrod","status":"publish","type":"page","link":"https:\/\/jonas-b.no\/kongsberg\/snitter-og-smorbrod\/","title":{"rendered":"Snitter og Sm\u00f8rbr\u00f8d"},"content":{"rendered":"<section class=\"wpb-content-wrapper\"><p>[vc_section][vc_row][vc_column][vc_custom_heading text=&raquo;Snitter &amp; Sm\u00f8rbr\u00f8d&raquo; font_container=&raquo;tag:h1|text_align:center&raquo; use_theme_fonts=&raquo;yes&raquo;][\/vc_column][\/vc_row][vc_row css=&raquo;.vc_custom_1569860841128{margin-right: 0px !important;margin-bottom: 0px !important;margin-left: 0px !important;padding-top: 0px !important;padding-right: 0px !important;padding-bottom: 0px !important;padding-left: 0px !important;}&raquo;][vc_column][vc_single_image image=&raquo;584&#8243; img_size=&raquo;full&raquo; alignment=&raquo;center&raquo; css=&raquo;.vc_custom_1776848325269{border-bottom-width: 0px !important;padding-bottom: 0px !important;}&raquo;][vc_column_text css=&raquo;.vc_custom_1776849299440{padding-top: 35px !important;padding-right: 35px !important;padding-bottom: 35px !important;padding-left: 35px !important;background-color: #ffffff !important;}&raquo;]<\/p>\n<h3 style=\"text-align: left\"><span style=\"font-size: 24pt\">Meny<\/span><\/h3>\n<h4><strong>3 typer snitter<\/strong><\/h4>\n<ul>\n<li><strong>Roastbeef<\/strong><br \/>\nRemulade, sylteagurk, r\u00f8dl\u00f8k, frisk salat og spr\u00f8stekt l\u00f8k<\/li>\n<li><strong>R\u00f8kelaks<\/strong><br \/>\nEgger\u00f8re og frisk salat<\/li>\n<li><strong>Skagenr\u00f8re<\/strong><br \/>\nReker, krepsehaler og egg i majonesdressing, frisk salat og \u00f8rretrogn<\/li>\n<\/ul>\n<p>265,- pr. pers.[\/vc_column_text][vc_column_text css=&raquo;.vc_custom_1776849415921{padding-top: 35px !important;padding-right: 35px !important;padding-bottom: 35px !important;padding-left: 35px !important;background-color: #ffffff !important;}&raquo;]<\/p>\n<h4><strong>3 typer snitter og karbonadesm\u00f8rbr\u00f8d<\/strong><\/h4>\n<ul>\n<li><strong>Roastbeef<\/strong><br \/>\nRemulade, sylteagurk, r\u00f8dl\u00f8k, frisk salat og spr\u00f8stekt l\u00f8k<\/li>\n<li><strong>R\u00f8kelaks<\/strong><br \/>\nEgger\u00f8re og frisk salat<\/li>\n<li><strong>Skagenr\u00f8re<\/strong><br \/>\nReker, krepsehaler og egg i majonesdressing, frisk salat og \u00f8rretrogn<\/li>\n<li><strong>Karbonade<\/strong><br \/>\nKaramellisert l\u00f8k, sylteagurk og frisk salat<\/li>\n<\/ul>\n<p>365,- pr. pers.[\/vc_column_text][vc_column_text css=&raquo;.vc_custom_1776849996600{padding-top: 35px !important;padding-right: 35px !important;padding-bottom: 35px !important;padding-left: 35px !important;background-color: #ffffff !important;}&raquo;]<\/p>\n<h4><strong>3 typer danske sm\u00f8rrebr\u00f8d<\/strong><\/h4>\n<ul>\n<li><strong>Leverpostei<\/strong><br \/>\nStekt sopp, bacon og r\u00f8dbeter<\/li>\n<li><strong>H\u00f8nsesalat<\/strong><br \/>\nSyltet r\u00f8dl\u00f8k, eple og bacon<\/li>\n<li><strong>R\u00f8dspette<\/strong><br \/>\nPanert r\u00f8dspette, remulade og h\u00e5ndpillede reker<\/li>\n<\/ul>\n<p>365,- pr. pers.[\/vc_column_text][vc_column_text css=&raquo;.vc_custom_1776340206784{padding-top: 35px !important;padding-right: 35px !important;padding-bottom: 35px !important;padding-left: 35px !important;background-color: #ffffff !important;}&raquo;]<\/p>\n<h3 style=\"text-align: left\">Kontakt oss for bestilling.<\/h3>\n<p style=\"text-align: left\">Telefon: <a href=\"tel:32728800\">32 72 88 00<\/a><br \/>\nE-post: <a href=\"mailto:kongsberg@jonas-b.no\">kongsberg@jonas-b.no<\/a><\/p>\n<p>[\/vc_column_text][\/vc_column][\/vc_row][vc_row][vc_column][\/vc_column][\/vc_row][\/vc_section]<\/p>\n<\/section>","protected":false},"excerpt":{"rendered":"<p>[vc_section][vc_row][vc_column][vc_custom_heading text=&raquo;Snitter &amp; Sm\u00f8rbr\u00f8d&raquo; font_container=&raquo;tag:h1|text_align:center&raquo; use_theme_fonts=&raquo;yes&raquo;][\/vc_column][\/vc_row][vc_row css=&raquo;.vc_custom_1569860841128{margin-right: 0px !important;margin-bottom: 0px !important;margin-left: 0px !important;padding-top: 0px !important;padding-right: 0px !important;padding-bottom: 0px !important;padding-left: 0px !important;}&raquo;][vc_column][vc_single_image image=&raquo;584&#8243; img_size=&raquo;full&raquo; alignment=&raquo;center&raquo; css=&raquo;.vc_custom_1776848325269{border-bottom-width: 0px<span class=\"excerpt-hellip\"> [\u2026]<\/span><\/p>\n","protected":false},"author":5,"featured_media":0,"parent":0,"menu_order":0,"comment_status":"closed","ping_status":"closed","template":"","meta":{"footnotes":""},"_links":{"self":[{"href":"https:\/\/jonas-b.no\/kongsberg\/wp-json\/wp\/v2\/pages\/1402"}],"collection":[{"href":"https:\/\/jonas-b.no\/kongsberg\/wp-json\/wp\/v2\/pages"}],"about":[{"href":"https:\/\/jonas-b.no\/kongsberg\/wp-json\/wp\/v2\/types\/page"}],"author":[{"embeddable":true,"href":"https:\/\/jonas-b.no\/kongsberg\/wp-json\/wp\/v2\/users\/5"}],"replies":[{"embeddable":true,"href":"https:\/\/jonas-b.no\/kongsberg\/wp-json\/wp\/v2\/comments?post=1402"}],"version-history":[{"count":9,"href":"https:\/\/jonas-b.no\/kongsberg\/wp-json\/wp\/v2\/pages\/1402\/revisions"}],"predecessor-version":[{"id":1419,"href":"https:\/\/jonas-b.no\/kongsberg\/wp-json\/wp\/v2\/pages\/1402\/revisions\/1419"}],"wp:attachment":[{"href":"https:\/\/jonas-b.no\/kongsberg\/wp-json\/wp\/v2\/media?parent=1402"}],"curies":[{"name":"wp","href":"https:\/\/api.w.org\/{rel}","templated":true}]}}