{"id":73,"date":"2019-09-16T06:52:56","date_gmt":"2019-09-16T04:52:56","guid":{"rendered":"https:\/\/jonas.identy.no\/klepp\/?page_id=73"},"modified":"2026-04-20T17:05:33","modified_gmt":"2026-04-20T15:05:33","slug":"forside","status":"publish","type":"page","link":"https:\/\/jonas-b.no\/klepp\/","title":{"rendered":"Forside"},"content":{"rendered":"<section class=\"wpb-content-wrapper\"><p>[vc_section full_width=&raquo;stretch_row&raquo; full_height=&raquo;yes&raquo; content_placement=&raquo;middle&raquo; css=&raquo;.vc_custom_1653908885628{margin-top: 0px !important;margin-bottom: 0px !important;padding-top: 80px !important;background-image: url(https:\/\/jonas-b.no\/klepp\/wp-content\/uploads\/sites\/4\/2020\/04\/8B1A4349.jpg?id=774) !important;background-position: center !important;background-repeat: no-repeat !important;background-size: cover !important;}&raquo;][vc_row][vc_column][vc_column_text el_class=&raquo;header_title&raquo;]<\/p>\n<h1 style=\"text-align: center\"><span style=\"font-size: 32pt;color: #ffffff\"><strong><span style=\"font-size: 36pt\">Velkommen til <\/span><\/strong><\/span><span style=\"font-size: 32pt;color: #c1a160\"><span style=\"color: #ffffff\"><strong><span style=\"font-size: 36pt\">Jonas B. Klepp<\/span><\/strong><\/span><br \/>\n<\/span><\/h1>\n<p>[\/vc_column_text][vc_custom_heading text=&raquo;Jonas B. er en Italiensk Diner med god mat og drikke,<br \/>\nglade servit\u00f8rer, og helt spesielle lokaler.&raquo; font_container=&raquo;tag:h2|text_align:center|color:%23ffffff&raquo; use_theme_fonts=&raquo;yes&raquo; css_animation=&raquo;fadeInDown&raquo;][\/vc_column][\/vc_row][vc_row][vc_column width=&raquo;1\/4&#8243;][\/vc_column][vc_column width=&raquo;1\/4&#8243;][vc_btn title=&raquo;BESTILL BORD&raquo; style=&raquo;custom&raquo; custom_background=&raquo;#c1a160&#8243; custom_text=&raquo;#000000&#8243; size=&raquo;lg&raquo; align=&raquo;center&raquo; button_block=&raquo;true&raquo; link=&raquo;url:https%3A%2F%2Fjonas-b.no%2Fklepp%2Fbestill-bord%2F|||&raquo;][\/vc_column][vc_column width=&raquo;1\/4&#8243;][vc_btn title=&raquo;TAKEAWAY&raquo; style=&raquo;custom&raquo; custom_background=&raquo;#c1a160&#8243; custom_text=&raquo;#000000&#8243; size=&raquo;lg&raquo; align=&raquo;center&raquo; button_block=&raquo;true&raquo; link=&raquo;url:https%3A%2F%2Fjaerhagenmat.e-susoft.com%2Fproducts%2F|title:Take%20Away&raquo; css=&raquo;.vc_custom_1775768453360{border-radius: 2px !important;}&raquo;][\/vc_column][vc_column width=&raquo;1\/4&#8243;][\/vc_column][\/vc_row][\/vc_section][vc_section css=&raquo;.vc_custom_1561483648914{margin-bottom: 0px !important;}&raquo;][vc_row gap=&raquo;35&#8243; equal_height=&raquo;yes&raquo; css=&raquo;.vc_custom_1569860592324{margin-right: 0px !important;margin-bottom: 0px !important;margin-left: 0px !important;padding-top: 0px !important;padding-right: 0px !important;padding-bottom: 0px !important;padding-left: 0px !important;}&raquo;][vc_column width=&raquo;2\/3&#8243; css=&raquo;.vc_custom_1561484833907{margin-bottom: 0px !important;padding-top: 0px !important;padding-right: 0px !important;padding-bottom: 0px !important;padding-left: 0px !important;}&raquo;][vc_single_image image=&raquo;1269&#8243; img_size=&raquo;medium&raquo; alignment=&raquo;center&raquo; css=&raquo;.vc_custom_1706092469703{margin-top: 0px !important;margin-right: 0px !important;margin-bottom: 0px !important;margin-left: 0px !important;padding-top: 0px !important;padding-right: 0px !important;padding-bottom: 0px !important;padding-left: 0px !important;}&raquo;][\/vc_column][vc_column width=&raquo;1\/3&#8243; css=&raquo;.vc_custom_1569841463150{margin-bottom: 0px !important;padding-top: 35px !important;padding-right: 35px !important;padding-bottom: 35px !important;padding-left: 35px !important;background-color: #ffffff !important;}&raquo;][vc_custom_heading text=&raquo;\u00c5pningstider&raquo; font_container=&raquo;tag:h3|text_align:left&raquo; use_theme_fonts=&raquo;yes&raquo;][vc_column_text]Du finner oss i den nye delen av J\u00e6rhagen Kj\u00f8pesenter, ved samme inngang som Coop Express og Skyland trampolinepark.<\/p>\n<p>V\u00e5re \u00e5pningstider:<br \/>\nMandag til torsdag\u00a0 11-20<br \/>\nFredag og l\u00f8rdag\u00a0 11-21<br \/>\nS\u00f8ndag\u00a0 13-17<\/p>\n<p>Spesielle \u00e5pningstider:<br \/>\nFredag 1 Mai\u00a0 12-19<br \/>\nS\u00f8ndag 17 Mai\u00a0 12-19<br \/>\nTorsdag 14 Mai\u00a0 Stengt (kr.himmelsfarsdag)<br \/>\nL\u00f8rdag 23 Mai\u00a0 Stengt (pinse)<br \/>\nS\u00f8ndag 24 Mai\u00a0 Stengt (pinse)<br \/>\nMandag 25 Mai\u00a0 Stengt (pinse)<\/p>\n<p>Du kan bestille fra v\u00e5r hovedmeny fra kl. 12. Sm\u00f8rbr\u00f8d, rundstykker, wraps, kaker og andre sm\u00e5retter er tilgjengelig fra kl. 11 &#8211; 16. Kj\u00f8kkenet lukkes 1 time f\u00f8r stengetid.[\/vc_column_text][vc_btn title=&raquo;BESTILL BORD&raquo; color=&raquo;black&raquo; link=&raquo;url:https%3A%2F%2Fjonas-b.no%2Fklepp%2Fbestill-bord%2F|||&raquo;][vc_btn title=&raquo;BESTILL MAT OG DRIKKE TIL BORD&raquo; color=&raquo;black&raquo; link=&raquo;url:https%3A%2F%2Forder.weorder.com%2Frestaurant%2F22735|title:Bestill%20mat%20og%20drikke%20til%20bord||&raquo;][\/vc_column][\/vc_row][vc_row][vc_column][\/vc_column][\/vc_row][vc_row gap=&raquo;35&#8243; equal_height=&raquo;yes&raquo; css=&raquo;.vc_custom_1569860592324{margin-right: 0px !important;margin-bottom: 0px !important;margin-left: 0px !important;padding-top: 0px !important;padding-right: 0px !important;padding-bottom: 0px !important;padding-left: 0px !important;}&raquo;][vc_column width=&raquo;1\/3&#8243; css=&raquo;.vc_custom_1569841463150{margin-bottom: 0px !important;padding-top: 35px !important;padding-right: 35px !important;padding-bottom: 35px !important;padding-left: 35px !important;background-color: #ffffff !important;}&raquo;][vc_custom_heading text=&raquo;Velkommen til et minnerikt m\u00e5ltid&raquo; font_container=&raquo;tag:h3|text_align:left&raquo; use_theme_fonts=&raquo;yes&raquo;][vc_column_text]Hos oss vil du oppleve musikk og interi\u00f8r fra et lite stykke utland. Du kan ogs\u00e5 n\u00e5 nyte mat og drikke ute p\u00e5 v\u00e5r uteservering.<\/p>\n<p>For de som \u00f8nsker \u00e5 ta med mat hjem, tilbyr vi take away p\u00e5 de fleste rettene v\u00e5re. Take away kan enkelt og raskt bestilles <a href=\"https:\/\/order.weorder.com\/app\/jonasbklepp\">her<\/a> eller ved \u00e5 ringe <a href=\"tel:91182500\">911 82\u00a0500<\/a><a href=\"tel:46861612\">\u00a0<\/a>[\/vc_column_text][vc_btn title=&raquo;TAKEAWAY&raquo; color=&raquo;black&raquo; link=&raquo;url:https%3A%2F%2Fjaerhagenmat.e-susoft.com%2Fproducts%2F|title:Take%20Away&raquo; css=&raquo;.vc_custom_1775768469335{border-radius: 2px !important;}&raquo;][\/vc_column][vc_column width=&raquo;2\/3&#8243; css=&raquo;.vc_custom_1561484833907{margin-bottom: 0px !important;padding-top: 0px !important;padding-right: 0px !important;padding-bottom: 0px !important;padding-left: 0px !important;}&raquo;][vc_single_image image=&raquo;584&#8243; img_size=&raquo;medium&raquo; alignment=&raquo;center&raquo; css=&raquo;.vc_custom_1571218600628{margin-top: 0px !important;margin-right: 0px !important;margin-bottom: 0px !important;margin-left: 0px !important;padding-top: 0px !important;padding-right: 0px !important;padding-bottom: 0px !important;padding-left: 0px !important;}&raquo;][\/vc_column][\/vc_row][vc_row gap=&raquo;35&#8243; equal_height=&raquo;yes&raquo; css=&raquo;.vc_custom_1571225465200{margin-right: 0px !important;margin-bottom: 0px !important;margin-left: 0px !important;padding-top: 0px !important;padding-right: 0px !important;padding-bottom: 0px !important;padding-left: 0px !important;}&raquo;][vc_column width=&raquo;2\/3&#8243; css=&raquo;.vc_custom_1561484156780{margin-bottom: 0px !important;padding-top: 0px !important;padding-right: 0px !important;padding-bottom: 0px !important;padding-left: 0px !important;}&raquo;][vc_single_image image=&raquo;671&#8243; img_size=&raquo;medium&raquo; alignment=&raquo;center&raquo; css=&raquo;.vc_custom_1571225476650{margin-top: 0px !important;margin-right: 0px !important;margin-bottom: 0px !important;margin-left: 0px !important;padding-top: 0px !important;padding-right: 0px !important;padding-bottom: 0px !important;padding-left: 0px !important;}&raquo;][\/vc_column][vc_column width=&raquo;1\/3&#8243; css=&raquo;.vc_custom_1568611020438{margin-bottom: 0px !important;padding-top: 35px !important;padding-right: 35px !important;padding-bottom: 35px !important;padding-left: 35px !important;background-color: #ffffff !important;}&raquo;][vc_custom_heading text=&raquo;Har du lyst til \u00e5 jobbe hos oss?&raquo; font_container=&raquo;tag:h3|text_align:left&raquo; use_theme_fonts=&raquo;yes&raquo;][vc_column_text]Bli en del av v\u00e5rt herlige team Jonas B.!<\/p>\n<p><a href=\"https:\/\/jonas-b.no\/klepp\/ledige-stillinger\/\" rel=\"noopener noreferrer\">LES MER OM LEDIGE STILLINGER<\/a>[\/vc_column_text][\/vc_column][\/vc_row][\/vc_section][vc_section disable_element=&raquo;yes&raquo;][vc_row css=&raquo;.vc_custom_1569422180774{margin-top: 85px !important;margin-bottom: 15px !important;padding-top: 0px !important;padding-bottom: 0px !important;}&raquo;][vc_column][vc_custom_heading text=&raquo;Opplevelser p\u00e5 Jonas B.&raquo; font_container=&raquo;tag:h1|text_align:center&raquo; use_theme_fonts=&raquo;yes&raquo; el_class=&raquo;callout__heading&raquo;][\/vc_column][\/vc_row][vc_row css=&raquo;.vc_custom_1583922731488{margin-right: 0px !important;margin-left: 0px !important;}&raquo;][vc_column][vc_column_text]<!=========Grid View Template 2.1.1=========><div id=\"ect-grid-wrapper\" class=\"tect-grid-wrapper ect-grid-view-style-1 all\"><div class=\"row\"><\/div><\/div><div class=\"ect-no-events\"><p>There are no upcoming events at this time.<\/p><\/div>[\/vc_column_text][\/vc_column][\/vc_row][\/vc_section][vc_section full_width=&raquo;stretch_row_content&raquo; css=&raquo;.vc_custom_1561488501773{padding-top: 0px !important;padding-right: 0px !important;padding-bottom: 0px !important;padding-left: 0px !important;}&raquo;][vc_row][vc_column][vc_empty_space][\/vc_column][\/vc_row][vc_row full_width=&raquo;stretch_row_content_no_spaces&raquo; css=&raquo;.vc_custom_1569830816202{margin-top: 0px !important;margin-right: 0px !important;margin-bottom: 0px !important;margin-left: 0px !important;padding-top: 0px !important;padding-right: 0px !important;padding-bottom: 0px !important;padding-left: 0px !important;}&raquo;][vc_column]<div class=\"google-map-wrapper no_border\"><div class=\"google-map\" id=\"google-map-area-69f1673376424\" style=\"width:100%; height:400px; \">&nbsp;<\/div><\/div>\n[\/vc_column][\/vc_row][\/vc_section]<\/p>\n<\/section>","protected":false},"excerpt":{"rendered":"<p>[vc_section full_width=&raquo;stretch_row&raquo; full_height=&raquo;yes&raquo; content_placement=&raquo;middle&raquo; css=&raquo;.vc_custom_1653908885628{margin-top: 0px !important;margin-bottom: 0px !important;padding-top: 80px !important;background-image: url(https:\/\/jonas-b.no\/klepp\/wp-content\/uploads\/sites\/4\/2020\/04\/8B1A4349.jpg?id=774) !important;background-position: center !important;background-repeat: no-repeat !important;background-size: cover !important;}&raquo;][vc_row][vc_column][vc_column_text el_class=&raquo;header_title&raquo;] Velkommen til Jonas B. Klepp [\/vc_column_text][vc_custom_heading<span class=\"excerpt-hellip\"> [\u2026]<\/span><\/p>\n","protected":false},"author":1,"featured_media":0,"parent":0,"menu_order":0,"comment_status":"closed","ping_status":"closed","template":"","meta":{"footnotes":""},"_links":{"self":[{"href":"https:\/\/jonas-b.no\/klepp\/wp-json\/wp\/v2\/pages\/73"}],"collection":[{"href":"https:\/\/jonas-b.no\/klepp\/wp-json\/wp\/v2\/pages"}],"about":[{"href":"https:\/\/jonas-b.no\/klepp\/wp-json\/wp\/v2\/types\/page"}],"author":[{"embeddable":true,"href":"https:\/\/jonas-b.no\/klepp\/wp-json\/wp\/v2\/users\/1"}],"replies":[{"embeddable":true,"href":"https:\/\/jonas-b.no\/klepp\/wp-json\/wp\/v2\/comments?post=73"}],"version-history":[{"count":164,"href":"https:\/\/jonas-b.no\/klepp\/wp-json\/wp\/v2\/pages\/73\/revisions"}],"predecessor-version":[{"id":1586,"href":"https:\/\/jonas-b.no\/klepp\/wp-json\/wp\/v2\/pages\/73\/revisions\/1586"}],"wp:attachment":[{"href":"https:\/\/jonas-b.no\/klepp\/wp-json\/wp\/v2\/media?parent=73"}],"curies":[{"name":"wp","href":"https:\/\/api.w.org\/{rel}","templated":true}]}}