{"id":725,"date":"2020-03-03T10:47:26","date_gmt":"2020-03-03T09:47:26","guid":{"rendered":"https:\/\/jonas-b.no\/klepp\/?page_id=725"},"modified":"2026-04-09T23:04:31","modified_gmt":"2026-04-09T21:04:31","slug":"bestill-bord","status":"publish","type":"page","link":"https:\/\/jonas-b.no\/klepp\/bestill-bord\/","title":{"rendered":"Bestill bord"},"content":{"rendered":"<section class=\"wpb-content-wrapper\"><p>[vc_row css=&raquo;.vc_custom_1569845887878{margin-top: 35px !important;margin-bottom: 20px !important;}&raquo;][vc_column][vc_custom_heading text=&raquo;Bestill bord p\u00e5 Klepp&raquo; font_container=&raquo;tag:h1|text_align:center&raquo; use_theme_fonts=&raquo;yes&raquo;][\/vc_column][\/vc_row][vc_row gap=&raquo;35&#8243; equal_height=&raquo;yes&raquo; css=&raquo;.vc_custom_1569853653752{margin-right: 0px !important;margin-bottom: 0px !important;margin-left: 0px !important;padding-top: 0px !important;padding-right: 0px !important;padding-bottom: 0px !important;padding-left: 0px !important;}&raquo;][vc_column width=&raquo;2\/3&#8243; css=&raquo;.vc_custom_1583228692374{margin-bottom: 0px !important;padding-top: 0px !important;padding-right: 0px !important;padding-bottom: 0px !important;padding-left: 0px !important;background-color: #ffffff !important;}&raquo;][vc_raw_html]JTNDc2NyaXB0JTIwdHlwZSUzRCUyMnRleHQlMkZqYXZhc2NyaXB0JTIyJTIwc3JjJTNEJTIyaHR0cHMlM0ElMkYlMkZib29raW5nLnJlc2RpYXJ5LmNvbSUyRmJ1bmRsZXMlMkZqcXVlcnkuanMlMjIlM0UlM0MlMkZzY3JpcHQlM0UlMEElMEElM0NkaXYlMjBpZCUzRCUyMnJkLXdpZGdldC1mcmFtZSUyMiUyMHN0eWxlJTNEJTIybWF4LXdpZHRoJTNBJTIwNjAwcHglM0IlMjBtYXJnaW4lM0ElMjBhdXRvJTNCJTIyJTNFJTNDJTJGZGl2JTNFJTBBJTBBJTNDaW5wdXQlMjBpZCUzRCUyMnJkd2lkZ2V0dXJsJTIyJTIwbmFtZSUzRCUyMnJkd2lkZ2V0dXJsJTIyJTIwdmFsdWUlM0QlMjJodHRwcyUzQSUyRiUyRmJvb2tpbmcucmVzZGlhcnkuY29tJTJGd2lkZ2V0JTJGU3RhbmRhcmQlMkZKb25hc0JLbGVwcCUyRjE0NzU0JTNGaW5jbHVkZUpxdWVyeSUzRGZhbHNlJTIyJTIwdHlwZSUzRCUyMmhpZGRlbiUyMiUzRSUwQSUzQ3NjcmlwdCUyMHR5cGUlM0QlMjJ0ZXh0JTJGamF2YXNjcmlwdCUyMiUyMHNyYyUzRCUyMmh0dHBzJTNBJTJGJTJGYm9va2luZy5yZXNkaWFyeS5jb20lMkZidW5kbGVzJTJGV2lkZ2V0VjJMb2FkZXIuanMlMjIlM0UlM0MlMkZzY3JpcHQlM0U=[\/vc_raw_html][\/vc_column][vc_column width=&raquo;1\/3&#8243; css=&raquo;.vc_custom_1569841785326{margin-bottom: 0px !important;padding-top: 35px !important;padding-right: 35px !important;padding-bottom: 35px !important;padding-left: 35px !important;background-color: #ffffff !important;}&raquo;][vc_custom_heading text=&raquo;Bestill bord&raquo; font_container=&raquo;tag:h3|text_align:left&raquo; use_theme_fonts=&raquo;yes&raquo;][vc_column_text]Skal du sikre deg plasser rundt bordet til deg og dine, er det smart \u00e5 bestille p\u00e5 forh\u00e5nd. Da st\u00e5r det dekket og klart n\u00e5r dere kommer![\/vc_column_text][vc_custom_heading text=&raquo;Hovedmeny&raquo; font_container=&raquo;tag:h3|text_align:left&raquo; use_theme_fonts=&raquo;yes&raquo;][vc_column_text]Vi er nok mest kjent for \u00e5 servere ekte italiensk pizza, men har i tillegg b\u00e5de pasta, burger, fiskeretter og salater p\u00e5 menyen. Kj\u00f8kkenet stenger 1 time f\u00f8r, pizza kj\u00f8kken stenger 30 minutter f\u00f8r stenging.<\/p>\n<p>[\/vc_column_text][\/vc_column][\/vc_row]<\/p>\n<\/section>","protected":false},"excerpt":{"rendered":"<p>[vc_row css=&raquo;.vc_custom_1569845887878{margin-top: 35px !important;margin-bottom: 20px !important;}&raquo;][vc_column][vc_custom_heading text=&raquo;Bestill bord p\u00e5 Klepp&raquo; font_container=&raquo;tag:h1|text_align:center&raquo; use_theme_fonts=&raquo;yes&raquo;][\/vc_column][\/vc_row][vc_row gap=&raquo;35&#8243; equal_height=&raquo;yes&raquo; css=&raquo;.vc_custom_1569853653752{margin-right: 0px !important;margin-bottom: 0px !important;margin-left: 0px !important;padding-top: 0px !important;padding-right: 0px !important;padding-bottom: 0px<span class=\"excerpt-hellip\"> [\u2026]<\/span><\/p>\n","protected":false},"author":1,"featured_media":0,"parent":0,"menu_order":0,"comment_status":"closed","ping_status":"closed","template":"","meta":{"footnotes":""},"_links":{"self":[{"href":"https:\/\/jonas-b.no\/klepp\/wp-json\/wp\/v2\/pages\/725"}],"collection":[{"href":"https:\/\/jonas-b.no\/klepp\/wp-json\/wp\/v2\/pages"}],"about":[{"href":"https:\/\/jonas-b.no\/klepp\/wp-json\/wp\/v2\/types\/page"}],"author":[{"embeddable":true,"href":"https:\/\/jonas-b.no\/klepp\/wp-json\/wp\/v2\/users\/1"}],"replies":[{"embeddable":true,"href":"https:\/\/jonas-b.no\/klepp\/wp-json\/wp\/v2\/comments?post=725"}],"version-history":[{"count":10,"href":"https:\/\/jonas-b.no\/klepp\/wp-json\/wp\/v2\/pages\/725\/revisions"}],"predecessor-version":[{"id":1579,"href":"https:\/\/jonas-b.no\/klepp\/wp-json\/wp\/v2\/pages\/725\/revisions\/1579"}],"wp:attachment":[{"href":"https:\/\/jonas-b.no\/klepp\/wp-json\/wp\/v2\/media?parent=725"}],"curies":[{"name":"wp","href":"https:\/\/api.w.org\/{rel}","templated":true}]}}