{"id":596,"date":"2019-10-01T01:47:52","date_gmt":"2019-09-30T23:47:52","guid":{"rendered":"https:\/\/jonas.identy.no\/klepp\/?page_id=596"},"modified":"2019-10-01T01:47:52","modified_gmt":"2019-09-30T23:47:52","slug":"cookies","status":"publish","type":"page","link":"https:\/\/jonas-b.no\/klepp\/cookies\/","title":{"rendered":"Cookies"},"content":{"rendered":"<section class=\"wpb-content-wrapper\"><p>[vc_row css=&raquo;.vc_custom_1569845887878{margin-top: 35px !important;margin-bottom: 20px !important;}&raquo;][vc_column][vc_custom_heading text=&raquo;Cookies&raquo; font_container=&raquo;tag:h1|text_align:center&raquo; use_theme_fonts=&raquo;yes&raquo;][\/vc_column][\/vc_row][vc_row css=&raquo;.vc_custom_1569849699383{margin-right: 0px !important;margin-bottom: 0px !important;margin-left: 0px !important;padding-top: 0px !important;padding-right: 0px !important;padding-bottom: 0px !important;padding-left: 0px !important;}&raquo;][vc_column][vc_column_text css=&raquo;.vc_custom_1569887262683{padding-top: 35px !important;padding-right: 35px !important;padding-bottom: 35px !important;padding-left: 35px !important;background-color: #ffffff !important;}&raquo;]<\/p>\n<h4><span style=\"font-weight: 400;\">Informasjonskapsler (cookies)<\/span><\/h4>\n<p><b>&laquo;Cookies&raquo; \u2013 informasjonskapsler som lagres automatisk p\u00e5 din datamaskin:<\/b><\/p>\n<p><span style=\"font-weight: 400;\">N\u00e5r du bes\u00f8ker v\u00e5re nettsteder kan vi lagre data p\u00e5 din datamaskin i form av en &laquo;cookie&raquo; for \u00e5 kjenne igjen datamaskinen neste gang du bes\u00f8ker oss. Hvis du ikke vil motta cookies, kan du sette opp nettleseren din slik at den sletter alle cookies fra harddisken p\u00e5 datamaskinen, blokkerer alle cookies eller gir en melding f\u00f8r en cookie blir lagret.<\/span><\/p>\n<p>&nbsp;<\/p>\n<h4>Funksjonalitet<\/h4>\n<table style=\"width: 100%; border-color: #000000;\" border=\"1\" cellspacing=\"0\">\n<tbody>\n<tr>\n<td><strong>Cookie<\/strong><\/td>\n<td><strong>Form\u00e5l<\/strong><\/td>\n<td><strong>Databehandler<\/strong><\/td>\n<td><strong>Varighet<\/strong><\/td>\n<\/tr>\n<tr>\n<td style=\"vertical-align: top;\"><span style=\"font-weight: 400;\">wordpress_test_cookie<\/span><\/td>\n<td style=\"vertical-align: top;\"><span style=\"font-weight: 400;\">Brukes til \u00e5 sjekke om brukerens nettleser st\u00f8tter informasjonskapsler.<\/span><\/td>\n<td style=\"vertical-align: top;\"><span style=\"font-weight: 400;\">jonas-b.no<\/span><\/td>\n<td style=\"vertical-align: top;\"><span style=\"font-weight: 400;\">Session<\/span><\/td>\n<\/tr>\n<tr>\n<td style=\"vertical-align: top;\"><\/td>\n<td style=\"vertical-align: top;\"><\/td>\n<td style=\"vertical-align: top;\"><\/td>\n<td style=\"vertical-align: top;\"><\/td>\n<\/tr>\n<\/tbody>\n<\/table>\n<h4>Statistikk<\/h4>\n<table style=\"width: 100%;\" border=\"1\" cellspacing=\"0\">\n<tbody>\n<tr>\n<td style=\"width: 15.5132%;\"><strong>Cookie<\/strong><\/td>\n<td style=\"width: 49.2962%;\"><strong>Form\u00e5l<\/strong><\/td>\n<td style=\"width: 24.0469%;\"><strong>Databehandler<\/strong><\/td>\n<td style=\"width: 8.65103%;\"><strong>Varighet<\/strong><\/td>\n<\/tr>\n<tr>\n<td style=\"vertical-align: top; width: 15.5132%;\"><span style=\"font-weight: 400;\">_ga<\/span><\/td>\n<td style=\"vertical-align: top; width: 49.2962%;\"><span style=\"font-weight: 400;\">Registrerer en unik ID som brukes til \u00e5 generere statistiske data om hvordan den bes\u00f8kende bruker nettstedet.<\/span><\/td>\n<td style=\"vertical-align: top; width: 24.0469%;\"><span style=\"font-weight: 400;\">jonas-b.no<\/span> <span style=\"font-weight: 400;\">googletagmanager.com<\/span><\/td>\n<td style=\"vertical-align: top; width: 8.65103%;\">\u00a02 \u00e5r<\/td>\n<\/tr>\n<tr>\n<td style=\"vertical-align: top; width: 15.5132%;\"><span style=\"font-weight: 400;\">_gat<\/span><\/td>\n<td style=\"vertical-align: top; width: 49.2962%;\"><span style=\"font-weight: 400;\">Brukt av Google Analytics til behandling av foresp\u00f8rsler<\/span><\/td>\n<td style=\"vertical-align: top; width: 24.0469%;\">jonas-b.no<br \/>\ngoogletagmanager.com<\/td>\n<td style=\"vertical-align: top; width: 8.65103%;\">\u00a01 dag<\/td>\n<\/tr>\n<tr>\n<td style=\"vertical-align: top; width: 15.5132%;\"><span style=\"font-weight: 400;\">_gid<\/span><\/td>\n<td style=\"vertical-align: top; width: 49.2962%;\"><span style=\"font-weight: 400;\">Registrerer en unik ID som brukes til \u00e5 generere statistiske data om hvordan den bes\u00f8kende bruker nettstedet.<\/span><\/td>\n<td style=\"vertical-align: top; width: 24.0469%;\">jonas-b.no<br \/>\ngoogletagmanager.com<\/td>\n<td style=\"vertical-align: top; width: 8.65103%;\">\u00a01 dag<\/td>\n<\/tr>\n<tr>\n<td style=\"vertical-align: top; width: 15.5132%;\"><\/td>\n<td style=\"vertical-align: top; width: 49.2962%;\"><\/td>\n<td style=\"vertical-align: top; width: 24.0469%;\"><\/td>\n<td style=\"vertical-align: top; width: 8.65103%;\"><\/td>\n<\/tr>\n<\/tbody>\n<\/table>\n<h4>Marketing<\/h4>\n<table style=\"width: 100%;\" border=\"1\" cellspacing=\"0\">\n<tbody>\n<tr>\n<td><strong>Cookie<\/strong><\/td>\n<td><strong>Form\u00e5l<\/strong><\/td>\n<td><strong>Databehandler<\/strong><\/td>\n<td><strong>Varighet<\/strong><\/td>\n<\/tr>\n<tr>\n<td style=\"vertical-align: top;\">\u00a0<span style=\"font-weight: 400;\">_hjIncludedInSample<\/span><\/td>\n<td style=\"vertical-align: top;\"><span style=\"font-weight: 400;\">Bestemmer om brukerens navigasjon skal registreres i en bestemt statistisk plassholder.<\/span><\/td>\n<td style=\"vertical-align: top;\">jonas-b.no<br \/>\nhotjar.com<\/td>\n<td style=\"vertical-align: top;\">\u00a0Session<\/td>\n<\/tr>\n<tr>\n<td style=\"vertical-align: top;\"><span style=\"font-weight: 400;\">r\/collect<\/span><\/td>\n<td style=\"vertical-align: top;\"><span style=\"font-weight: 400;\">Brukes til \u00e5 sende data til Google Analytics om den bes\u00f8kende enhet og oppf\u00f8rsel. Sporer den bes\u00f8kende over enheter og markedsf\u00f8ringskanaler.<\/span><\/td>\n<td style=\"vertical-align: top;\">doubleclick.net<br \/>\ngoogletagmanager.com<\/td>\n<td style=\"vertical-align: top;\">\u00a0Session<\/td>\n<\/tr>\n<tr>\n<td style=\"vertical-align: top;\"><\/td>\n<td style=\"vertical-align: top;\"><\/td>\n<td style=\"vertical-align: top;\"><\/td>\n<td style=\"vertical-align: top;\"><\/td>\n<\/tr>\n<\/tbody>\n<\/table>\n<p>[\/vc_column_text][\/vc_column][\/vc_row]<\/p>\n<\/section>","protected":false},"excerpt":{"rendered":"<p>[vc_row css=&raquo;.vc_custom_1569845887878{margin-top: 35px !important;margin-bottom: 20px !important;}&raquo;][vc_column][vc_custom_heading text=&raquo;Cookies&raquo; font_container=&raquo;tag:h1|text_align:center&raquo; use_theme_fonts=&raquo;yes&raquo;][\/vc_column][\/vc_row][vc_row css=&raquo;.vc_custom_1569849699383{margin-right: 0px !important;margin-bottom: 0px !important;margin-left: 0px !important;padding-top: 0px !important;padding-right: 0px !important;padding-bottom: 0px !important;padding-left: 0px !important;}&raquo;][vc_column][vc_column_text css=&raquo;.vc_custom_1569887262683{padding-top: 35px<span class=\"excerpt-hellip\"> [\u2026]<\/span><\/p>\n","protected":false},"author":1,"featured_media":0,"parent":0,"menu_order":0,"comment_status":"closed","ping_status":"closed","template":"","meta":{"footnotes":""},"_links":{"self":[{"href":"https:\/\/jonas-b.no\/klepp\/wp-json\/wp\/v2\/pages\/596"}],"collection":[{"href":"https:\/\/jonas-b.no\/klepp\/wp-json\/wp\/v2\/pages"}],"about":[{"href":"https:\/\/jonas-b.no\/klepp\/wp-json\/wp\/v2\/types\/page"}],"author":[{"embeddable":true,"href":"https:\/\/jonas-b.no\/klepp\/wp-json\/wp\/v2\/users\/1"}],"replies":[{"embeddable":true,"href":"https:\/\/jonas-b.no\/klepp\/wp-json\/wp\/v2\/comments?post=596"}],"version-history":[{"count":1,"href":"https:\/\/jonas-b.no\/klepp\/wp-json\/wp\/v2\/pages\/596\/revisions"}],"predecessor-version":[{"id":597,"href":"https:\/\/jonas-b.no\/klepp\/wp-json\/wp\/v2\/pages\/596\/revisions\/597"}],"wp:attachment":[{"href":"https:\/\/jonas-b.no\/klepp\/wp-json\/wp\/v2\/media?parent=596"}],"curies":[{"name":"wp","href":"https:\/\/api.w.org\/{rel}","templated":true}]}}