{"id":1065,"date":"2025-01-20T07:22:46","date_gmt":"2025-01-20T06:22:46","guid":{"rendered":"https:\/\/jonas-b.no\/drammen\/?page_id=1065"},"modified":"2025-08-30T13:39:04","modified_gmt":"2025-08-30T11:39:04","slug":"lukket","status":"publish","type":"page","link":"https:\/\/jonas-b.no\/drammen\/","title":{"rendered":"Lukket"},"content":{"rendered":"<section class=\"wpb-content-wrapper\"><p>[vc_section][vc_row][vc_column][vc_custom_heading text=&raquo;Jonas B. Italian Diner i Drammen&raquo; font_container=&raquo;tag:h1|text_align:center&raquo; use_theme_fonts=&raquo;yes&raquo;][\/vc_column][\/vc_row][vc_row css=&raquo;.vc_custom_1569860874149{margin-right: 0px !important;margin-bottom: 0px !important;margin-left: 0px !important;padding-top: 0px !important;padding-right: 0px !important;padding-bottom: 0px !important;padding-left: 0px !important;}&raquo;][vc_column][vc_column_text css=&raquo;.vc_custom_1756553938656{padding-top: 35px !important;padding-right: 35px !important;padding-bottom: 35px !important;padding-left: 35px !important;background-color: #ffffff !important;}&raquo;]<\/p>\n<h3 style=\"text-align: center\">Jonas B. avslutter driften p\u00e5 Bragernes Torg<br \/>\n\u2013 men \u00f8nsker \u00e5 bli v\u00e6rende i Drammen<\/h3>\n<p>&nbsp;<\/p>\n<p style=\"text-align: center\">Etter 25 \u00e5r i Drammen har v\u00e5r lisensdriver valgt \u00e5 takke for f\u00f8lget \u2013 og samarbeidet med Jonas B.-kjeden ble avsluttet ved<br \/>\n\u00e5rsskiftet. Dette \u00e5pner for at nye investorer og drivere kan videreutvikle Jonas B. for kvalitetsbevisste drammensere.<\/p>\n<p style=\"text-align: center\">Vi har trivdes utrolig godt i Drammen og \u00f8nsker videre \u00e5 forbli en positiv kulturakt\u00f8r i bybildet i nye 25 \u00e5r. Derfor s\u00f8ker<br \/>\nvi etter \u201dden rette\u201d som ser verdien og mulighetene i v\u00e5r sterke merkevare \u2013 og som har tilgang til sentrumsn\u00e6re lokaler.<\/p>\n<p style=\"text-align: center\">\u201dSom lisenseier og konseptutvikler av Jonas B. h\u00e5per jeg at stafettpinnen i Drammen overtas av dyktige<br \/>\nfagfolk med energi, p\u00e5gangsmot og nye ideer\u201d, uttaler Tore Gjesteland entusiastisk.<\/p>\n<h4 style=\"text-align: center\">Kontaktperson<\/h4>\n<p style=\"text-align: center\">Tore Gjesteland<br \/>\nDaglig leder i Jonas B. Norge<br \/>\nMobil <a href=\"tel:90688993\">906 88 993<\/a><br \/>\nE-post <a href=\"mailto:tore@jbg.no\">tore@jbg.no<\/a><\/p>\n<p>&nbsp;<\/p>\n<p style=\"text-align: center\">I lokalene p\u00e5 torget finner dere n\u00e5 Marvins Diner. Konseptet er det samme \u2013 en identisk kopi av Jonas B. Italian Diner, men navnet er nytt<\/p>\n<p>\u00a0[\/vc_column_text][\/vc_column][\/vc_row][\/vc_section][vc_row][vc_column][\/vc_column][\/vc_row]<\/p>\n<\/section>","protected":false},"excerpt":{"rendered":"<p>[vc_section][vc_row][vc_column][vc_custom_heading text=&raquo;Jonas B. Italian Diner i Drammen&raquo; font_container=&raquo;tag:h1|text_align:center&raquo; use_theme_fonts=&raquo;yes&raquo;][\/vc_column][\/vc_row][vc_row css=&raquo;.vc_custom_1569860874149{margin-right: 0px !important;margin-bottom: 0px !important;margin-left: 0px !important;padding-top: 0px !important;padding-right: 0px !important;padding-bottom: 0px !important;padding-left: 0px !important;}&raquo;][vc_column][vc_column_text css=&raquo;.vc_custom_1756553938656{padding-top: 35px<span class=\"excerpt-hellip\"> [\u2026]<\/span><\/p>\n","protected":false},"author":1,"featured_media":0,"parent":0,"menu_order":0,"comment_status":"closed","ping_status":"closed","template":"","meta":{"footnotes":""},"_links":{"self":[{"href":"https:\/\/jonas-b.no\/drammen\/wp-json\/wp\/v2\/pages\/1065"}],"collection":[{"href":"https:\/\/jonas-b.no\/drammen\/wp-json\/wp\/v2\/pages"}],"about":[{"href":"https:\/\/jonas-b.no\/drammen\/wp-json\/wp\/v2\/types\/page"}],"author":[{"embeddable":true,"href":"https:\/\/jonas-b.no\/drammen\/wp-json\/wp\/v2\/users\/1"}],"replies":[{"embeddable":true,"href":"https:\/\/jonas-b.no\/drammen\/wp-json\/wp\/v2\/comments?post=1065"}],"version-history":[{"count":5,"href":"https:\/\/jonas-b.no\/drammen\/wp-json\/wp\/v2\/pages\/1065\/revisions"}],"predecessor-version":[{"id":1076,"href":"https:\/\/jonas-b.no\/drammen\/wp-json\/wp\/v2\/pages\/1065\/revisions\/1076"}],"wp:attachment":[{"href":"https:\/\/jonas-b.no\/drammen\/wp-json\/wp\/v2\/media?parent=1065"}],"curies":[{"name":"wp","href":"https:\/\/api.w.org\/{rel}","templated":true}]}}