{"id":86,"date":"2019-09-16T07:58:43","date_gmt":"2019-09-16T05:58:43","guid":{"rendered":"https:\/\/jonas.identy.no\/kristiansand\/?page_id=86"},"modified":"2023-09-27T16:05:24","modified_gmt":"2023-09-27T14:05:24","slug":"om-jonas-b","status":"publish","type":"page","link":"https:\/\/jonas-b.no\/algard\/om-jonas-b\/","title":{"rendered":"Om Jonas B"},"content":{"rendered":"<section class=\"wpb-content-wrapper\"><p>[vc_section][vc_row][vc_column][vc_custom_heading text=&raquo;Om Jonas B. \u00c5lg\u00e5rd&raquo; font_container=&raquo;tag:h1|text_align:center&raquo; use_theme_fonts=&raquo;yes&raquo;][\/vc_column][\/vc_row][vc_row css=&raquo;.vc_custom_1569860908869{margin-right: 0px !important;margin-bottom: 0px !important;margin-left: 0px !important;padding-top: 0px !important;padding-right: 0px !important;padding-bottom: 0px !important;padding-left: 0px !important;}&raquo;][vc_column][vc_single_image image=&raquo;2158&#8243; img_size=&raquo;large&raquo; alignment=&raquo;center&raquo; css=&raquo;.vc_custom_1695823522248{border-bottom-width: 0px !important;padding-bottom: 0px !important;}&raquo;][vc_column_text css=&raquo;.vc_custom_1695823438788{padding-top: 35px !important;padding-right: 35px !important;padding-bottom: 35px !important;padding-left: 35px !important;background-color: #ffffff !important;}&raquo;]<\/p>\n<h2 style=\"text-align: center\">Mye mer enn bare god mat og drikke!<\/h2>\n<p style=\"text-align: center\">Hvis dere ikke helt har bestemt dere \u2013 italiensk eller amerikansk p\u00e5 menyen, da ligger l\u00f8sningen hos oss \u2013 i den gamle Lokstallen. Hos Jonas B. f\u00e5r du det beste fra to verdener \u2013 pizza og pasta, men ogs\u00e5 mange andre spennende retter du kanskje ikke tenker p\u00e5 f\u00f8r du f\u00e5r dem presentert i menyen.<\/p>\n<p style=\"text-align: center\">Spennende mat med solide r\u00f8tter i italiensk og amerikansk matkultur, et interi\u00f8r som du synes er koselig og musikk som kler et godt m\u00e5ltid \u2013 bare skrudd ned n\u00e5r det er konsert p\u00e5 den flotte plassen utenfor.<\/p>\n<p style=\"text-align: center\">.<\/p>\n<p style=\"text-align: center\">Velkommen til oss!<\/p>\n<p>[\/vc_column_text][\/vc_column][\/vc_row][\/vc_section][vc_row gap=&raquo;35&#8243; equal_height=&raquo;yes&raquo; disable_element=&raquo;yes&raquo; css=&raquo;.vc_custom_1652443405920{margin-right: 0px !important;margin-bottom: 0px !important;margin-left: 0px !important;padding-top: 0px !important;padding-right: 0px !important;padding-bottom: 0px !important;padding-left: 0px !important;}&raquo; el_id=&raquo;nyhet&raquo;][vc_column width=&raquo;1\/3&#8243; css=&raquo;.vc_custom_1569841766888{margin-bottom: 0px !important;padding-top: 35px !important;padding-right: 35px !important;padding-bottom: 35px !important;padding-left: 35px !important;background-color: #ffffff !important;}&raquo;][vc_custom_heading text=&raquo;Nyhet!&raquo; font_container=&raquo;tag:h3|text_align:left&raquo; use_theme_fonts=&raquo;yes&raquo;][vc_column_text]Endelig f\u00e5r du milkshakes p\u00e5 Jonas B!<\/p>\n<p>Velg mellom 3 ulike smaker:<\/p>\n<ul>\n<li><strong>Jordb\u00e6r:<\/strong>\u00a0R\u00f8rte jordb\u00e6r, friske jordb\u00e6r, pisket krem og t\u00f8rkede jordb\u00e6r.<\/li>\n<li><strong>Sjokolade:<\/strong>\u00a0M\u00f8rk sjokolade fra Valhrona, pisket krem og brente marshmallows.<\/li>\n<li><strong>Vanilje:<\/strong>\u00a0Bourbonvanilje, pisket krem og kirseb\u00e6r.<\/li>\n<\/ul>\n<p>[\/vc_column_text][\/vc_column][vc_column width=&raquo;2\/3&#8243; css=&raquo;.vc_custom_1561484156780{margin-bottom: 0px !important;padding-top: 0px !important;padding-right: 0px !important;padding-bottom: 0px !important;padding-left: 0px !important;}&raquo;][vc_single_image image=&raquo;571&#8243; img_size=&raquo;medium&raquo; alignment=&raquo;center&raquo; css=&raquo;.vc_custom_1569876559344{margin-top: 0px !important;margin-right: 0px !important;margin-bottom: 0px !important;margin-left: 0px !important;padding-top: 0px !important;padding-right: 0px !important;padding-bottom: 0px !important;padding-left: 0px !important;}&raquo;][\/vc_column][\/vc_row][vc_row gap=&raquo;35&#8243; equal_height=&raquo;yes&raquo; disable_element=&raquo;yes&raquo; css=&raquo;.vc_custom_1606830657709{margin-right: 0px !important;margin-bottom: 0px !important;margin-left: 0px !important;padding-top: 0px !important;padding-right: 0px !important;padding-bottom: 0px !important;padding-left: 0px !important;}&raquo; el_id=&raquo;sparklingsaturdays&raquo;][vc_column width=&raquo;2\/3&#8243; css=&raquo;.vc_custom_1561484833907{margin-bottom: 0px !important;padding-top: 0px !important;padding-right: 0px !important;padding-bottom: 0px !important;padding-left: 0px !important;}&raquo;][vc_single_image image=&raquo;576&#8243; img_size=&raquo;medium&raquo; alignment=&raquo;center&raquo; css=&raquo;.vc_custom_1569877893074{margin-top: 0px !important;margin-right: 0px !important;margin-bottom: 0px !important;margin-left: 0px !important;padding-top: 0px !important;padding-right: 0px !important;padding-bottom: 0px !important;padding-left: 0px !important;}&raquo;][\/vc_column][vc_column width=&raquo;1\/3&#8243; css=&raquo;.vc_custom_1569841785326{margin-bottom: 0px !important;padding-top: 35px !important;padding-right: 35px !important;padding-bottom: 35px !important;padding-left: 35px !important;background-color: #ffffff !important;}&raquo;][vc_custom_heading text=&raquo;Sparkling Saturdays&raquo; font_container=&raquo;tag:h3|text_align:left&raquo; use_theme_fonts=&raquo;yes&raquo;][vc_column_text]<\/p>\n<h5>L\u00d8RDAGEN ER H\u00d8YDEPUNKTET I UKEN!<\/h5>\n<p>L\u00f8rdagene har aldri v\u00e6rt triveligere p\u00e5 Torvet i Kristiansand! V\u00e5r Sparkling Saturday Lunch arrangeres hver l\u00f8rdag fra klokken 12 til 17.<\/p>\n<p><strong>SPARKLING SATURDAY LUNCH<\/strong><\/p>\n<ul>\n<li>Digg snacks og delemat fra kj\u00f8kkenet<\/li>\n<li>Dagens utvalgte pizza for deling<\/li>\n<li>Et glass sprudlende<\/li>\n<\/ul>\n<p>279,- per person (min. 2 personer)<\/p>\n<p>Ekstra glass sprudlende drikke fra 59,-<\/p>\n<p><a href=\"https:\/\/jonas-b.no\/algard\/bestill-bord\/\">BESTILL BORD<\/a>[\/vc_column_text][\/vc_column][\/vc_row][vc_row gap=&raquo;35&#8243; equal_height=&raquo;yes&raquo; disable_element=&raquo;yes&raquo; css=&raquo;.vc_custom_1588940519224{margin-right: 0px !important;margin-bottom: 0px !important;margin-left: 0px !important;padding-top: 0px !important;padding-right: 0px !important;padding-bottom: 0px !important;padding-left: 0px !important;}&raquo; el_id=&raquo;studentpizza&raquo;][vc_column width=&raquo;1\/3&#8243; css=&raquo;.vc_custom_1569841766888{margin-bottom: 0px !important;padding-top: 35px !important;padding-right: 35px !important;padding-bottom: 35px !important;padding-left: 35px !important;background-color: #ffffff !important;}&raquo;][vc_custom_heading text=&raquo;Studentpizza&raquo; font_container=&raquo;tag:h3|text_align:left&raquo; use_theme_fonts=&raquo;yes&raquo;][vc_column_text]Hver torsdag f\u00e5r studenter utvalgte pizza for kun kr 100,-<\/p>\n<p>Ta lunsjen hos oss sammen med kollokviegruppen eller start kveldens festligheter her hos oss.[\/vc_column_text][\/vc_column][vc_column width=&raquo;2\/3&#8243; css=&raquo;.vc_custom_1561484156780{margin-bottom: 0px !important;padding-top: 0px !important;padding-right: 0px !important;padding-bottom: 0px !important;padding-left: 0px !important;}&raquo;][vc_single_image image=&raquo;327&#8243; img_size=&raquo;medium&raquo; alignment=&raquo;center&raquo; css=&raquo;.vc_custom_1569877204594{margin-top: 0px !important;margin-right: 0px !important;margin-bottom: 0px !important;margin-left: 0px !important;padding-top: 0px !important;padding-right: 0px !important;padding-bottom: 0px !important;padding-left: 0px !important;}&raquo;][\/vc_column][\/vc_row][vc_row gap=&raquo;35&#8243; equal_height=&raquo;yes&raquo; disable_element=&raquo;yes&raquo; css=&raquo;.vc_custom_1606830667548{margin-right: 0px !important;margin-bottom: 0px !important;margin-left: 0px !important;padding-top: 0px !important;padding-right: 0px !important;padding-bottom: 0px !important;padding-left: 0px !important;}&raquo; el_id=&raquo;afterwork&raquo;][vc_column width=&raquo;2\/3&#8243; css=&raquo;.vc_custom_1561484833907{margin-bottom: 0px !important;padding-top: 0px !important;padding-right: 0px !important;padding-bottom: 0px !important;padding-left: 0px !important;}&raquo;][vc_single_image image=&raquo;568&#8243; img_size=&raquo;medium&raquo; alignment=&raquo;center&raquo; css=&raquo;.vc_custom_1569877266000{margin-top: 0px !important;margin-right: 0px !important;margin-bottom: 0px !important;margin-left: 0px !important;padding-top: 0px !important;padding-right: 0px !important;padding-bottom: 0px !important;padding-left: 0px !important;}&raquo;][\/vc_column][vc_column width=&raquo;1\/3&#8243; css=&raquo;.vc_custom_1569841785326{margin-bottom: 0px !important;padding-top: 35px !important;padding-right: 35px !important;padding-bottom: 35px !important;padding-left: 35px !important;background-color: #ffffff !important;}&raquo;][vc_custom_heading text=&raquo;After Work&raquo; font_container=&raquo;tag:h3|text_align:left&raquo; use_theme_fonts=&raquo;yes&raquo;][vc_column_text]Bedrift eller en gjeng kollegaer?<br \/>\nLag After Work-avtale som gir gode fordeler!<\/p>\n<p>Redusert pris p\u00e5 utvalgte \u00f8lsorter, husets r\u00f8de og hvite, og ikke minst Jonasburger til kun 200,-<\/p>\n<p>Gi beskjed ved ankomst eller bestill aller helst i forveien.<\/p>\n<p>HVERDAGER FRA KL. 16.00[\/vc_column_text][\/vc_column][\/vc_row]<\/p>\n<\/section>","protected":false},"excerpt":{"rendered":"<p>[vc_section][vc_row][vc_column][vc_custom_heading text=&raquo;Om Jonas B. \u00c5lg\u00e5rd&raquo; font_container=&raquo;tag:h1|text_align:center&raquo; use_theme_fonts=&raquo;yes&raquo;][\/vc_column][\/vc_row][vc_row css=&raquo;.vc_custom_1569860908869{margin-right: 0px !important;margin-bottom: 0px !important;margin-left: 0px !important;padding-top: 0px !important;padding-right: 0px !important;padding-bottom: 0px !important;padding-left: 0px !important;}&raquo;][vc_column][vc_single_image image=&raquo;2158&#8243; img_size=&raquo;large&raquo; alignment=&raquo;center&raquo; css=&raquo;.vc_custom_1695823522248{border-bottom-width:<span class=\"excerpt-hellip\"> [\u2026]<\/span><\/p>\n","protected":false},"author":1,"featured_media":0,"parent":0,"menu_order":0,"comment_status":"closed","ping_status":"closed","template":"","meta":{"footnotes":""},"_links":{"self":[{"href":"https:\/\/jonas-b.no\/algard\/wp-json\/wp\/v2\/pages\/86"}],"collection":[{"href":"https:\/\/jonas-b.no\/algard\/wp-json\/wp\/v2\/pages"}],"about":[{"href":"https:\/\/jonas-b.no\/algard\/wp-json\/wp\/v2\/types\/page"}],"author":[{"embeddable":true,"href":"https:\/\/jonas-b.no\/algard\/wp-json\/wp\/v2\/users\/1"}],"replies":[{"embeddable":true,"href":"https:\/\/jonas-b.no\/algard\/wp-json\/wp\/v2\/comments?post=86"}],"version-history":[{"count":17,"href":"https:\/\/jonas-b.no\/algard\/wp-json\/wp\/v2\/pages\/86\/revisions"}],"predecessor-version":[{"id":2161,"href":"https:\/\/jonas-b.no\/algard\/wp-json\/wp\/v2\/pages\/86\/revisions\/2161"}],"wp:attachment":[{"href":"https:\/\/jonas-b.no\/algard\/wp-json\/wp\/v2\/media?parent=86"}],"curies":[{"name":"wp","href":"https:\/\/api.w.org\/{rel}","templated":true}]}}