{"id":73,"date":"2019-09-16T06:52:56","date_gmt":"2019-09-16T04:52:56","guid":{"rendered":"https:\/\/jonas.identy.no\/kristiansand\/?page_id=73"},"modified":"2025-08-31T12:17:29","modified_gmt":"2025-08-31T10:17:29","slug":"forside","status":"publish","type":"page","link":"https:\/\/jonas-b.no\/algard\/","title":{"rendered":"Forside"},"content":{"rendered":"<section class=\"wpb-content-wrapper\"><p>[vc_section full_width=&raquo;stretch_row&raquo; full_height=&raquo;yes&raquo; content_placement=&raquo;middle&raquo; css=&raquo;.vc_custom_1676989053155{margin-top: 0px !important;margin-right: 0px !important;margin-bottom: 0px !important;margin-left: 0px !important;background-image: url(https:\/\/jonas-b.no\/algard\/wp-content\/uploads\/sites\/9\/2023\/02\/Overblikk_JonasB_algard.jpg?id=2073) !important;background-position: center !important;background-repeat: no-repeat !important;background-size: cover !important;}&raquo;][vc_row disable_element=&raquo;yes&raquo;][vc_column width=&raquo;1\/2&#8243;][vc_btn title=&raquo;BESTILL BORD&raquo; style=&raquo;custom&raquo; custom_background=&raquo;#c1a160&#8243; custom_text=&raquo;#0a0a0a&raquo; size=&raquo;lg&raquo; align=&raquo;center&raquo; button_block=&raquo;true&raquo; link=&raquo;url:https%3A%2F%2Fjonas-b.no%2Falgard%2Fbestill-bord%2F|title:Bestill%20bord|target:%20_blank|&raquo;][\/vc_column][vc_column width=&raquo;1\/2&#8243;][vc_btn title=&raquo;BESTILL TAKE AWAY&raquo; style=&raquo;custom&raquo; custom_background=&raquo;#c1a160&#8243; custom_text=&raquo;#0a0a0a&raquo; size=&raquo;lg&raquo; align=&raquo;center&raquo; button_block=&raquo;true&raquo; link=&raquo;url:https%3A%2F%2Forder.gastroplanner.no%2Fs%2FAKKEV|title:Bestill%20Take%20Away|target:%20_blank|&raquo;][\/vc_column][\/vc_row][vc_row disable_element=&raquo;yes&raquo;][vc_column][vc_custom_heading text=&raquo;Vi vil informere om at siste dag f\u00f8r juleferien er<br \/>\nden 22. desember. Vi \u00f8nsker ogs\u00e5 \u00e5 takke alle<br \/>\nsom har st\u00f8ttet oss gjennom \u00e5ret \u2013 vi setter stor<br \/>\npris p\u00e5 hver og en av dere!<\/p>\n<p>Vi \u00f8nsker dere alle en fredfull og gledelig jul, og<br \/>\net fantastisk godt nytt \u00e5r! Hjertelig velkommen<br \/>\ntilbake n\u00e5r vi \u00e5pner igjen den 8. januar 2025. Vi<br \/>\nser frem til \u00e5 dele flere gode m\u00e5ltider og minner<br \/>\nmed dere i det nye \u00e5ret.&raquo; font_container=&raquo;tag:h2|text_align:center|color:%23ffffff&raquo; use_theme_fonts=&raquo;yes&raquo; css_animation=&raquo;fadeInDown&raquo;][\/vc_column][\/vc_row][\/vc_section][vc_section css=&raquo;.vc_custom_1561483648914{margin-bottom: 0px !important;}&raquo;][vc_row disable_element=&raquo;yes&raquo;][vc_column][vc_custom_heading text=&raquo;Jonas B. er en Italian Diner i Kristiansand med god mat og drikke,<br \/>\nglade servit\u00f8rer, og helt spesielle lokaler.&raquo; font_container=&raquo;tag:h2|text_align:center&raquo; use_theme_fonts=&raquo;yes&raquo;][\/vc_column][\/vc_row][vc_row gap=&raquo;35&#8243; equal_height=&raquo;yes&raquo; disable_element=&raquo;yes&raquo; css=&raquo;.vc_custom_1704381910257{margin-right: 0px !important;margin-bottom: 0px !important;margin-left: 0px !important;padding-top: 0px !important;padding-right: 0px !important;padding-bottom: 0px !important;padding-left: 0px !important;}&raquo;][vc_column width=&raquo;1\/3&#8243; css=&raquo;.vc_custom_1568611020438{margin-bottom: 0px !important;padding-top: 35px !important;padding-right: 35px !important;padding-bottom: 35px !important;padding-left: 35px !important;background-color: #ffffff !important;}&raquo;][vc_custom_heading text=&raquo;\u00c5pningstider i romjulen&raquo; font_container=&raquo;tag:h3|text_align:left&raquo; use_theme_fonts=&raquo;yes&raquo;][vc_column_text]Vi holder pizzakj\u00f8kkenet \u00e5pent hele romjulen! Ta turen innom for en hyggelig romjulsfeiring.<\/p>\n<p>&nbsp;<\/p>\n<p>Vi vil \u00f8nske alle v\u00e5re gjester et godt nytt \u00e5r og takk for den flotte velkomsten vi har f\u00e5tt her p\u00e5 \u00c5lg\u00e5rd.[\/vc_column_text][\/vc_column][vc_column width=&raquo;2\/3&#8243; css=&raquo;.vc_custom_1561484156780{margin-bottom: 0px !important;padding-top: 0px !important;padding-right: 0px !important;padding-bottom: 0px !important;padding-left: 0px !important;}&raquo;][vc_single_image image=&raquo;2189&#8243; img_size=&raquo;medium&raquo; alignment=&raquo;center&raquo; css=&raquo;.vc_custom_1703669733669{margin-top: 0px !important;margin-right: 0px !important;margin-bottom: 0px !important;margin-left: 0px !important;padding-top: 0px !important;padding-right: 0px !important;padding-bottom: 0px !important;padding-left: 0px !important;}&raquo;][\/vc_column][\/vc_row][vc_row gap=&raquo;35&#8243; equal_height=&raquo;yes&raquo; css=&raquo;.vc_custom_1665745965041{margin-right: 0px !important;margin-bottom: 0px !important;margin-left: 0px !important;padding-top: 0px !important;padding-right: 0px !important;padding-bottom: 0px !important;padding-left: 0px !important;}&raquo;][vc_column width=&raquo;2\/3&#8243; css=&raquo;.vc_custom_1561484833907{margin-bottom: 0px !important;padding-top: 0px !important;padding-right: 0px !important;padding-bottom: 0px !important;padding-left: 0px !important;}&raquo;][vc_single_image image=&raquo;2158&#8243; img_size=&raquo;large&raquo; alignment=&raquo;center&raquo; css=&raquo;.vc_custom_1756635392639{margin-top: 0px !important;margin-right: 0px !important;margin-bottom: 0px !important;margin-left: 0px !important;padding-top: 0px !important;padding-right: 0px !important;padding-bottom: 0px !important;padding-left: 0px !important;}&raquo;][\/vc_column][vc_column width=&raquo;1\/3&#8243; css=&raquo;.vc_custom_1569841463150{margin-bottom: 0px !important;padding-top: 35px !important;padding-right: 35px !important;padding-bottom: 35px !important;padding-left: 35px !important;background-color: #ffffff !important;}&raquo;][vc_custom_heading text=&raquo;Kj\u00e6re \u00c5lg\u00e5rd&raquo; font_container=&raquo;tag:h3|text_align:left&raquo; use_theme_fonts=&raquo;yes&raquo;][vc_column_text]<\/p>\n<p style=\"font-weight: 400\">Jonas B. Italian Diner p\u00e5 \u00c5lg\u00e5rd \u00e5pner dessverre ikke igjen<\/p>\n<p style=\"font-weight: 400\">Det er med stor beklagelse vi m\u00e5 informere om at Jonas B. Italian Diner p\u00e5 \u00c5lg\u00e5rd ikke vil \u00e5pne d\u00f8rene igjen. Til tross for iherdig innsats lyktes det ikke for lisensgiver, Jonas B. Gundersen Norge AS, \u00e5 rekruttere en kvalifisert driver med den erfaringen og kompetansen som kreves for \u00e5 videref\u00f8re konseptet.<\/p>\n<p style=\"font-weight: 400\">Vi synes dette er sv\u00e6rt trist. Publikum p\u00e5 \u00c5lg\u00e5rd \u2013 og ikke minst det flotte bygget med sine trivelige lokaler \u2013 hadde virkelig fortjent en fortsettelse med v\u00e5rt velrenommerte restaurantkonsept. Hos Jonas B. Italian Diner \u00f8nsker vi velkommen til pizzaelskere og alle som liker god mat, sosiale stunder, italiensk\/amerikansk stemning, lun musikk og en im\u00f8tekommende atmosf\u00e6re.<\/p>\n<p style=\"font-weight: 400\">For alle som vil fortsette \u00e5 nyte Jonas B.-opplevelsen, st\u00e5r v\u00e5re restauranter i Klepp, Lyngdal og Kongsberg klare til \u00e5 \u00f8nske dere velkommen.<\/p>\n<p style=\"font-weight: 400\">Vi vil rette en stor takk til alle som har vist interesse og engasjement, og vi h\u00e5per at vi p\u00e5 et senere tidspunkt kan komme tilbake med gode nyheter for publikum p\u00e5 \u00c5lg\u00e5rd.<\/p>\n<p>\u00a0[\/vc_column_text][\/vc_column][\/vc_row][vc_row gap=&raquo;35&#8243; equal_height=&raquo;yes&raquo; disable_element=&raquo;yes&raquo; css=&raquo;.vc_custom_1756635334705{margin-right: 0px !important;margin-bottom: 0px !important;margin-left: 0px !important;padding-top: 0px !important;padding-right: 0px !important;padding-bottom: 0px !important;padding-left: 0px !important;}&raquo;][vc_column width=&raquo;1\/3&#8243; css=&raquo;.vc_custom_1568611020438{margin-bottom: 0px !important;padding-top: 35px !important;padding-right: 35px !important;padding-bottom: 35px !important;padding-left: 35px !important;background-color: #ffffff !important;}&raquo;][vc_custom_heading text=&raquo;Glade verter og flinke kokker!&raquo; font_container=&raquo;tag:h3|text_align:left&raquo; use_theme_fonts=&raquo;yes&raquo;][vc_column_text]Jonas B \u00c5lg\u00e5rd s\u00f8ker blide og raske verter i god form som kan servere maten varm og drikken kald,<br \/>\nVi trenger ogs\u00e5 deg som trives best p\u00e5 kj\u00f8kkenet, med lidenskap for det flotte kokkefaget. Helst har du fyllt 20 \u00e5r, men det er ingen betingelse.<\/p>\n<p><a href=\"https:\/\/jonas-b.no\/algard\/ledige-stillinger\/\" rel=\"noopener noreferrer\">LES MER OM LEDIGE STILLINGER<\/a>[\/vc_column_text][\/vc_column][vc_column width=&raquo;2\/3&#8243; css=&raquo;.vc_custom_1561484156780{margin-bottom: 0px !important;padding-top: 0px !important;padding-right: 0px !important;padding-bottom: 0px !important;padding-left: 0px !important;}&raquo;][vc_single_image image=&raquo;2133&#8243; img_size=&raquo;medium&raquo; alignment=&raquo;center&raquo; css=&raquo;.vc_custom_1690195994562{margin-top: 0px !important;margin-right: 0px !important;margin-bottom: 0px !important;margin-left: 0px !important;padding-top: 0px !important;padding-right: 0px !important;padding-bottom: 0px !important;padding-left: 0px !important;}&raquo;][\/vc_column][\/vc_row][vc_row gap=&raquo;35&#8243; equal_height=&raquo;yes&raquo; disable_element=&raquo;yes&raquo; css=&raquo;.vc_custom_1678373173409{margin-right: 0px !important;margin-bottom: 0px !important;margin-left: 0px !important;padding-top: 0px !important;padding-right: 0px !important;padding-bottom: 0px !important;padding-left: 0px !important;}&raquo;][vc_column width=&raquo;2\/3&#8243; css=&raquo;.vc_custom_1561484833907{margin-bottom: 0px !important;padding-top: 0px !important;padding-right: 0px !important;padding-bottom: 0px !important;padding-left: 0px !important;}&raquo;][vc_single_image image=&raquo;95&#8243; img_size=&raquo;medium&raquo; alignment=&raquo;center&raquo; css=&raquo;.vc_custom_1569864072731{margin-top: 0px !important;margin-right: 0px !important;margin-bottom: 0px !important;margin-left: 0px !important;padding-top: 0px !important;padding-right: 0px !important;padding-bottom: 0px !important;padding-left: 0px !important;}&raquo;][\/vc_column][vc_column width=&raquo;1\/3&#8243; css=&raquo;.vc_custom_1568611071151{margin-bottom: 0px !important;padding-top: 35px !important;padding-right: 35px !important;padding-bottom: 35px !important;padding-left: 35px !important;background-color: #ffffff !important;}&raquo;][vc_custom_heading text=&raquo;Det beste fra to verdener&raquo; font_container=&raquo;tag:h3|text_align:left&raquo; use_theme_fonts=&raquo;yes&raquo;][vc_column_text]Velkommen til Perrongen &#8211; ditt perfekte stoppested for en avslappende opplevelse i hjertet av\u00a0\u00c5lg\u00e5rd! \u00a0V\u00e5r varierte meny har noe for enhver smak, fra\u00a0vedfyrte pizzaer til saftige burgere og deilige desserter.<\/p>\n<p>Med v\u00e5r avslappede og hyggelige atmosf\u00e6re, er Perrongen det perfekte stedet \u00e5 stoppe opp og\u00a0slappe av midt i \u00c5lg\u00e5rd. Enten du er ute etter en rask matbit eller en lengre pause, vil vi gj\u00f8re\u00a0v\u00e5rt ytterste for \u00e5 sikre at du har alt du trenger for en hyggelig opplevelse.<\/p>\n<p>S\u00e5 hopp av p\u00e5 Perrongen, ditt ideelle stoppested p\u00e5 \u00c5lg\u00e5rd. Vi ser frem til \u00e5 se deg.<\/p>\n<p><a href=\"https:\/\/jonas-b.no\/algard\/bestill-bord\/\" rel=\"noopener\">Bestill bord<\/a>[\/vc_column_text][\/vc_column][\/vc_row][vc_row gap=&raquo;35&#8243; equal_height=&raquo;yes&raquo; disable_element=&raquo;yes&raquo; css=&raquo;.vc_custom_1639523567345{margin-right: 0px !important;margin-bottom: 0px !important;margin-left: 0px !important;padding-top: 0px !important;padding-right: 0px !important;padding-bottom: 0px !important;padding-left: 0px !important;}&raquo;][vc_column width=&raquo;1\/3&#8243; css=&raquo;.vc_custom_1568611087679{margin-bottom: 0px !important;padding-top: 35px !important;padding-right: 35px !important;padding-bottom: 35px !important;padding-left: 35px !important;background-color: #ffffff !important;}&raquo;][vc_custom_heading text=&raquo;Velkommen til et minnerikt m\u00e5ltid&raquo; font_container=&raquo;tag:h3|text_align:left&raquo; use_theme_fonts=&raquo;yes&raquo;][vc_column_text]Opplev god musikk og mat fra et lite stykke utland.\u00a0Vil du samtidig nyte folkelivet ute, er det god plass p\u00e5 byens koseligste uteservering. Du finner oss midt p\u00e5 Torvet.<\/p>\n<p><a href=\"https:\/\/jonas-b.no\/kristiansand\/bestill-bord\/\">BESTILL BORD<\/a>[\/vc_column_text][\/vc_column][vc_column width=&raquo;2\/3&#8243; css=&raquo;.vc_custom_1561484156780{margin-bottom: 0px !important;padding-top: 0px !important;padding-right: 0px !important;padding-bottom: 0px !important;padding-left: 0px !important;}&raquo;][vc_single_image image=&raquo;938&#8243; img_size=&raquo;large&raquo; alignment=&raquo;center&raquo; css=&raquo;.vc_custom_1583748265662{margin-top: 0px !important;margin-right: 0px !important;margin-bottom: 0px !important;margin-left: 0px !important;padding-top: 0px !important;padding-right: 0px !important;padding-bottom: 0px !important;padding-left: 0px !important;}&raquo;][\/vc_column][\/vc_row][\/vc_section][vc_section][vc_row disable_element=&raquo;yes&raquo; css=&raquo;.vc_custom_1597751283623{margin-top: 85px !important;margin-bottom: 15px !important;padding-top: 0px !important;padding-bottom: 0px !important;}&raquo;][vc_column][vc_custom_heading text=&raquo;Opplevelser p\u00e5 Jonas B.&raquo; font_container=&raquo;tag:h1|text_align:center&raquo; use_theme_fonts=&raquo;yes&raquo; el_class=&raquo;callout__heading&raquo;][\/vc_column][\/vc_row][vc_row css=&raquo;.vc_custom_1598367552701{margin-right: 0px !important;margin-left: 0px !important;}&raquo;][vc_column][vc_column_text]<!=========Grid View Template 2.1.1=========><div id=\"ect-grid-wrapper\" class=\"tect-grid-wrapper ect-grid-view-style-1 all\"><div class=\"row\"><\/div><\/div><div class=\"ect-no-events\"><p>There are no upcoming events at this time.<\/p><\/div>[\/vc_column_text][\/vc_column][\/vc_row][\/vc_section][vc_section full_width=&raquo;stretch_row_content&raquo; css=&raquo;.vc_custom_1561488501773{padding-top: 0px !important;padding-right: 0px !important;padding-bottom: 0px !important;padding-left: 0px !important;}&raquo;][vc_row full_width=&raquo;stretch_row_content_no_spaces&raquo; css=&raquo;.vc_custom_1569830816202{margin-top: 0px !important;margin-right: 0px !important;margin-bottom: 0px !important;margin-left: 0px !important;padding-top: 0px !important;padding-right: 0px !important;padding-bottom: 0px !important;padding-left: 0px !important;}&raquo;][vc_column]<div class=\"google-map-wrapper no_border\"><div class=\"google-map\" id=\"google-map-area-69e173eab1dec\" style=\"width:100%; height:400px; \">&nbsp;<\/div><\/div>\n[\/vc_column][\/vc_row][\/vc_section]<\/p>\n<\/section>","protected":false},"excerpt":{"rendered":"<p>[vc_section full_width=&raquo;stretch_row&raquo; full_height=&raquo;yes&raquo; content_placement=&raquo;middle&raquo; css=&raquo;.vc_custom_1676989053155{margin-top: 0px !important;margin-right: 0px !important;margin-bottom: 0px !important;margin-left: 0px !important;background-image: url(https:\/\/jonas-b.no\/algard\/wp-content\/uploads\/sites\/9\/2023\/02\/Overblikk_JonasB_algard.jpg?id=2073) !important;background-position: center !important;background-repeat: no-repeat !important;background-size: cover !important;}&raquo;][vc_row disable_element=&raquo;yes&raquo;][vc_column width=&raquo;1\/2&#8243;][vc_btn title=&raquo;BESTILL BORD&raquo; style=&raquo;custom&raquo;<span class=\"excerpt-hellip\"> [\u2026]<\/span><\/p>\n","protected":false},"author":1,"featured_media":0,"parent":0,"menu_order":0,"comment_status":"closed","ping_status":"closed","template":"","meta":{"footnotes":""},"_links":{"self":[{"href":"https:\/\/jonas-b.no\/algard\/wp-json\/wp\/v2\/pages\/73"}],"collection":[{"href":"https:\/\/jonas-b.no\/algard\/wp-json\/wp\/v2\/pages"}],"about":[{"href":"https:\/\/jonas-b.no\/algard\/wp-json\/wp\/v2\/types\/page"}],"author":[{"embeddable":true,"href":"https:\/\/jonas-b.no\/algard\/wp-json\/wp\/v2\/users\/1"}],"replies":[{"embeddable":true,"href":"https:\/\/jonas-b.no\/algard\/wp-json\/wp\/v2\/comments?post=73"}],"version-history":[{"count":166,"href":"https:\/\/jonas-b.no\/algard\/wp-json\/wp\/v2\/pages\/73\/revisions"}],"predecessor-version":[{"id":2321,"href":"https:\/\/jonas-b.no\/algard\/wp-json\/wp\/v2\/pages\/73\/revisions\/2321"}],"wp:attachment":[{"href":"https:\/\/jonas-b.no\/algard\/wp-json\/wp\/v2\/media?parent=73"}],"curies":[{"name":"wp","href":"https:\/\/api.w.org\/{rel}","templated":true}]}}