{"id":1641,"date":"2020-10-27T09:30:05","date_gmt":"2020-10-27T08:30:05","guid":{"rendered":"https:\/\/jonas-b.no\/algard\/?page_id=1641"},"modified":"2025-05-23T09:57:52","modified_gmt":"2025-05-23T07:57:52","slug":"gavekort","status":"publish","type":"page","link":"https:\/\/jonas-b.no\/algard\/gavekort\/","title":{"rendered":"Gavekort"},"content":{"rendered":"<section class=\"wpb-content-wrapper\"><p>[vc_row disable_element=&raquo;yes&raquo;][vc_column width=&raquo;2\/12&#8243; offset=&raquo;vc_hidden-sm vc_hidden-xs&raquo;][\/vc_column][vc_column width=&raquo;8\/12&#8243; css=&raquo;.vc_custom_1605003410715{background-color: #ffffff !important;}&raquo;][vc_column_text]<br \/>\n[\/vc_column_text][vc_custom_heading text=&raquo;Like enkelt \u00e5 kj\u00f8pe<br \/>\n&#8211; som det blir hyggelig \u00e5 bruke.&raquo; font_container=&raquo;tag:h1|text_align:center&raquo; use_theme_fonts=&raquo;yes&raquo;][vc_message message_box_style=&raquo;solid&raquo; message_box_color=&raquo;white&raquo;]<strong>Gavekort som kj\u00f8pes her kan kun brukes p\u00e5 Jonas B. \u00c5lg\u00e5rd!<\/strong><\/p>\n<ol>\n<li>Klikk gavekortet under.<\/li>\n<li>Fyll inn informasjon om deg selv og mottaker<\/li>\n<li>Ta et nytt, eller finn fram et g\u00f8yalt bilde. Eller spill inn en hilsen og last opp.<\/li>\n<li>Velg tidspunktet for n\u00e5r den heldige f\u00e5r gaven.<\/li>\n<\/ol>\n<p>[\/vc_message][vc_raw_html]JTNDaWZyYW1lJTIwaWQlM0QlMjJnaWZ0Y2FyZC1zeXN0ZW0taWZyYW1lJTIyJTBBJTIwJTIwYWxsb3clM0QlMjJjYW1lcmElM0IlMjBtaWNyb3Bob25lJTIyJTBBJTIwJTIwd2lkdGglM0QlMjIxMDAlMjUlMjIlMEElMjAlMjBoZWlnaHQlM0QlMjIxMjAwJTIyJTBBJTIwJTIwc2Nyb2xsaW5nJTNEJTIybm8lMjIlMEElMjAlMjBzcmMlM0QlMjJodHRwcyUzQSUyRiUyRndlYnNob3AuZGlnZ2VjYXJkLmNvbSUyRm5vJTJGbWVyY2hhbnQlMkYyNjY1JTJGMjAlM0Zwcm92aWRlciUzRHdlYmZyYW1lJTIyJTNFJTBBJTNDJTJGaWZyYW1lJTNFJTBBJTNDc2NyaXB0JTNFJTBBJTIwJTIwdmFyJTIwaWZyYW1lJTIwJTNEJTIwZG9jdW1lbnQuZ2V0RWxlbWVudEJ5SWQlMjglMjdnaWZ0Y2FyZC1zeXN0ZW0taWZyYW1lJTI3JTI5JTNCJTBBJTIwJTIwd2luZG93LmFkZEV2ZW50TGlzdGVuZXIlMjglMjJtZXNzYWdlJTIyJTJDJTIwcmVjZWl2ZU1lc3NhZ2UlMkMlMjBmYWxzZSUyOSUzQiUwQSUyMCUyMGZ1bmN0aW9uJTIwcmVjZWl2ZU1lc3NhZ2UlMjhldmVudCUyOSUyMCU3QiUwQSUyMCUyMCUyMCUyMGlmJTIwJTI4ZXZlbnQuZGF0YS5oZWlnaHQlMjklMjAlN0IlMEElMjAlMjAlMjAlMjAlMjAlMjBpZnJhbWUuc2V0QXR0cmlidXRlJTI4JTI3aGVpZ2h0JTI3JTJDJTIwZXZlbnQuZGF0YS5oZWlnaHQlMjklM0IlMEElMjAlMjAlMjAlMjAlN0QlMEElMjAlMjAlN0QlMEElM0MlMkZzY3JpcHQlM0U=[\/vc_raw_html][\/vc_column][vc_column width=&raquo;2\/12&#8243;][\/vc_column][\/vc_row]<\/p>\n<\/section>","protected":false},"excerpt":{"rendered":"<p>[vc_row disable_element=&raquo;yes&raquo;][vc_column width=&raquo;2\/12&#8243; offset=&raquo;vc_hidden-sm vc_hidden-xs&raquo;][\/vc_column][vc_column width=&raquo;8\/12&#8243; css=&raquo;.vc_custom_1605003410715{background-color: #ffffff !important;}&raquo;][vc_column_text] [\/vc_column_text][vc_custom_heading text=&raquo;Like enkelt \u00e5 kj\u00f8pe &#8211; som det blir hyggelig \u00e5 bruke.&raquo; font_container=&raquo;tag:h1|text_align:center&raquo; use_theme_fonts=&raquo;yes&raquo;][vc_message message_box_style=&raquo;solid&raquo; message_box_color=&raquo;white&raquo;]Gavekort som<span class=\"excerpt-hellip\"> [\u2026]<\/span><\/p>\n","protected":false},"author":6,"featured_media":0,"parent":0,"menu_order":0,"comment_status":"closed","ping_status":"closed","template":"","meta":{"footnotes":""},"_links":{"self":[{"href":"https:\/\/jonas-b.no\/algard\/wp-json\/wp\/v2\/pages\/1641"}],"collection":[{"href":"https:\/\/jonas-b.no\/algard\/wp-json\/wp\/v2\/pages"}],"about":[{"href":"https:\/\/jonas-b.no\/algard\/wp-json\/wp\/v2\/types\/page"}],"author":[{"embeddable":true,"href":"https:\/\/jonas-b.no\/algard\/wp-json\/wp\/v2\/users\/6"}],"replies":[{"embeddable":true,"href":"https:\/\/jonas-b.no\/algard\/wp-json\/wp\/v2\/comments?post=1641"}],"version-history":[{"count":19,"href":"https:\/\/jonas-b.no\/algard\/wp-json\/wp\/v2\/pages\/1641\/revisions"}],"predecessor-version":[{"id":2313,"href":"https:\/\/jonas-b.no\/algard\/wp-json\/wp\/v2\/pages\/1641\/revisions\/2313"}],"wp:attachment":[{"href":"https:\/\/jonas-b.no\/algard\/wp-json\/wp\/v2\/media?parent=1641"}],"curies":[{"name":"wp","href":"https:\/\/api.w.org\/{rel}","templated":true}]}}